{"id":47329,"date":"2022-12-09T20:07:21","date_gmt":"2022-12-09T17:07:21","guid":{"rendered":"http:\/\/kalniaus-sodyba.lt\/?post_type=product&#038;p=47329"},"modified":"2026-04-07T14:05:09","modified_gmt":"2026-04-07T11:05:09","slug":"calltipi-namelis-is-stiklo-su-ofuro-vonia","status":"publish","type":"product","link":"https:\/\/kalniaus-sodyba.lt\/ru\/produktas\/calltipi-namelis-is-stiklo-su-ofuro-vonia\/","title":{"rendered":"CallTipi namelis i\u0161 stiklo su ofuro vonia"},"content":{"rendered":"<p>Poilsis gamtos apsuptyje dviem \u2013 tai, ko reikia norint pasim\u0117gauti romanti\u0161komis akimirkomis toliau nuo miesto \u0161urmulio. Vie\u0161nag\u0117 \u010dia \u2013 tai linguojan\u010dios egl\u0117s, mi\u0161ko garsai ir laikas tik su pa\u010diais artimiausiais m\u0117gaujantis gamtos privalumais bei teikiamu jaukumu!<\/p>\n","protected":false},"excerpt":{"rendered":"<p>J\u016bs\u0173 laukia romanti\u0161kas poilsis mi\u0161ke, stikliniame tipi namelyje dviems su ofuro vonios malonumais.<\/p>\n<p>Vasaros \u00a0savaitgaliais rezervacijos galimos ma\u017eiausiai dvejoms paroms.<\/p>\n<p>Kuponas negalioja \u0161ven\u010di\u0173 dienomis.<\/p>\n<p>&nbsp;<\/p>\n","protected":false},"featured_media":48482,"template":"","meta":[],"product_brand":[],"product_cat":[959,1014],"product_tag":[],"giftcard-category":[],"class_list":{"0":"post-47329","1":"product","2":"type-product","3":"status-publish","4":"has-post-thumbnail","6":"product_cat-dovanu-kuponas","7":"product_cat-nakvynes","9":"first","10":"instock","11":"virtual","12":"purchasable","13":"product-type-simple"},"translation":{"provider":"WPGlobus","version":"3.0.1","language":"ru","enabled_languages":["lt","en","ru"],"languages":{"lt":{"title":true,"content":true,"excerpt":true},"en":{"title":false,"content":false,"excerpt":false},"ru":{"title":false,"content":false,"excerpt":false}}},"yoast_head":"<!-- This site is optimized with the Yoast SEO plugin v26.6 - https:\/\/yoast.com\/wordpress\/plugins\/seo\/ -->\n<title>CallTipi namelis i\u0161 stiklo su ofuro vonia - \u041a\u0430\u043b\u044c\u043d\u044e\u0441\u0441\u043a\u0430\u044f \u0443\u0441\u0430\u0434\u044c\u0431\u0430<\/title>\n<meta name=\"robots\" content=\"index, follow, max-snippet:-1, max-image-preview:large, max-video-preview:-1\" \/>\n<link rel=\"canonical\" href=\"https:\/\/kalniaus-sodyba.lt\/produktas\/calltipi-namelis-is-stiklo-su-ofuro-vonia\/\" \/>\n<meta property=\"og:locale\" content=\"ru_RU\" \/>\n<meta property=\"og:type\" content=\"article\" \/>\n<meta property=\"og:title\" content=\"CallTipi namelis i\u0161 stiklo su ofuro vonia - \u041a\u0430\u043b\u044c\u043d\u044e\u0441\u0441\u043a\u0430\u044f \u0443\u0441\u0430\u0434\u044c\u0431\u0430\" \/>\n<meta property=\"og:url\" content=\"https:\/\/kalniaus-sodyba.lt\/produktas\/calltipi-namelis-is-stiklo-su-ofuro-vonia\/\" \/>\n<meta property=\"og:site_name\" content=\"\u041a\u0430\u043b\u044c\u043d\u044e\u0441\u0441\u043a\u0430\u044f \u0443\u0441\u0430\u0434\u044c\u0431\u0430\" \/>\n<meta property=\"article:modified_time\" content=\"2026-04-07T11:05:09+00:00\" \/>\n<meta property=\"og:image\" content=\"https:\/\/kalniaus-sodyba.lt\/wp-content\/uploads\/2023\/05\/23.04.20-49-scaled.jpg\" \/>\n\t<meta property=\"og:image:width\" content=\"2560\" \/>\n\t<meta property=\"og:image:height\" content=\"1706\" \/>\n\t<meta property=\"og:image:type\" content=\"image\/jpeg\" \/>\n<meta name=\"twitter:card\" content=\"summary_large_image\" \/>\n<meta name=\"twitter:label1\" content=\"\u041f\u0440\u0438\u043c\u0435\u0440\u043d\u043e\u0435 \u0432\u0440\u0435\u043c\u044f \u0434\u043b\u044f \u0447\u0442\u0435\u043d\u0438\u044f\" \/>\n\t<meta name=\"twitter:data1\" content=\"1 \u043c\u0438\u043d\u0443\u0442\u0430\" \/>\n<script type=\"application\/ld+json\" class=\"yoast-schema-graph\">{\"@context\":\"https:\/\/schema.org\",\"@graph\":[{\"@type\":\"WebPage\",\"@id\":\"https:\/\/kalniaus-sodyba.lt\/produktas\/calltipi-namelis-is-stiklo-su-ofuro-vonia\/\",\"url\":\"https:\/\/kalniaus-sodyba.lt\/produktas\/calltipi-namelis-is-stiklo-su-ofuro-vonia\/\",\"name\":\"CallTipi namelis i\u0161 stiklo su ofuro vonia - \u041a\u0430\u043b\u044c\u043d\u044e\u0441\u0441\u043a\u0430\u044f \u0443\u0441\u0430\u0434\u044c\u0431\u0430\",\"isPartOf\":{\"@id\":\"https:\/\/kalniaus-sodyba.lt\/#website\"},\"primaryImageOfPage\":{\"@id\":\"https:\/\/kalniaus-sodyba.lt\/produktas\/calltipi-namelis-is-stiklo-su-ofuro-vonia\/#primaryimage\"},\"image\":{\"@id\":\"https:\/\/kalniaus-sodyba.lt\/produktas\/calltipi-namelis-is-stiklo-su-ofuro-vonia\/#primaryimage\"},\"thumbnailUrl\":\"https:\/\/kalniaus-sodyba.lt\/wp-content\/uploads\/2023\/05\/23.04.20-49-scaled.jpg\",\"datePublished\":\"2022-12-09T17:07:21+00:00\",\"dateModified\":\"2026-04-07T11:05:09+00:00\",\"breadcrumb\":{\"@id\":\"https:\/\/kalniaus-sodyba.lt\/produktas\/calltipi-namelis-is-stiklo-su-ofuro-vonia\/#breadcrumb\"},\"inLanguage\":\"ru-RU\",\"potentialAction\":[{\"@type\":\"ReadAction\",\"target\":[\"https:\/\/kalniaus-sodyba.lt\/produktas\/calltipi-namelis-is-stiklo-su-ofuro-vonia\/\"]}]},{\"@type\":\"ImageObject\",\"inLanguage\":\"ru-RU\",\"@id\":\"https:\/\/kalniaus-sodyba.lt\/produktas\/calltipi-namelis-is-stiklo-su-ofuro-vonia\/#primaryimage\",\"url\":\"https:\/\/kalniaus-sodyba.lt\/wp-content\/uploads\/2023\/05\/23.04.20-49-scaled.jpg\",\"contentUrl\":\"https:\/\/kalniaus-sodyba.lt\/wp-content\/uploads\/2023\/05\/23.04.20-49-scaled.jpg\",\"width\":2560,\"height\":1706},{\"@type\":\"BreadcrumbList\",\"@id\":\"https:\/\/kalniaus-sodyba.lt\/produktas\/calltipi-namelis-is-stiklo-su-ofuro-vonia\/#breadcrumb\",\"itemListElement\":[{\"@type\":\"ListItem\",\"position\":1,\"name\":\"Home\",\"item\":\"https:\/\/kalniaus-sodyba.lt\/\"},{\"@type\":\"ListItem\",\"position\":2,\"name\":\"Dovan\u0173 Kuponai\",\"item\":\"https:\/\/kalniaus-sodyba.lt\/dovanu-kuponai\/\"},{\"@type\":\"ListItem\",\"position\":3,\"name\":\"CallTipi namelis i\u0161 stiklo su ofuro vonia\"}]},{\"@type\":\"WebSite\",\"@id\":\"https:\/\/kalniaus-sodyba.lt\/#website\",\"url\":\"https:\/\/kalniaus-sodyba.lt\/\",\"name\":\"\u041a\u0430\u043b\u044c\u043d\u044e\u0441\u0441\u043a\u0430\u044f \u0443\u0441\u0430\u0434\u044c\u0431\u0430\",\"description\":\"\u041e\u0442\u0434\u044b\u0445 \u0443 \u043e\u0437\u0435\u0440\u0430\",\"potentialAction\":[{\"@type\":\"SearchAction\",\"target\":{\"@type\":\"EntryPoint\",\"urlTemplate\":\"https:\/\/kalniaus-sodyba.lt\/?s={search_term_string}\"},\"query-input\":{\"@type\":\"PropertyValueSpecification\",\"valueRequired\":true,\"valueName\":\"search_term_string\"}}],\"inLanguage\":\"ru-RU\"}]}<\/script>\n<!-- \/ Yoast SEO plugin. -->","yoast_head_json":{"title":"CallTipi namelis i\u0161 stiklo su ofuro vonia - \u041a\u0430\u043b\u044c\u043d\u044e\u0441\u0441\u043a\u0430\u044f \u0443\u0441\u0430\u0434\u044c\u0431\u0430","robots":{"index":"index","follow":"follow","max-snippet":"max-snippet:-1","max-image-preview":"max-image-preview:large","max-video-preview":"max-video-preview:-1"},"canonical":"https:\/\/kalniaus-sodyba.lt\/produktas\/calltipi-namelis-is-stiklo-su-ofuro-vonia\/","og_locale":"ru_RU","og_type":"article","og_title":"CallTipi namelis i\u0161 stiklo su ofuro vonia - \u041a\u0430\u043b\u044c\u043d\u044e\u0441\u0441\u043a\u0430\u044f \u0443\u0441\u0430\u0434\u044c\u0431\u0430","og_url":"https:\/\/kalniaus-sodyba.lt\/produktas\/calltipi-namelis-is-stiklo-su-ofuro-vonia\/","og_site_name":"\u041a\u0430\u043b\u044c\u043d\u044e\u0441\u0441\u043a\u0430\u044f \u0443\u0441\u0430\u0434\u044c\u0431\u0430","article_modified_time":"2026-04-07T11:05:09+00:00","og_image":[{"width":2560,"height":1706,"url":"https:\/\/kalniaus-sodyba.lt\/wp-content\/uploads\/2023\/05\/23.04.20-49-scaled.jpg","type":"image\/jpeg"}],"twitter_card":"summary_large_image","twitter_misc":{"\u041f\u0440\u0438\u043c\u0435\u0440\u043d\u043e\u0435 \u0432\u0440\u0435\u043c\u044f \u0434\u043b\u044f \u0447\u0442\u0435\u043d\u0438\u044f":"1 \u043c\u0438\u043d\u0443\u0442\u0430"},"schema":{"@context":"https:\/\/schema.org","@graph":[{"@type":"WebPage","@id":"https:\/\/kalniaus-sodyba.lt\/produktas\/calltipi-namelis-is-stiklo-su-ofuro-vonia\/","url":"https:\/\/kalniaus-sodyba.lt\/produktas\/calltipi-namelis-is-stiklo-su-ofuro-vonia\/","name":"CallTipi namelis i\u0161 stiklo su ofuro vonia - \u041a\u0430\u043b\u044c\u043d\u044e\u0441\u0441\u043a\u0430\u044f \u0443\u0441\u0430\u0434\u044c\u0431\u0430","isPartOf":{"@id":"https:\/\/kalniaus-sodyba.lt\/#website"},"primaryImageOfPage":{"@id":"https:\/\/kalniaus-sodyba.lt\/produktas\/calltipi-namelis-is-stiklo-su-ofuro-vonia\/#primaryimage"},"image":{"@id":"https:\/\/kalniaus-sodyba.lt\/produktas\/calltipi-namelis-is-stiklo-su-ofuro-vonia\/#primaryimage"},"thumbnailUrl":"https:\/\/kalniaus-sodyba.lt\/wp-content\/uploads\/2023\/05\/23.04.20-49-scaled.jpg","datePublished":"2022-12-09T17:07:21+00:00","dateModified":"2026-04-07T11:05:09+00:00","breadcrumb":{"@id":"https:\/\/kalniaus-sodyba.lt\/produktas\/calltipi-namelis-is-stiklo-su-ofuro-vonia\/#breadcrumb"},"inLanguage":"ru-RU","potentialAction":[{"@type":"ReadAction","target":["https:\/\/kalniaus-sodyba.lt\/produktas\/calltipi-namelis-is-stiklo-su-ofuro-vonia\/"]}]},{"@type":"ImageObject","inLanguage":"ru-RU","@id":"https:\/\/kalniaus-sodyba.lt\/produktas\/calltipi-namelis-is-stiklo-su-ofuro-vonia\/#primaryimage","url":"https:\/\/kalniaus-sodyba.lt\/wp-content\/uploads\/2023\/05\/23.04.20-49-scaled.jpg","contentUrl":"https:\/\/kalniaus-sodyba.lt\/wp-content\/uploads\/2023\/05\/23.04.20-49-scaled.jpg","width":2560,"height":1706},{"@type":"BreadcrumbList","@id":"https:\/\/kalniaus-sodyba.lt\/produktas\/calltipi-namelis-is-stiklo-su-ofuro-vonia\/#breadcrumb","itemListElement":[{"@type":"ListItem","position":1,"name":"Home","item":"https:\/\/kalniaus-sodyba.lt\/"},{"@type":"ListItem","position":2,"name":"Dovan\u0173 Kuponai","item":"https:\/\/kalniaus-sodyba.lt\/dovanu-kuponai\/"},{"@type":"ListItem","position":3,"name":"CallTipi namelis i\u0161 stiklo su ofuro vonia"}]},{"@type":"WebSite","@id":"https:\/\/kalniaus-sodyba.lt\/#website","url":"https:\/\/kalniaus-sodyba.lt\/","name":"\u041a\u0430\u043b\u044c\u043d\u044e\u0441\u0441\u043a\u0430\u044f \u0443\u0441\u0430\u0434\u044c\u0431\u0430","description":"\u041e\u0442\u0434\u044b\u0445 \u0443 \u043e\u0437\u0435\u0440\u0430","potentialAction":[{"@type":"SearchAction","target":{"@type":"EntryPoint","urlTemplate":"https:\/\/kalniaus-sodyba.lt\/?s={search_term_string}"},"query-input":{"@type":"PropertyValueSpecification","valueRequired":true,"valueName":"search_term_string"}}],"inLanguage":"ru-RU"}]}},"_links":{"self":[{"href":"https:\/\/kalniaus-sodyba.lt\/ru\/wp-json\/wp\/v2\/product\/47329","targetHints":{"allow":["GET"]}}],"collection":[{"href":"https:\/\/kalniaus-sodyba.lt\/ru\/wp-json\/wp\/v2\/product"}],"about":[{"href":"https:\/\/kalniaus-sodyba.lt\/ru\/wp-json\/wp\/v2\/types\/product"}],"wp:featuredmedia":[{"embeddable":true,"href":"https:\/\/kalniaus-sodyba.lt\/ru\/wp-json\/wp\/v2\/media\/48482"}],"wp:attachment":[{"href":"https:\/\/kalniaus-sodyba.lt\/ru\/wp-json\/wp\/v2\/media?parent=47329"}],"wp:term":[{"taxonomy":"product_brand","embeddable":true,"href":"https:\/\/kalniaus-sodyba.lt\/ru\/wp-json\/wp\/v2\/product_brand?post=47329"},{"taxonomy":"product_cat","embeddable":true,"href":"https:\/\/kalniaus-sodyba.lt\/ru\/wp-json\/wp\/v2\/product_cat?post=47329"},{"taxonomy":"product_tag","embeddable":true,"href":"https:\/\/kalniaus-sodyba.lt\/ru\/wp-json\/wp\/v2\/product_tag?post=47329"},{"taxonomy":"giftcard-category","embeddable":true,"href":"https:\/\/kalniaus-sodyba.lt\/ru\/wp-json\/wp\/v2\/giftcard-category?post=47329"}],"curies":[{"name":"wp","href":"https:\/\/api.w.org\/{rel}","templated":true}]}}