{"id":45383,"date":"2025-06-11T10:24:57","date_gmt":"2025-06-11T07:24:57","guid":{"rendered":"http:\/\/kalniaus-sodyba.lt\/?post_type=product&#038;p=45383"},"modified":"2026-02-12T18:00:42","modified_gmt":"2026-02-12T15:00:42","slug":"fotosesija-su-zirgais-prie-baltijos-juros","status":"publish","type":"product","link":"https:\/\/kalniaus-sodyba.lt\/ru\/produktas\/fotosesija-su-zirgais-prie-baltijos-juros\/","title":{"rendered":"Fotosesija su \u017eirgais prie Baltijos j\u016bros"},"content":{"rendered":"<p><em>Baltijos j\u016bros pursl\u0173 \u0161\u0117lsmas ir magi\u0161kos akimirkos su \u017eirgu!<\/em><\/p>\n<p>Nuotraukos, kuriose \u012fma\u017eintas \u017emogus ir \u017eirgas, <strong>spinduliuoja ramybe, paslaptingumu, vidine didybe ir tyru d\u017eiaugsmu.<\/strong> Magi\u0161k\u0105 moment\u0105 padeda sukurti neparastas ry\u0161ys, kur\u012f atskleid\u017eia gyv\u016bno buvimas \u0161alia. O kur dar galimyb\u0117 praleisti pakili\u0173 emocij\u0173 kupinas akimirkas gryname ore!<\/p>\n<p>Kalniaus sodybos \u017eirgai pad\u0117s \u012fam\u017einti i\u0161skirtines akimirkas. Tai gali b\u016bti tiek <strong>asmenin\u0117s, poros, temin\u0117s, mergvakari\u0173 \/ bernvakari\u0173, tiek vestuvin\u0117s ar povestuvin\u0117s fotosesijos<\/strong>.<\/p>\n<p>Ilgai i\u0161liekan\u010dias emocijas ir naujas patirtis u\u017etikrins <strong>fotosesija prie Baltijos j\u016bros.<\/strong> Modeliai gal\u0117s fotografuotis <strong>ne tik ant kranto, bet ir vandenyje, \u017eirgui ta\u0161kantis ar siau\u010diant<\/strong>. Ar galite \u012fsivaizduoti ka\u017ek\u0105 stebuklingesnio nei maudyn\u0117s su \u017eirgu, kuri\u0173 akimirkas \u012fam\u017eins patyr\u0119s fotografas? Tai tikrai ne kasdienin\u0117 patirtis, o tikras nuotykis!<\/p>\n<p>Taip pat <strong>galima rinktis fotosesij\u0105 leid\u017eiantis saulei<\/strong>. \u0160iuo metu, kai ji atiduoda paskutinius spindulius, o u\u017efiksuojami stebuklingiausi momentai. Fryz\u0173 kont\u016brai \u012fgauna nuostabi\u0105 raudon\u0105 saul\u0117s spalv\u0105, taip nuotraukoms suteikiant daug \u0161ilumos ir jaukumo.<\/p>\n<p><strong>Atvykusi\u0173j\u0173 laukia:<\/strong><\/p>\n<ul>\n<li>pasiruo\u0161imas fotosesijai (l\u016bkes\u010di\u0173 aptarimas, \u017eirgo ir modeli\u0173 paruo\u0161imas);<\/li>\n<li>fotosesija su \u017eirgu <strong>prie Baltijos j\u016bros 2 asm<\/strong>;<\/li>\n<li>10\u201315 retu\u0161uot\u0173 nuotrauk\u0173.<\/li>\n<\/ul>\n<p>\u012esigydami \u0161\u012f dovan\u0173 \u010dek\u012f prisidedate prie laukin\u0117s gamtos puosel\u0117jimo: nuo kiekvieno \u012fsigyto \u010dekio Kalniaus sodyba 5 proc. paaukoja Pel\u0117d\u0173 sodybai.<\/p>\n<p>Dovanokite magi\u0161k\u0173 akimirk\u0173 \u012fam\u017einim\u0105 paj\u016bryje!<\/p>\n<div class=\"proddescs\">\n<div><\/div>\n<\/div>\n","protected":false},"excerpt":{"rendered":"<p>Baltijos j\u016bros pursl\u0173 \u0161\u0117lsmas ir magi\u0161kos akimirkos su \u017eirgu! Nuotraukos, kuriose \u012fma\u017eintas \u017emogus ir \u017eirgas, spinduliuoja ramybe, paslaptingumu, vidine didybe ir tyru d\u017eiaugsmu. Magi\u0161k\u0105 moment\u0105 padeda sukurti neparastas ry\u0161ys, kur\u012f atskleid\u017eia gyv\u016bno buvimas \u0161alia. O kur dar galimyb\u0117 praleisti pakili\u0173 emocij\u0173 kupinas akimirkas gryname ore! Kalniaus sodybos \u017eirgai pad\u0117s \u012fam\u017einti [&hellip;]<\/p>\n","protected":false},"featured_media":50280,"template":"","meta":[],"product_brand":[],"product_cat":[959],"product_tag":[],"giftcard-category":[],"class_list":{"0":"post-45383","1":"product","2":"type-product","3":"status-publish","4":"has-post-thumbnail","6":"product_cat-dovanu-kuponas","8":"first","9":"instock","10":"shipping-taxable","11":"purchasable","12":"product-type-simple"},"translation":{"provider":"WPGlobus","version":"3.0.1","language":"ru","enabled_languages":["lt","en","ru"],"languages":{"lt":{"title":true,"content":true,"excerpt":false},"en":{"title":false,"content":false,"excerpt":false},"ru":{"title":false,"content":false,"excerpt":false}}},"yoast_head":"<!-- This site is optimized with the Yoast SEO plugin v26.6 - https:\/\/yoast.com\/wordpress\/plugins\/seo\/ -->\n<title>Fotosesija su \u017eirgais prie Baltijos j\u016bros - \u041a\u0430\u043b\u044c\u043d\u044e\u0441\u0441\u043a\u0430\u044f \u0443\u0441\u0430\u0434\u044c\u0431\u0430<\/title>\n<meta name=\"robots\" content=\"index, follow, max-snippet:-1, max-image-preview:large, max-video-preview:-1\" \/>\n<link rel=\"canonical\" href=\"https:\/\/kalniaus-sodyba.lt\/produktas\/fotosesija-su-zirgais-prie-baltijos-juros\/\" \/>\n<meta property=\"og:locale\" content=\"ru_RU\" \/>\n<meta property=\"og:type\" content=\"article\" \/>\n<meta property=\"og:title\" content=\"Fotosesija su \u017eirgais prie Baltijos j\u016bros - \u041a\u0430\u043b\u044c\u043d\u044e\u0441\u0441\u043a\u0430\u044f \u0443\u0441\u0430\u0434\u044c\u0431\u0430\" \/>\n<meta property=\"og:url\" content=\"https:\/\/kalniaus-sodyba.lt\/produktas\/fotosesija-su-zirgais-prie-baltijos-juros\/\" \/>\n<meta property=\"og:site_name\" content=\"\u041a\u0430\u043b\u044c\u043d\u044e\u0441\u0441\u043a\u0430\u044f \u0443\u0441\u0430\u0434\u044c\u0431\u0430\" \/>\n<meta property=\"article:modified_time\" content=\"2026-02-12T15:00:42+00:00\" \/>\n<meta property=\"og:image\" content=\"https:\/\/kalniaus-sodyba.lt\/wp-content\/uploads\/2023\/06\/IMG_2904-scaled.jpg\" \/>\n\t<meta property=\"og:image:width\" content=\"2560\" \/>\n\t<meta property=\"og:image:height\" content=\"1709\" \/>\n\t<meta property=\"og:image:type\" content=\"image\/jpeg\" \/>\n<meta name=\"twitter:card\" content=\"summary_large_image\" \/>\n<meta name=\"twitter:label1\" content=\"\u041f\u0440\u0438\u043c\u0435\u0440\u043d\u043e\u0435 \u0432\u0440\u0435\u043c\u044f \u0434\u043b\u044f \u0447\u0442\u0435\u043d\u0438\u044f\" \/>\n\t<meta name=\"twitter:data1\" content=\"2 \u043c\u0438\u043d\u0443\u0442\u044b\" \/>\n<script type=\"application\/ld+json\" class=\"yoast-schema-graph\">{\"@context\":\"https:\/\/schema.org\",\"@graph\":[{\"@type\":\"WebPage\",\"@id\":\"https:\/\/kalniaus-sodyba.lt\/produktas\/fotosesija-su-zirgais-prie-baltijos-juros\/\",\"url\":\"https:\/\/kalniaus-sodyba.lt\/produktas\/fotosesija-su-zirgais-prie-baltijos-juros\/\",\"name\":\"Fotosesija su \u017eirgais prie Baltijos j\u016bros - \u041a\u0430\u043b\u044c\u043d\u044e\u0441\u0441\u043a\u0430\u044f \u0443\u0441\u0430\u0434\u044c\u0431\u0430\",\"isPartOf\":{\"@id\":\"https:\/\/kalniaus-sodyba.lt\/#website\"},\"primaryImageOfPage\":{\"@id\":\"https:\/\/kalniaus-sodyba.lt\/produktas\/fotosesija-su-zirgais-prie-baltijos-juros\/#primaryimage\"},\"image\":{\"@id\":\"https:\/\/kalniaus-sodyba.lt\/produktas\/fotosesija-su-zirgais-prie-baltijos-juros\/#primaryimage\"},\"thumbnailUrl\":\"https:\/\/kalniaus-sodyba.lt\/wp-content\/uploads\/2023\/06\/IMG_2904-scaled.jpg\",\"datePublished\":\"2025-06-11T07:24:57+00:00\",\"dateModified\":\"2026-02-12T15:00:42+00:00\",\"breadcrumb\":{\"@id\":\"https:\/\/kalniaus-sodyba.lt\/produktas\/fotosesija-su-zirgais-prie-baltijos-juros\/#breadcrumb\"},\"inLanguage\":\"ru-RU\",\"potentialAction\":[{\"@type\":\"ReadAction\",\"target\":[\"https:\/\/kalniaus-sodyba.lt\/produktas\/fotosesija-su-zirgais-prie-baltijos-juros\/\"]}]},{\"@type\":\"ImageObject\",\"inLanguage\":\"ru-RU\",\"@id\":\"https:\/\/kalniaus-sodyba.lt\/produktas\/fotosesija-su-zirgais-prie-baltijos-juros\/#primaryimage\",\"url\":\"https:\/\/kalniaus-sodyba.lt\/wp-content\/uploads\/2023\/06\/IMG_2904-scaled.jpg\",\"contentUrl\":\"https:\/\/kalniaus-sodyba.lt\/wp-content\/uploads\/2023\/06\/IMG_2904-scaled.jpg\",\"width\":2560,\"height\":1709},{\"@type\":\"BreadcrumbList\",\"@id\":\"https:\/\/kalniaus-sodyba.lt\/produktas\/fotosesija-su-zirgais-prie-baltijos-juros\/#breadcrumb\",\"itemListElement\":[{\"@type\":\"ListItem\",\"position\":1,\"name\":\"Home\",\"item\":\"https:\/\/kalniaus-sodyba.lt\/\"},{\"@type\":\"ListItem\",\"position\":2,\"name\":\"Dovan\u0173 Kuponai\",\"item\":\"https:\/\/kalniaus-sodyba.lt\/dovanu-kuponai\/\"},{\"@type\":\"ListItem\",\"position\":3,\"name\":\"Fotosesija su \u017eirgais prie Baltijos j\u016bros\"}]},{\"@type\":\"WebSite\",\"@id\":\"https:\/\/kalniaus-sodyba.lt\/#website\",\"url\":\"https:\/\/kalniaus-sodyba.lt\/\",\"name\":\"\u041a\u0430\u043b\u044c\u043d\u044e\u0441\u0441\u043a\u0430\u044f \u0443\u0441\u0430\u0434\u044c\u0431\u0430\",\"description\":\"\u041e\u0442\u0434\u044b\u0445 \u0443 \u043e\u0437\u0435\u0440\u0430\",\"potentialAction\":[{\"@type\":\"SearchAction\",\"target\":{\"@type\":\"EntryPoint\",\"urlTemplate\":\"https:\/\/kalniaus-sodyba.lt\/?s={search_term_string}\"},\"query-input\":{\"@type\":\"PropertyValueSpecification\",\"valueRequired\":true,\"valueName\":\"search_term_string\"}}],\"inLanguage\":\"ru-RU\"}]}<\/script>\n<!-- \/ Yoast SEO plugin. -->","yoast_head_json":{"title":"Fotosesija su \u017eirgais prie Baltijos j\u016bros - \u041a\u0430\u043b\u044c\u043d\u044e\u0441\u0441\u043a\u0430\u044f \u0443\u0441\u0430\u0434\u044c\u0431\u0430","robots":{"index":"index","follow":"follow","max-snippet":"max-snippet:-1","max-image-preview":"max-image-preview:large","max-video-preview":"max-video-preview:-1"},"canonical":"https:\/\/kalniaus-sodyba.lt\/produktas\/fotosesija-su-zirgais-prie-baltijos-juros\/","og_locale":"ru_RU","og_type":"article","og_title":"Fotosesija su \u017eirgais prie Baltijos j\u016bros - \u041a\u0430\u043b\u044c\u043d\u044e\u0441\u0441\u043a\u0430\u044f \u0443\u0441\u0430\u0434\u044c\u0431\u0430","og_url":"https:\/\/kalniaus-sodyba.lt\/produktas\/fotosesija-su-zirgais-prie-baltijos-juros\/","og_site_name":"\u041a\u0430\u043b\u044c\u043d\u044e\u0441\u0441\u043a\u0430\u044f \u0443\u0441\u0430\u0434\u044c\u0431\u0430","article_modified_time":"2026-02-12T15:00:42+00:00","og_image":[{"width":2560,"height":1709,"url":"https:\/\/kalniaus-sodyba.lt\/wp-content\/uploads\/2023\/06\/IMG_2904-scaled.jpg","type":"image\/jpeg"}],"twitter_card":"summary_large_image","twitter_misc":{"\u041f\u0440\u0438\u043c\u0435\u0440\u043d\u043e\u0435 \u0432\u0440\u0435\u043c\u044f \u0434\u043b\u044f \u0447\u0442\u0435\u043d\u0438\u044f":"2 \u043c\u0438\u043d\u0443\u0442\u044b"},"schema":{"@context":"https:\/\/schema.org","@graph":[{"@type":"WebPage","@id":"https:\/\/kalniaus-sodyba.lt\/produktas\/fotosesija-su-zirgais-prie-baltijos-juros\/","url":"https:\/\/kalniaus-sodyba.lt\/produktas\/fotosesija-su-zirgais-prie-baltijos-juros\/","name":"Fotosesija su \u017eirgais prie Baltijos j\u016bros - \u041a\u0430\u043b\u044c\u043d\u044e\u0441\u0441\u043a\u0430\u044f \u0443\u0441\u0430\u0434\u044c\u0431\u0430","isPartOf":{"@id":"https:\/\/kalniaus-sodyba.lt\/#website"},"primaryImageOfPage":{"@id":"https:\/\/kalniaus-sodyba.lt\/produktas\/fotosesija-su-zirgais-prie-baltijos-juros\/#primaryimage"},"image":{"@id":"https:\/\/kalniaus-sodyba.lt\/produktas\/fotosesija-su-zirgais-prie-baltijos-juros\/#primaryimage"},"thumbnailUrl":"https:\/\/kalniaus-sodyba.lt\/wp-content\/uploads\/2023\/06\/IMG_2904-scaled.jpg","datePublished":"2025-06-11T07:24:57+00:00","dateModified":"2026-02-12T15:00:42+00:00","breadcrumb":{"@id":"https:\/\/kalniaus-sodyba.lt\/produktas\/fotosesija-su-zirgais-prie-baltijos-juros\/#breadcrumb"},"inLanguage":"ru-RU","potentialAction":[{"@type":"ReadAction","target":["https:\/\/kalniaus-sodyba.lt\/produktas\/fotosesija-su-zirgais-prie-baltijos-juros\/"]}]},{"@type":"ImageObject","inLanguage":"ru-RU","@id":"https:\/\/kalniaus-sodyba.lt\/produktas\/fotosesija-su-zirgais-prie-baltijos-juros\/#primaryimage","url":"https:\/\/kalniaus-sodyba.lt\/wp-content\/uploads\/2023\/06\/IMG_2904-scaled.jpg","contentUrl":"https:\/\/kalniaus-sodyba.lt\/wp-content\/uploads\/2023\/06\/IMG_2904-scaled.jpg","width":2560,"height":1709},{"@type":"BreadcrumbList","@id":"https:\/\/kalniaus-sodyba.lt\/produktas\/fotosesija-su-zirgais-prie-baltijos-juros\/#breadcrumb","itemListElement":[{"@type":"ListItem","position":1,"name":"Home","item":"https:\/\/kalniaus-sodyba.lt\/"},{"@type":"ListItem","position":2,"name":"Dovan\u0173 Kuponai","item":"https:\/\/kalniaus-sodyba.lt\/dovanu-kuponai\/"},{"@type":"ListItem","position":3,"name":"Fotosesija su \u017eirgais prie Baltijos j\u016bros"}]},{"@type":"WebSite","@id":"https:\/\/kalniaus-sodyba.lt\/#website","url":"https:\/\/kalniaus-sodyba.lt\/","name":"\u041a\u0430\u043b\u044c\u043d\u044e\u0441\u0441\u043a\u0430\u044f \u0443\u0441\u0430\u0434\u044c\u0431\u0430","description":"\u041e\u0442\u0434\u044b\u0445 \u0443 \u043e\u0437\u0435\u0440\u0430","potentialAction":[{"@type":"SearchAction","target":{"@type":"EntryPoint","urlTemplate":"https:\/\/kalniaus-sodyba.lt\/?s={search_term_string}"},"query-input":{"@type":"PropertyValueSpecification","valueRequired":true,"valueName":"search_term_string"}}],"inLanguage":"ru-RU"}]}},"_links":{"self":[{"href":"https:\/\/kalniaus-sodyba.lt\/ru\/wp-json\/wp\/v2\/product\/45383","targetHints":{"allow":["GET"]}}],"collection":[{"href":"https:\/\/kalniaus-sodyba.lt\/ru\/wp-json\/wp\/v2\/product"}],"about":[{"href":"https:\/\/kalniaus-sodyba.lt\/ru\/wp-json\/wp\/v2\/types\/product"}],"wp:featuredmedia":[{"embeddable":true,"href":"https:\/\/kalniaus-sodyba.lt\/ru\/wp-json\/wp\/v2\/media\/50280"}],"wp:attachment":[{"href":"https:\/\/kalniaus-sodyba.lt\/ru\/wp-json\/wp\/v2\/media?parent=45383"}],"wp:term":[{"taxonomy":"product_brand","embeddable":true,"href":"https:\/\/kalniaus-sodyba.lt\/ru\/wp-json\/wp\/v2\/product_brand?post=45383"},{"taxonomy":"product_cat","embeddable":true,"href":"https:\/\/kalniaus-sodyba.lt\/ru\/wp-json\/wp\/v2\/product_cat?post=45383"},{"taxonomy":"product_tag","embeddable":true,"href":"https:\/\/kalniaus-sodyba.lt\/ru\/wp-json\/wp\/v2\/product_tag?post=45383"},{"taxonomy":"giftcard-category","embeddable":true,"href":"https:\/\/kalniaus-sodyba.lt\/ru\/wp-json\/wp\/v2\/giftcard-category?post=45383"}],"curies":[{"name":"wp","href":"https:\/\/api.w.org\/{rel}","templated":true}]}}