{"id":5768,"date":"2021-05-24T07:40:34","date_gmt":"2021-05-24T07:40:34","guid":{"rendered":"http:\/\/kalniaus-sodyba.lt\/?page_id=5768"},"modified":"2021-05-24T08:05:16","modified_gmt":"2021-05-24T08:05:16","slug":"privatumo-politika","status":"publish","type":"page","link":"https:\/\/kalniaus-sodyba.lt\/ru\/privatumo-politika\/","title":{"rendered":"Privatumo politika"},"content":{"rendered":"<h2>Privatumo politika<\/h2>\n<p><b>\u0160i Privatumo Politika veikia nuo 2018 Gegu\u017e\u0117s.<\/b><\/p>\n<p><span style=\"font-weight: 400;\">Kalniaus Sodyboje mes suprantame J\u016bs\u0173 asmenin\u0117s informacijos saugojimo svarb\u0105 ir esame \u012fsipareigoj\u0119 j\u0105 apdirbti atsakingai, laikydamiesi taikomais duomen\u0173 saugumo nuostatais.<\/span><\/p>\n<p><span style=\"font-weight: 400;\">\u0160is privatumo parei\u0161kimas apib\u016bdina Kalniaus Sodybos bendras privatumo praktikas kurios taikomos asmeninei informacijai kuri\u0105 mes renkame, naudojame ir dalinam\u0117s apie klientus ir kitus individualus susijusiais su m\u016bs\u0173 klientais, verslo partnerius, tiek\u0117jus ir kitomis organizacijomis su kuriomis Kalniaus Sodyba turi arba svarsto santykius.<\/span><\/p>\n<p><b>Kod\u0117l ir kaip mes renkame ir naudojame j\u016bs\u0173 asmenin\u0119 informacij\u0105.<\/b><\/p>\n<p><span style=\"font-weight: 400;\">Mes galimai renkame j\u016bs\u0173 asmenin\u0119 informacij\u0105 \u012fvairiais tikslais, pavyzd\u017eiui:<\/span><\/p>\n<p><b>Prieiga ir puslapio naudojimas.<\/b><\/p>\n<p><span style=\"font-weight: 400;\">\u012eeinant \u012f m\u016bs\u0173 puslap\u012f, mes \u012fra\u0161ome informacij\u0105 kuri yra reikalinga suteikti Jums puslapio prieig\u0105 ir funkcionalum\u0105, tai gali b\u016bt\u0173 J\u016bs\u0173 slapta\u017eodis, IP adresas ir nar\u0161ykl\u0117s nustatymai. Taip pat, surenkame informacij\u0105 apie tai kokius veiksmus atliekate puslapyje, tam, kad suasmeninti J\u016bs\u0173 patirt\u012f puslapyje, pavyzd\u017eiui, J\u016bs\u0173 pageidaujamus nustatymus ir surenkame statistik\u0105, kad gal\u0117tume pagerinti ir toliau pl\u0117toti savo puslap\u012f, produktus ir paslaugas.<\/span><\/p>\n<p><b>Atsakant \u012f J\u016bs\u0173 u\u017eklausas d\u0117l u\u017esakym\u0173, papildomos informacijos, pagalbos.<\/b><\/p>\n<p><span style=\"font-weight: 400;\">Kai J\u016bs susisiekiate su mumis (prisijungus ar neprisijungus), siekiant gauti informacijos, u\u017esakyti produkt\u0105 arb\u0105 paslaug\u0105, gauti pagalbos, mes surenkame reikaling\u0105 informacij\u0105 tam, kad gal\u0117tume \u012fvykdyti J\u016bs\u0173 pra\u0161ym\u0105, suteikti prieig\u0105 prie produkto ar paslaugos, suteikti pagalbos ir gauti galimyb\u0119 susisiekti su jumis. Pavyzd\u017eiui, mes \u012fra\u0161ome J\u016bs\u0173 vard\u0105 ir kontaktin\u0119 informacij\u0105, detales apie j\u016bs\u0173 u\u017eklaus\u0105 ir j\u016bs\u0173 susitarim\u0105 su mumis, bei jo vykdym\u0105, pristatym\u0105, s\u0105skait\u0173 i\u0161ra\u0161ym\u0105 j\u016bs\u0173 u\u017esakymui ir galime \u012ftraukti kliento pasitenkinimo apklausos informacij\u0105. Mes laikome \u0161i\u0105 informacij\u0105 d\u0117l administracini\u0173 tiksl\u0173, j\u016bs\u0173 teisi\u0173 gynimo ir d\u0117l santyki\u0173 palaikymo su jumis.<\/span><\/p>\n<p><span style=\"font-weight: 400;\">Kai pateikiate savo vard\u0105 ir kontaktin\u0119 informacij\u0105, kad gal\u0117tum\u0117te u\u017esiregistruoti tokio pra\u0161ymo at\u017evilgiu, registracija gali pad\u0117ti identifikuoti jus, kai lankot\u0117s m\u016bs\u0173 tinklalapiuose. U\u017esakant m\u016bs\u0173 paslaugas gali prireikti registruotos paskyros. Registracija galima leis pasirinkti ir pakeisti j\u016bs\u0173 privatumo nustatymus.<\/span><\/p>\n<p><b>Susisiekiant su m\u016bs\u0173 klient\u0173 darbuotojais, \u017evalgais, partneriais ar tiek\u0117jais.<\/b><\/p>\n<p><span style=\"font-weight: 400;\">Dirbant su savo klient\u0173 darbuotojais, \u017evalgais, partneriais ar tiek\u0117jais jie taip pat pateikia mums informacij\u0105 (toki\u0105 kaip vardas, kontaktin\u0117 informacija darbuotoj\u0173, rangov\u0173, patar\u0117j\u0173 ir \u012fgaliot\u0173 asmen\u0173) tokioms reikm\u0117ms kaip sutarimo valdymas, vykdymas, produkt\u0173 ir paslaug\u0173 pristatymas, pagalbos suteikimas, s\u0105skait\u0173 i\u0161ra\u0161ymas ir paslaug\u0173 arba santykiu valdymas.<\/span><\/p>\n<p><b>Rinkodara.<\/b><\/p>\n<p><span style=\"font-weight: 400;\">Did\u017eioji dalis informacijos kuri\u0105 mes surenkame ateina i\u0161 j\u016bs\u0173 apsilankymo m\u016bs\u0173 puslapyje. Ta informacija yra naudojama sudarant auditorijas m\u016bs\u0173 naudojamoms reklamos priemon\u0117ms, tokioms kaip Google banerin\u0117 reklama, Facebook reklama. Jums pateikus u\u017eklausas, kontaktin\u0119 informacij\u0105, mes galime pateikt\u0105 elektronin\u012f pa\u0161t\u0105 panaudoti siuntin\u0117ti pasi\u016blymams, naujiems \u012fra\u0161ams, reklamai Facebook ar Google reklamos platformose, jeigu norite, kad Jums reklama b\u016bt\u0173 nerodoma, para\u0161ykite mums elektroniniu pa\u0161tu kalniaussodyba@gmail.com arba m\u016bs\u0173 Facebook puslapyje ir J\u016bs\u0173 pa\u0161tas bus i\u0161trauktas i\u0161 m\u016bs\u0173 duomen\u0173 baz\u0117s. Jeigu nebenorite matyti reklamos, ta\u010diau savo pa\u0161to niekada nepateik\u0117te, tada Jums teks pakeisti savo nar\u0161ykl\u0117s nustatymus.<\/span><\/p>\n<p><span style=\"font-weight: 400;\">Kai mes teigiame, kad mes naudojame j\u016bs\u0173 informacij\u0105 d\u0117l rinkodaros, produkt\u0173 ar paslaug\u0173 gerinimo ir vystymo, d\u0117l saugumo ir apsaugos sumetim\u0173 arba reguliavimo reikalavim\u0173 ir kit\u0173 dalyk\u0173 susiet\u0173 su j\u016bs\u0173 sutikimu arba pra\u0161ymu, mes darome tai savo arba tre\u010dios \u0161alies interes\u0173 teis\u0117tu pagrindu arba su j\u016bs\u0173 leidimu. Kai mes renkame ir naudojame j\u016bs\u0173 asmenin\u0119 informacij\u0105 pateikt\u0105 Europos Privatumo \u012era\u0161e, tai gali tur\u0117ti pasekmi\u0173 d\u0117l J\u016bs\u0173 Teisi\u0173.<\/span><\/p>\n<p><b>Asmenines informacijos dalinimasis.<\/b><\/p>\n<p><span style=\"font-weight: 400;\">Kalniaus Sodyba klient\u0173 asmenine informacija su tre\u010diosiomis \u0161alimis visi\u0161kai nesidalina, i\u0161imtis yra partneriai, kurie galimai aptarnaus m\u016bs\u0173 klientus.\u00a0<\/span><\/p>\n<p><span style=\"font-weight: 400;\">Kai kuriomis s\u0105lygomis, asmenin\u0117 informacija gali b\u016bti atskleista vald\u017eios institucijoms teisme. Mes galimai panaudotume j\u016bs\u0173 asmenin\u0119 informacij\u0105, kad apginti teises ar nuosavyb\u0119 priklausan\u010di\u0105 Kalniaus Sodybai, m\u016bs\u0173 partneriams, tiek\u0117jams, klientams arba kitiems, kai turime pagr\u012fst\u0173 prie\u017eas\u010di\u0173 manyti, kad tokios teis\u0117s ar turtas buvo ar gali b\u016bti paveikti.<\/span><\/p>\n<p><b>Informacijos Saugumas ir Tikslumas.<\/b><\/p>\n<p><span style=\"font-weight: 400;\">Mes numat\u0119 ginti j\u016bs\u0173 asmenin\u0119 informacij\u0105 ir i\u0161laikyti jos tikslum\u0105. Kalniaus Sodyba \u012fgyvendina pagr\u012fstas fizines, administracines ir technines garantijas, padedan\u010dias apsaugoti j\u016bs\u0173 asmenin\u0119 informacij\u0105 nuo neteis\u0117tos prieigos, naudojimo ir atskleidimo. Pavyzd\u017eiui, mes u\u017e\u0161ifruojame tam tikr\u0105 slapt\u0105 asmenin\u0119 informacij\u0105, toki\u0105 kaip kreditin\u0117s kortel\u0117s informacija, kai mes perduodame toki\u0105 informacij\u0105 internetu. Mes taip pat reikalaujame, kad m\u016bs\u0173 tiek\u0117jai apsaugot\u0173 \u0161i\u0105 informacij\u0105 nuo neteis\u0117tos prieigos, naudojimo ir atskleidimo.<\/span><\/p>\n<p><b>Susilaikymo periodas.<\/b><\/p>\n<p><span style=\"font-weight: 400;\">Mes neprisiimame asmenin\u0117s informacijos ilgiau, negu b\u016btina, kad \u012fvykdytume tikslus, kuriems ji tvarkoma, \u012fskaitant m\u016bs\u0173 tvarkymo saugum\u0105, atitinkant\u012f teisinius ir reguliavimo \u012fsipareigojimus (Pavyzd\u017eiui audito, apskaitos ir \u012fstatym\u0173 numatyt\u0173 i\u0161laikymo s\u0105lyg\u0173), gin\u010d\u0173 tvarkymo ir steigimo, vykdyti ar ginti teisinius reikalavimus \u0161alyse kuriose vykdome versl\u0105.<\/span><\/p>\n<p><span style=\"font-weight: 400;\">Kadangi aplinkyb\u0117s gali skirtis priklausomai nuo konteksto ir paslaug\u0173, internete pateiktoje privatumo deklaracijoje pateikta informacija arba konkre\u010diame prane\u0161ime pateikta informacija gali b\u016bt i\u0161samesn\u0117 informacija apie galiojan\u010dias saugojimo s\u0105lygas.<\/span><\/p>\n<p><b>Kaip su mumis susisiekti.<\/b><\/p>\n<p><span style=\"font-weight: 400;\">Jeigu turite klausim\u0173 susijusi\u0173 su Kalniaus Sodybos Privatumo Politika pra\u0161ome susisiekti su mumis kontaktuose pateikta forma arba susisiekti pa\u0161tu kalniaussodyba@gmail.com. J\u016bs\u0173 \u017einut\u0117 bus perduota atsakingiems asmenims.<\/span><\/p>\n<p><b>J\u016bs\u0173 teis\u0117s.<\/b><\/p>\n<p><span style=\"font-weight: 400;\">Galite pra\u0161yti gauti, atnaujinti ar taisyti savo asmenin\u0119 informacij\u0105. J\u016bs taip pat turite teis\u0119 prie\u0161tarauti tiesioginei rinkodarai. Pagal BDAR j\u016bs taip pat galite tur\u0117ti teis\u0119 reikalauti, kad j\u016bs\u0173 asmenin\u0117 informacija b\u016bt\u0173 i\u0161trinta ar apribota. Norint tai padaryti instrukcij\u0105 rasite \u201cKaip mus susisiekti\u201d skilt\u012f.<\/span><\/p>\n<p><b>Teis\u0117 pateikti skund\u0105.<\/b><\/p>\n<p><span style=\"font-weight: 400;\">Jei manote, kad j\u016bs\u0173 asmens duomen\u0173 tvarkymas atitinka galiojan\u010di\u0173 duomen\u0173 apsaugos \u012fstatym\u0173, galite pateikti skund\u0105:<\/span><\/p>\n<ol>\n<li><span style=\"font-weight: 400;\"> Kontaktuose u\u017epild\u0119 u\u017eklausos form\u0105<\/span><\/li>\n<li><span style=\"font-weight: 400;\"> Kompetetingai duomen\u0173 apsaugos institucijai. Duomen\u0173 apsaugos institucij\u0173 pavadinimus ir kontaktinius duomenis Europos S\u0105jungoje rasite<\/span><a href=\"http:\/\/ec.europa.eu\/justice\/article-29\/structure\/data-protection-authorities\/index_en.htm\"><span style=\"font-weight: 400;\"> \u010dia.<\/span><\/a><span style=\"font-weight: 400;\"> Paspaud\u0119 b\u016bsite nukreipti \u012f kit\u0105 i\u0161orin\u012f puslap\u012f u\u017e kur\u012f mes esame neatsakingi.<\/span><\/li>\n<\/ol>\n<p><b>Pakeitimai m\u016bs\u0173 Privatumo Politikoje.<\/b><\/p>\n<p><span style=\"font-weight: 400;\">Kartais mes galime atnaujinti \u0161\u012f privatumo parei\u0161kim\u0105, taip pat bet kok\u012f kit\u0105 konkret\u0173 parei\u0161kim\u0105 d\u0117l privatumo. Pakeitus \u0161\u012f privatumo patvirtinim\u0105, pridedame nauj\u0105 dat\u0105 \u0161io privatumo parei\u0161kimo vir\u0161uje.<\/span><\/p>\n","protected":false},"excerpt":{"rendered":"<p>Privatumo politika \u0160i Privatumo Politika veikia nuo 2018 Gegu\u017e\u0117s. Kalniaus Sodyboje mes suprantame J\u016bs\u0173 asmenin\u0117s informacijos saugojimo svarb\u0105 ir esame \u012fsipareigoj\u0119 j\u0105 apdirbti atsakingai, laikydamiesi taikomais duomen\u0173 saugumo nuostatais. \u0160is privatumo parei\u0161kimas apib\u016bdina Kalniaus Sodybos bendras privatumo praktikas kurios taikomos asmeninei informacijai kuri\u0105 mes renkame, naudojame ir dalinam\u0117s apie klientus [&hellip;]<\/p>\n","protected":false},"author":1,"featured_media":0,"parent":0,"menu_order":0,"comment_status":"closed","ping_status":"closed","template":"temp-one-page.php","meta":{"footnotes":""},"class_list":["post-5768","page","type-page","status-publish","hentry"],"translation":{"provider":"WPGlobus","version":"3.0.1","language":"ru","enabled_languages":["lt","en","ru"],"languages":{"lt":{"title":true,"content":true,"excerpt":false},"en":{"title":true,"content":true,"excerpt":false},"ru":{"title":false,"content":false,"excerpt":false}}},"yoast_head":"<!-- This site is optimized with the Yoast SEO plugin v26.6 - https:\/\/yoast.com\/wordpress\/plugins\/seo\/ -->\n<title>- \u041a\u0430\u043b\u044c\u043d\u044e\u0441\u0441\u043a\u0430\u044f \u0443\u0441\u0430\u0434\u044c\u0431\u0430<\/title>\n<meta name=\"robots\" content=\"index, follow, max-snippet:-1, max-image-preview:large, max-video-preview:-1\" \/>\n<link rel=\"canonical\" href=\"https:\/\/kalniaus-sodyba.lt\/privatumo-politika\/\" \/>\n<meta property=\"og:locale\" content=\"ru_RU\" \/>\n<meta property=\"og:type\" content=\"article\" \/>\n<meta property=\"og:title\" content=\"- \u041a\u0430\u043b\u044c\u043d\u044e\u0441\u0441\u043a\u0430\u044f \u0443\u0441\u0430\u0434\u044c\u0431\u0430\" \/>\n<meta property=\"og:url\" content=\"https:\/\/kalniaus-sodyba.lt\/privatumo-politika\/\" \/>\n<meta property=\"og:site_name\" content=\"\u041a\u0430\u043b\u044c\u043d\u044e\u0441\u0441\u043a\u0430\u044f \u0443\u0441\u0430\u0434\u044c\u0431\u0430\" \/>\n<meta property=\"article:modified_time\" content=\"2021-05-24T08:05:16+00:00\" \/>\n<meta name=\"twitter:card\" content=\"summary_large_image\" \/>\n<meta name=\"twitter:label1\" content=\"\u041f\u0440\u0438\u043c\u0435\u0440\u043d\u043e\u0435 \u0432\u0440\u0435\u043c\u044f \u0434\u043b\u044f \u0447\u0442\u0435\u043d\u0438\u044f\" \/>\n\t<meta name=\"twitter:data1\" content=\"4 \u043c\u0438\u043d\u0443\u0442\u044b\" \/>\n<script type=\"application\/ld+json\" class=\"yoast-schema-graph\">{\"@context\":\"https:\/\/schema.org\",\"@graph\":[{\"@type\":\"WebPage\",\"@id\":\"https:\/\/kalniaus-sodyba.lt\/privatumo-politika\/\",\"url\":\"https:\/\/kalniaus-sodyba.lt\/privatumo-politika\/\",\"name\":\"- \u041a\u0430\u043b\u044c\u043d\u044e\u0441\u0441\u043a\u0430\u044f \u0443\u0441\u0430\u0434\u044c\u0431\u0430\",\"isPartOf\":{\"@id\":\"https:\/\/kalniaus-sodyba.lt\/#website\"},\"datePublished\":\"2021-05-24T07:40:34+00:00\",\"dateModified\":\"2021-05-24T08:05:16+00:00\",\"breadcrumb\":{\"@id\":\"https:\/\/kalniaus-sodyba.lt\/privatumo-politika\/#breadcrumb\"},\"inLanguage\":\"ru-RU\",\"potentialAction\":[{\"@type\":\"ReadAction\",\"target\":[\"https:\/\/kalniaus-sodyba.lt\/privatumo-politika\/\"]}]},{\"@type\":\"BreadcrumbList\",\"@id\":\"https:\/\/kalniaus-sodyba.lt\/privatumo-politika\/#breadcrumb\",\"itemListElement\":[{\"@type\":\"ListItem\",\"position\":1,\"name\":\"Home\",\"item\":\"https:\/\/kalniaus-sodyba.lt\/\"},{\"@type\":\"ListItem\",\"position\":2,\"name\":\"Privatumo politika\"}]},{\"@type\":\"WebSite\",\"@id\":\"https:\/\/kalniaus-sodyba.lt\/#website\",\"url\":\"https:\/\/kalniaus-sodyba.lt\/\",\"name\":\"\u041a\u0430\u043b\u044c\u043d\u044e\u0441\u0441\u043a\u0430\u044f \u0443\u0441\u0430\u0434\u044c\u0431\u0430\",\"description\":\"\u041e\u0442\u0434\u044b\u0445 \u0443 \u043e\u0437\u0435\u0440\u0430\",\"potentialAction\":[{\"@type\":\"SearchAction\",\"target\":{\"@type\":\"EntryPoint\",\"urlTemplate\":\"https:\/\/kalniaus-sodyba.lt\/?s={search_term_string}\"},\"query-input\":{\"@type\":\"PropertyValueSpecification\",\"valueRequired\":true,\"valueName\":\"search_term_string\"}}],\"inLanguage\":\"ru-RU\"}]}<\/script>\n<!-- \/ Yoast SEO plugin. -->","yoast_head_json":{"title":"- \u041a\u0430\u043b\u044c\u043d\u044e\u0441\u0441\u043a\u0430\u044f \u0443\u0441\u0430\u0434\u044c\u0431\u0430","robots":{"index":"index","follow":"follow","max-snippet":"max-snippet:-1","max-image-preview":"max-image-preview:large","max-video-preview":"max-video-preview:-1"},"canonical":"https:\/\/kalniaus-sodyba.lt\/privatumo-politika\/","og_locale":"ru_RU","og_type":"article","og_title":"- \u041a\u0430\u043b\u044c\u043d\u044e\u0441\u0441\u043a\u0430\u044f \u0443\u0441\u0430\u0434\u044c\u0431\u0430","og_url":"https:\/\/kalniaus-sodyba.lt\/privatumo-politika\/","og_site_name":"\u041a\u0430\u043b\u044c\u043d\u044e\u0441\u0441\u043a\u0430\u044f \u0443\u0441\u0430\u0434\u044c\u0431\u0430","article_modified_time":"2021-05-24T08:05:16+00:00","twitter_card":"summary_large_image","twitter_misc":{"\u041f\u0440\u0438\u043c\u0435\u0440\u043d\u043e\u0435 \u0432\u0440\u0435\u043c\u044f \u0434\u043b\u044f \u0447\u0442\u0435\u043d\u0438\u044f":"4 \u043c\u0438\u043d\u0443\u0442\u044b"},"schema":{"@context":"https:\/\/schema.org","@graph":[{"@type":"WebPage","@id":"https:\/\/kalniaus-sodyba.lt\/privatumo-politika\/","url":"https:\/\/kalniaus-sodyba.lt\/privatumo-politika\/","name":"- \u041a\u0430\u043b\u044c\u043d\u044e\u0441\u0441\u043a\u0430\u044f \u0443\u0441\u0430\u0434\u044c\u0431\u0430","isPartOf":{"@id":"https:\/\/kalniaus-sodyba.lt\/#website"},"datePublished":"2021-05-24T07:40:34+00:00","dateModified":"2021-05-24T08:05:16+00:00","breadcrumb":{"@id":"https:\/\/kalniaus-sodyba.lt\/privatumo-politika\/#breadcrumb"},"inLanguage":"ru-RU","potentialAction":[{"@type":"ReadAction","target":["https:\/\/kalniaus-sodyba.lt\/privatumo-politika\/"]}]},{"@type":"BreadcrumbList","@id":"https:\/\/kalniaus-sodyba.lt\/privatumo-politika\/#breadcrumb","itemListElement":[{"@type":"ListItem","position":1,"name":"Home","item":"https:\/\/kalniaus-sodyba.lt\/"},{"@type":"ListItem","position":2,"name":"Privatumo politika"}]},{"@type":"WebSite","@id":"https:\/\/kalniaus-sodyba.lt\/#website","url":"https:\/\/kalniaus-sodyba.lt\/","name":"\u041a\u0430\u043b\u044c\u043d\u044e\u0441\u0441\u043a\u0430\u044f \u0443\u0441\u0430\u0434\u044c\u0431\u0430","description":"\u041e\u0442\u0434\u044b\u0445 \u0443 \u043e\u0437\u0435\u0440\u0430","potentialAction":[{"@type":"SearchAction","target":{"@type":"EntryPoint","urlTemplate":"https:\/\/kalniaus-sodyba.lt\/?s={search_term_string}"},"query-input":{"@type":"PropertyValueSpecification","valueRequired":true,"valueName":"search_term_string"}}],"inLanguage":"ru-RU"}]}},"_links":{"self":[{"href":"https:\/\/kalniaus-sodyba.lt\/ru\/wp-json\/wp\/v2\/pages\/5768","targetHints":{"allow":["GET"]}}],"collection":[{"href":"https:\/\/kalniaus-sodyba.lt\/ru\/wp-json\/wp\/v2\/pages"}],"about":[{"href":"https:\/\/kalniaus-sodyba.lt\/ru\/wp-json\/wp\/v2\/types\/page"}],"author":[{"embeddable":true,"href":"https:\/\/kalniaus-sodyba.lt\/ru\/wp-json\/wp\/v2\/users\/1"}],"replies":[{"embeddable":true,"href":"https:\/\/kalniaus-sodyba.lt\/ru\/wp-json\/wp\/v2\/comments?post=5768"}],"version-history":[{"count":11,"href":"https:\/\/kalniaus-sodyba.lt\/ru\/wp-json\/wp\/v2\/pages\/5768\/revisions"}],"predecessor-version":[{"id":53469,"href":"https:\/\/kalniaus-sodyba.lt\/ru\/wp-json\/wp\/v2\/pages\/5768\/revisions\/53469"}],"wp:attachment":[{"href":"https:\/\/kalniaus-sodyba.lt\/ru\/wp-json\/wp\/v2\/media?parent=5768"}],"curies":[{"name":"wp","href":"https:\/\/api.w.org\/{rel}","templated":true}]}}