{"id":52856,"date":"2024-07-29T17:21:36","date_gmt":"2024-07-29T14:21:36","guid":{"rendered":"https:\/\/kalniaus-sodyba.lt\/?page_id=52856"},"modified":"2024-08-11T20:41:11","modified_gmt":"2024-08-11T17:41:11","slug":"nakvynes-pasirinkimai","status":"publish","type":"page","link":"https:\/\/kalniaus-sodyba.lt\/ru\/nakvynes-pasirinkimai\/","title":{"rendered":"Nakvyn\u0117s pasirinkimai"},"content":{"rendered":"<div class=\"wpb-content-wrapper\">[vc_row][vc_column][vc_column_text css=&#187;&#187;]*Norint pamatyti daugiau informacijos, nuotraukas ir piln\u0105 rezervacijos form\u0105, spauskite ant namelio pavadinimo kair\u0117je kalendoriaus pus\u0117je, po m\u0117nesio pasirinkimu.[\/vc_column_text][vc_raw_html css=&#187;&#187;]JTVCd3Bicy1vdmVydmlldyUyMGNhbGVuZGFycyUzRCUyMjIlMkM0JTJDNSUyQzMlMkM3JTJDOCUyQzYlMkM5JTJDMTAlMjIlMjBsZWdlbmQlM0QlMjJ5ZXMlMjIlMjBsZWdlbmRfcG9zaXRpb24lM0QlMjJ0b3AlMjIlMjBzdGFydF95ZWFyJTNEJTIyMCUyMiUyMHN0YXJ0X21vbnRoJTNEJTIyMCUyMiUyMGhpc3RvcnklM0QlMjIxJTIyJTIwdG9vbHRpcCUzRCUyMjElMjIlMjB3ZWVrbnVtYmVycyUzRCUyMnllcyUyMiUyMGxhbmd1YWdlJTNEJTIyYXV0byUyMiU1RA==[\/vc_raw_html][\/vc_column][\/vc_row]\n<\/div>","protected":false},"excerpt":{"rendered":"<p>[vc_row][vc_column][vc_column_text css=&#187;&#187;]*Norint pamatyti daugiau informacijos, nuotraukas ir piln\u0105 rezervacijos form\u0105, spauskite ant namelio pavadinimo kair\u0117je kalendoriaus pus\u0117je, po m\u0117nesio pasirinkimu.[\/vc_column_text][vc_raw_html css=&#187;&#187;]JTVCd3Bicy1vdmVydmlldyUyMGNhbGVuZGFycyUzRCUyMjIlMkM0JTJDNSUyQzMlMkM3JTJDOCUyQzYlMkM5JTJDMTAlMjIlMjBsZWdlbmQlM0QlMjJ5ZXMlMjIlMjBsZWdlbmRfcG9zaXRpb24lM0QlMjJ0b3AlMjIlMjBzdGFydF95ZWFyJTNEJTIyMCUyMiUyMHN0YXJ0X21vbnRoJTNEJTIyMCUyMiUyMGhpc3RvcnklM0QlMjIxJTIyJTIwdG9vbHRpcCUzRCUyMjElMjIlMjB3ZWVrbnVtYmVycyUzRCUyMnllcyUyMiUyMGxhbmd1YWdlJTNEJTIyYXV0byUyMiU1RA==[\/vc_raw_html][\/vc_column][\/vc_row]<\/p>\n","protected":false},"author":1,"featured_media":0,"parent":0,"menu_order":0,"comment_status":"closed","ping_status":"closed","template":"","meta":{"footnotes":""},"class_list":["post-52856","page","type-page","status-publish","hentry"],"translation":{"provider":"WPGlobus","version":"3.0.1","language":"ru","enabled_languages":["lt","en","ru"],"languages":{"lt":{"title":true,"content":true,"excerpt":false},"en":{"title":false,"content":false,"excerpt":false},"ru":{"title":false,"content":false,"excerpt":false}}},"yoast_head":"<!-- This site is optimized with the Yoast SEO plugin v26.6 - https:\/\/yoast.com\/wordpress\/plugins\/seo\/ -->\n<title>Nakvyn\u0117s pasirinkimai - \u041a\u0430\u043b\u044c\u043d\u044e\u0441\u0441\u043a\u0430\u044f \u0443\u0441\u0430\u0434\u044c\u0431\u0430<\/title>\n<meta name=\"robots\" content=\"index, follow, max-snippet:-1, max-image-preview:large, max-video-preview:-1\" \/>\n<link rel=\"canonical\" href=\"https:\/\/kalniaus-sodyba.lt\/nakvynes-pasirinkimai\/\" \/>\n<meta property=\"og:locale\" content=\"ru_RU\" \/>\n<meta property=\"og:type\" content=\"article\" \/>\n<meta property=\"og:title\" content=\"Nakvyn\u0117s pasirinkimai - \u041a\u0430\u043b\u044c\u043d\u044e\u0441\u0441\u043a\u0430\u044f \u0443\u0441\u0430\u0434\u044c\u0431\u0430\" \/>\n<meta property=\"og:url\" content=\"https:\/\/kalniaus-sodyba.lt\/nakvynes-pasirinkimai\/\" \/>\n<meta property=\"og:site_name\" content=\"\u041a\u0430\u043b\u044c\u043d\u044e\u0441\u0441\u043a\u0430\u044f \u0443\u0441\u0430\u0434\u044c\u0431\u0430\" \/>\n<meta property=\"article:modified_time\" content=\"2024-08-11T17:41:11+00:00\" \/>\n<meta name=\"twitter:card\" content=\"summary_large_image\" \/>\n<meta name=\"twitter:label1\" content=\"\u041f\u0440\u0438\u043c\u0435\u0440\u043d\u043e\u0435 \u0432\u0440\u0435\u043c\u044f \u0434\u043b\u044f \u0447\u0442\u0435\u043d\u0438\u044f\" \/>\n\t<meta name=\"twitter:data1\" content=\"1 \u043c\u0438\u043d\u0443\u0442\u0430\" \/>\n<script type=\"application\/ld+json\" class=\"yoast-schema-graph\">{\"@context\":\"https:\/\/schema.org\",\"@graph\":[{\"@type\":\"WebPage\",\"@id\":\"https:\/\/kalniaus-sodyba.lt\/nakvynes-pasirinkimai\/\",\"url\":\"https:\/\/kalniaus-sodyba.lt\/nakvynes-pasirinkimai\/\",\"name\":\"Nakvyn\u0117s pasirinkimai - \u041a\u0430\u043b\u044c\u043d\u044e\u0441\u0441\u043a\u0430\u044f \u0443\u0441\u0430\u0434\u044c\u0431\u0430\",\"isPartOf\":{\"@id\":\"https:\/\/kalniaus-sodyba.lt\/#website\"},\"datePublished\":\"2024-07-29T14:21:36+00:00\",\"dateModified\":\"2024-08-11T17:41:11+00:00\",\"breadcrumb\":{\"@id\":\"https:\/\/kalniaus-sodyba.lt\/nakvynes-pasirinkimai\/#breadcrumb\"},\"inLanguage\":\"ru-RU\",\"potentialAction\":[{\"@type\":\"ReadAction\",\"target\":[\"https:\/\/kalniaus-sodyba.lt\/nakvynes-pasirinkimai\/\"]}]},{\"@type\":\"BreadcrumbList\",\"@id\":\"https:\/\/kalniaus-sodyba.lt\/nakvynes-pasirinkimai\/#breadcrumb\",\"itemListElement\":[{\"@type\":\"ListItem\",\"position\":1,\"name\":\"Home\",\"item\":\"https:\/\/kalniaus-sodyba.lt\/\"},{\"@type\":\"ListItem\",\"position\":2,\"name\":\"Nakvyn\u0117s pasirinkimai\"}]},{\"@type\":\"WebSite\",\"@id\":\"https:\/\/kalniaus-sodyba.lt\/#website\",\"url\":\"https:\/\/kalniaus-sodyba.lt\/\",\"name\":\"\u041a\u0430\u043b\u044c\u043d\u044e\u0441\u0441\u043a\u0430\u044f \u0443\u0441\u0430\u0434\u044c\u0431\u0430\",\"description\":\"\u041e\u0442\u0434\u044b\u0445 \u0443 \u043e\u0437\u0435\u0440\u0430\",\"potentialAction\":[{\"@type\":\"SearchAction\",\"target\":{\"@type\":\"EntryPoint\",\"urlTemplate\":\"https:\/\/kalniaus-sodyba.lt\/?s={search_term_string}\"},\"query-input\":{\"@type\":\"PropertyValueSpecification\",\"valueRequired\":true,\"valueName\":\"search_term_string\"}}],\"inLanguage\":\"ru-RU\"}]}<\/script>\n<!-- \/ Yoast SEO plugin. -->","yoast_head_json":{"title":"Nakvyn\u0117s pasirinkimai - \u041a\u0430\u043b\u044c\u043d\u044e\u0441\u0441\u043a\u0430\u044f \u0443\u0441\u0430\u0434\u044c\u0431\u0430","robots":{"index":"index","follow":"follow","max-snippet":"max-snippet:-1","max-image-preview":"max-image-preview:large","max-video-preview":"max-video-preview:-1"},"canonical":"https:\/\/kalniaus-sodyba.lt\/nakvynes-pasirinkimai\/","og_locale":"ru_RU","og_type":"article","og_title":"Nakvyn\u0117s pasirinkimai - \u041a\u0430\u043b\u044c\u043d\u044e\u0441\u0441\u043a\u0430\u044f \u0443\u0441\u0430\u0434\u044c\u0431\u0430","og_url":"https:\/\/kalniaus-sodyba.lt\/nakvynes-pasirinkimai\/","og_site_name":"\u041a\u0430\u043b\u044c\u043d\u044e\u0441\u0441\u043a\u0430\u044f \u0443\u0441\u0430\u0434\u044c\u0431\u0430","article_modified_time":"2024-08-11T17:41:11+00:00","twitter_card":"summary_large_image","twitter_misc":{"\u041f\u0440\u0438\u043c\u0435\u0440\u043d\u043e\u0435 \u0432\u0440\u0435\u043c\u044f \u0434\u043b\u044f \u0447\u0442\u0435\u043d\u0438\u044f":"1 \u043c\u0438\u043d\u0443\u0442\u0430"},"schema":{"@context":"https:\/\/schema.org","@graph":[{"@type":"WebPage","@id":"https:\/\/kalniaus-sodyba.lt\/nakvynes-pasirinkimai\/","url":"https:\/\/kalniaus-sodyba.lt\/nakvynes-pasirinkimai\/","name":"Nakvyn\u0117s pasirinkimai - \u041a\u0430\u043b\u044c\u043d\u044e\u0441\u0441\u043a\u0430\u044f \u0443\u0441\u0430\u0434\u044c\u0431\u0430","isPartOf":{"@id":"https:\/\/kalniaus-sodyba.lt\/#website"},"datePublished":"2024-07-29T14:21:36+00:00","dateModified":"2024-08-11T17:41:11+00:00","breadcrumb":{"@id":"https:\/\/kalniaus-sodyba.lt\/nakvynes-pasirinkimai\/#breadcrumb"},"inLanguage":"ru-RU","potentialAction":[{"@type":"ReadAction","target":["https:\/\/kalniaus-sodyba.lt\/nakvynes-pasirinkimai\/"]}]},{"@type":"BreadcrumbList","@id":"https:\/\/kalniaus-sodyba.lt\/nakvynes-pasirinkimai\/#breadcrumb","itemListElement":[{"@type":"ListItem","position":1,"name":"Home","item":"https:\/\/kalniaus-sodyba.lt\/"},{"@type":"ListItem","position":2,"name":"Nakvyn\u0117s pasirinkimai"}]},{"@type":"WebSite","@id":"https:\/\/kalniaus-sodyba.lt\/#website","url":"https:\/\/kalniaus-sodyba.lt\/","name":"\u041a\u0430\u043b\u044c\u043d\u044e\u0441\u0441\u043a\u0430\u044f \u0443\u0441\u0430\u0434\u044c\u0431\u0430","description":"\u041e\u0442\u0434\u044b\u0445 \u0443 \u043e\u0437\u0435\u0440\u0430","potentialAction":[{"@type":"SearchAction","target":{"@type":"EntryPoint","urlTemplate":"https:\/\/kalniaus-sodyba.lt\/?s={search_term_string}"},"query-input":{"@type":"PropertyValueSpecification","valueRequired":true,"valueName":"search_term_string"}}],"inLanguage":"ru-RU"}]}},"_links":{"self":[{"href":"https:\/\/kalniaus-sodyba.lt\/ru\/wp-json\/wp\/v2\/pages\/52856","targetHints":{"allow":["GET"]}}],"collection":[{"href":"https:\/\/kalniaus-sodyba.lt\/ru\/wp-json\/wp\/v2\/pages"}],"about":[{"href":"https:\/\/kalniaus-sodyba.lt\/ru\/wp-json\/wp\/v2\/types\/page"}],"author":[{"embeddable":true,"href":"https:\/\/kalniaus-sodyba.lt\/ru\/wp-json\/wp\/v2\/users\/1"}],"replies":[{"embeddable":true,"href":"https:\/\/kalniaus-sodyba.lt\/ru\/wp-json\/wp\/v2\/comments?post=52856"}],"version-history":[{"count":16,"href":"https:\/\/kalniaus-sodyba.lt\/ru\/wp-json\/wp\/v2\/pages\/52856\/revisions"}],"predecessor-version":[{"id":53010,"href":"https:\/\/kalniaus-sodyba.lt\/ru\/wp-json\/wp\/v2\/pages\/52856\/revisions\/53010"}],"wp:attachment":[{"href":"https:\/\/kalniaus-sodyba.lt\/ru\/wp-json\/wp\/v2\/media?parent=52856"}],"curies":[{"name":"wp","href":"https:\/\/api.w.org\/{rel}","templated":true}]}}