{"id":4957,"date":"2021-03-11T11:56:38","date_gmt":"2021-03-11T11:56:38","guid":{"rendered":"http:\/\/dev.kalniaus-sodyba.lt\/?page_id=4957"},"modified":"2024-08-11T21:13:28","modified_gmt":"2024-08-11T18:13:28","slug":"d-u-k","status":"publish","type":"page","link":"https:\/\/kalniaus-sodyba.lt\/ru\/d-u-k\/","title":{"rendered":"D.U.K."},"content":{"rendered":"<div class=\"wpb-content-wrapper\">[vc_row][vc_column][vc_tta_accordion][vc_tta_section title=&#187;Ar sodyboje yra maudykla?&#187; tab_id=&#187;1615462579716-c3f00767-3d69&#8243;][vc_column_text]Taip, sodyboje rasite priva\u010di\u0105 maudykl\u0105.[\/vc_column_text][\/vc_tta_section][vc_tta_section title=&#187;Ar pirtis yra tame pa\u010diame namelyje?&#187; tab_id=&#187;1615462579739-0262974c-be92&#8243;][vc_column_text]\n<div class=\"open\" data-accordion=\"\">\n<div class=\"journal-accordion-content\" data-content=\"\">\n<div>\n<p>Ne. Pirtis yra atskiras pastatas &#8212; \u0161alia maudyklos.<\/p><\/div>\n<\/div>\n<\/div>\n[\/vc_column_text][\/vc_tta_section][vc_tta_section title=&#187;Ar namelyje yra patogumai?&#187; tab_id=&#187;1615463543267-5fa434f2-bfc7&#8243;][vc_column_text]\n<div class=\"open\" data-accordion=\"\">\n<div class=\"journal-accordion-content\" data-content=\"\">\n<div>\n<p>Taip. Namelyje rasite visus patogumus: tualetas, du\u0161as, plauk\u0173 d\u017eiovintuvas, virduliukas, virykl\u0117, patalyn\u0117, rank\u0161luos\u010diai, \u0161a\u0161lykin\u0117 ir t.t<\/p><\/div>\n<\/div>\n<\/div>\n[\/vc_column_text][\/vc_tta_section][vc_tta_section title=&#187;Ar priimate su augintiniais?&#187; tab_id=&#187;1615463545586-459648b6-09bf&#187;][vc_column_text css=&#187;&#187;]\n<div class=\"open\" data-accordion=\"\">\n<div class=\"journal-accordion-content\" data-content=\"\">\n<div>\n<p>Taip, ta\u010diau tik i\u0161 anksto susitarus. \u0160eimininkai atsako u\u017e savo gyv\u016bn\u0173 veiksmus. Sodyboje auginami naminiai gyv\u016bnai, \u017eirgai, \u0161unys, pauk\u0161\u010diai ir kt.. Sodybos \u0161unys gali b\u016bti laikinai u\u017edaryti sve\u010diams papra\u0161ius.<\/p>\n<\/div>\n<\/div>\n<\/div>\n[\/vc_column_text][\/vc_tta_section][vc_tta_section title=&#187;Ar yra vaik\u0173 \u017eaidim\u0173 aik\u0161tel\u0117?&#187; tab_id=&#187;1615463546327-685791ea-d2b3&#8243;][vc_column_text]\n<div class=\"open\" data-accordion=\"\">\n<div class=\"journal-accordion-content\" data-content=\"\">\n<div>\n<p dir=\"ltr\">Taip. Vaik\u0173 \u017eaidim\u0173 aik\u0161tel\u0117je rasite supynes, \u010diuo\u017eykl\u0105, sm\u0117lio d\u0117\u017e\u0119, batut\u0105.<\/p>\n<\/div>\n<\/div>\n<\/div>\n[\/vc_column_text][\/vc_tta_section][vc_tta_section title=&#187;Kiek \u017emoni\u0173 gali miegoti namelyje?&#187; tab_id=&#187;1615463547007-01161d36-baf5&#8243;][vc_column_text css=&#187;&#187;]Kiekvienas namelis turi po du dvivie\u010dius miegamuosius kuriuose gali apsistoti keturi asmenys, ta\u010diau esant pageidavimui priimame iki \u0161e\u0161i\u0173 asmen\u0173.<\/p>\n<p>Kai kurios patalpos, pvz, jurta, stiklinis namelis, palapin\u0117s med\u017eiuose yra i\u0161skirtinai skirti tik dviems \u017emon\u0117ms.[\/vc_column_text][\/vc_tta_section][vc_tta_section title=&#187;Ar nuomojat sodyb\u0105 vestuv\u0117ms?&#187; tab_id=&#187;1615463547794-51fcdd51-895b&#187;][vc_column_text]\n<div id=\"journal-accordion-1853828465\" class=\"journal-accordion journal-accordion-209 box \">\n<div data-accordion-group=\"\">\n<div class=\"open\" data-accordion=\"\">\n<div class=\"journal-accordion-content\" data-content=\"\">\n<div>\n<p>Ne, vestuv\u0117ms sodyba nenomuojama. Nuoma galima tik ramiems pasibuvimams.<\/p><\/div>\n<\/div>\n<\/div>\n<\/div>\n<\/div>\n[\/vc_column_text][\/vc_tta_section][vc_tta_section title=&#187;Ar galima pasikviesti sve\u010di\u0173?&#187; tab_id=&#187;1723399755296-ef9cbb60-ced7&#8243;][vc_column_text css=&#187;&#187;]Ne. Sve\u010diai atvykti gali tik tokiu atveju, <strong>jeigu yra i\u0161 anksto sutarta<\/strong> su administratoriu. Privaloma prane\u0161ti apie sve\u010di\u0173, automobili\u0173, gyv\u016bn\u0173 kiek\u012f. Apgyvendinimo paslaug\u0173 teik\u0117jas gali papra\u0161yti papildomo mokes\u010dio u\u017e sve\u010dius arba bet kuriuo metu i\u0161pra\u0161yti juos i\u0161 sodybos teritorijos. Atvykus sve\u010diams, u\u017esakovas yra atsakingas u\u017e j\u0173 elges\u012f sodyboje, supa\u017eindinim\u0105 su sodybos taisykl\u0117mis.[\/vc_column_text][\/vc_tta_section][\/vc_tta_accordion][\/vc_column][\/vc_row]\n<\/div>","protected":false},"excerpt":{"rendered":"<p>[vc_row][vc_column][vc_tta_accordion][vc_tta_section title=&#187;Ar sodyboje yra maudykla?&#187; tab_id=&#187;1615462579716-c3f00767-3d69&#8243;][vc_column_text]Taip, sodyboje rasite priva\u010di\u0105 maudykl\u0105.[\/vc_column_text][\/vc_tta_section][vc_tta_section title=&#187;Ar pirtis yra tame pa\u010diame namelyje?&#187; tab_id=&#187;1615462579739-0262974c-be92&#8243;][vc_column_text] Ne. Pirtis yra atskiras pastatas &#8212; \u0161alia maudyklos. [\/vc_column_text][\/vc_tta_section][vc_tta_section title=&#187;Ar namelyje yra patogumai?&#187; tab_id=&#187;1615463543267-5fa434f2-bfc7&#8243;][vc_column_text] Taip. Namelyje rasite visus patogumus: tualetas, du\u0161as, plauk\u0173 d\u017eiovintuvas, virduliukas, virykl\u0117, patalyn\u0117, rank\u0161luos\u010diai, \u0161a\u0161lykin\u0117 ir t.t [\/vc_column_text][\/vc_tta_section][vc_tta_section title=&#187;Ar priimate [&hellip;]<\/p>\n","protected":false},"author":1,"featured_media":0,"parent":0,"menu_order":0,"comment_status":"closed","ping_status":"closed","template":"","meta":{"footnotes":""},"class_list":["post-4957","page","type-page","status-publish","hentry"],"translation":{"provider":"WPGlobus","version":"3.0.1","language":"ru","enabled_languages":["lt","en","ru"],"languages":{"lt":{"title":true,"content":true,"excerpt":false},"en":{"title":false,"content":false,"excerpt":false},"ru":{"title":false,"content":false,"excerpt":false}}},"yoast_head":"<!-- This site is optimized with the Yoast SEO plugin v26.6 - https:\/\/yoast.com\/wordpress\/plugins\/seo\/ -->\n<title>D.U.K. - \u041a\u0430\u043b\u044c\u043d\u044e\u0441\u0441\u043a\u0430\u044f \u0443\u0441\u0430\u0434\u044c\u0431\u0430<\/title>\n<meta name=\"robots\" content=\"index, follow, max-snippet:-1, max-image-preview:large, max-video-preview:-1\" \/>\n<link rel=\"canonical\" href=\"https:\/\/kalniaus-sodyba.lt\/d-u-k\/\" \/>\n<meta property=\"og:locale\" content=\"ru_RU\" \/>\n<meta property=\"og:type\" content=\"article\" \/>\n<meta property=\"og:title\" content=\"D.U.K. - \u041a\u0430\u043b\u044c\u043d\u044e\u0441\u0441\u043a\u0430\u044f \u0443\u0441\u0430\u0434\u044c\u0431\u0430\" \/>\n<meta property=\"og:url\" content=\"https:\/\/kalniaus-sodyba.lt\/d-u-k\/\" \/>\n<meta property=\"og:site_name\" content=\"\u041a\u0430\u043b\u044c\u043d\u044e\u0441\u0441\u043a\u0430\u044f \u0443\u0441\u0430\u0434\u044c\u0431\u0430\" \/>\n<meta property=\"article:modified_time\" content=\"2024-08-11T18:13:28+00:00\" \/>\n<meta name=\"twitter:card\" content=\"summary_large_image\" \/>\n<meta name=\"twitter:label1\" content=\"\u041f\u0440\u0438\u043c\u0435\u0440\u043d\u043e\u0435 \u0432\u0440\u0435\u043c\u044f \u0434\u043b\u044f \u0447\u0442\u0435\u043d\u0438\u044f\" \/>\n\t<meta name=\"twitter:data1\" content=\"1 \u043c\u0438\u043d\u0443\u0442\u0430\" \/>\n<script type=\"application\/ld+json\" class=\"yoast-schema-graph\">{\"@context\":\"https:\/\/schema.org\",\"@graph\":[{\"@type\":\"WebPage\",\"@id\":\"https:\/\/kalniaus-sodyba.lt\/d-u-k\/\",\"url\":\"https:\/\/kalniaus-sodyba.lt\/d-u-k\/\",\"name\":\"D.U.K. - \u041a\u0430\u043b\u044c\u043d\u044e\u0441\u0441\u043a\u0430\u044f \u0443\u0441\u0430\u0434\u044c\u0431\u0430\",\"isPartOf\":{\"@id\":\"https:\/\/kalniaus-sodyba.lt\/#website\"},\"datePublished\":\"2021-03-11T11:56:38+00:00\",\"dateModified\":\"2024-08-11T18:13:28+00:00\",\"breadcrumb\":{\"@id\":\"https:\/\/kalniaus-sodyba.lt\/d-u-k\/#breadcrumb\"},\"inLanguage\":\"ru-RU\",\"potentialAction\":[{\"@type\":\"ReadAction\",\"target\":[\"https:\/\/kalniaus-sodyba.lt\/d-u-k\/\"]}]},{\"@type\":\"BreadcrumbList\",\"@id\":\"https:\/\/kalniaus-sodyba.lt\/d-u-k\/#breadcrumb\",\"itemListElement\":[{\"@type\":\"ListItem\",\"position\":1,\"name\":\"Home\",\"item\":\"https:\/\/kalniaus-sodyba.lt\/\"},{\"@type\":\"ListItem\",\"position\":2,\"name\":\"D.U.K.\"}]},{\"@type\":\"WebSite\",\"@id\":\"https:\/\/kalniaus-sodyba.lt\/#website\",\"url\":\"https:\/\/kalniaus-sodyba.lt\/\",\"name\":\"\u041a\u0430\u043b\u044c\u043d\u044e\u0441\u0441\u043a\u0430\u044f \u0443\u0441\u0430\u0434\u044c\u0431\u0430\",\"description\":\"\u041e\u0442\u0434\u044b\u0445 \u0443 \u043e\u0437\u0435\u0440\u0430\",\"potentialAction\":[{\"@type\":\"SearchAction\",\"target\":{\"@type\":\"EntryPoint\",\"urlTemplate\":\"https:\/\/kalniaus-sodyba.lt\/?s={search_term_string}\"},\"query-input\":{\"@type\":\"PropertyValueSpecification\",\"valueRequired\":true,\"valueName\":\"search_term_string\"}}],\"inLanguage\":\"ru-RU\"}]}<\/script>\n<!-- \/ Yoast SEO plugin. -->","yoast_head_json":{"title":"D.U.K. - \u041a\u0430\u043b\u044c\u043d\u044e\u0441\u0441\u043a\u0430\u044f \u0443\u0441\u0430\u0434\u044c\u0431\u0430","robots":{"index":"index","follow":"follow","max-snippet":"max-snippet:-1","max-image-preview":"max-image-preview:large","max-video-preview":"max-video-preview:-1"},"canonical":"https:\/\/kalniaus-sodyba.lt\/d-u-k\/","og_locale":"ru_RU","og_type":"article","og_title":"D.U.K. - \u041a\u0430\u043b\u044c\u043d\u044e\u0441\u0441\u043a\u0430\u044f \u0443\u0441\u0430\u0434\u044c\u0431\u0430","og_url":"https:\/\/kalniaus-sodyba.lt\/d-u-k\/","og_site_name":"\u041a\u0430\u043b\u044c\u043d\u044e\u0441\u0441\u043a\u0430\u044f \u0443\u0441\u0430\u0434\u044c\u0431\u0430","article_modified_time":"2024-08-11T18:13:28+00:00","twitter_card":"summary_large_image","twitter_misc":{"\u041f\u0440\u0438\u043c\u0435\u0440\u043d\u043e\u0435 \u0432\u0440\u0435\u043c\u044f \u0434\u043b\u044f \u0447\u0442\u0435\u043d\u0438\u044f":"1 \u043c\u0438\u043d\u0443\u0442\u0430"},"schema":{"@context":"https:\/\/schema.org","@graph":[{"@type":"WebPage","@id":"https:\/\/kalniaus-sodyba.lt\/d-u-k\/","url":"https:\/\/kalniaus-sodyba.lt\/d-u-k\/","name":"D.U.K. - \u041a\u0430\u043b\u044c\u043d\u044e\u0441\u0441\u043a\u0430\u044f \u0443\u0441\u0430\u0434\u044c\u0431\u0430","isPartOf":{"@id":"https:\/\/kalniaus-sodyba.lt\/#website"},"datePublished":"2021-03-11T11:56:38+00:00","dateModified":"2024-08-11T18:13:28+00:00","breadcrumb":{"@id":"https:\/\/kalniaus-sodyba.lt\/d-u-k\/#breadcrumb"},"inLanguage":"ru-RU","potentialAction":[{"@type":"ReadAction","target":["https:\/\/kalniaus-sodyba.lt\/d-u-k\/"]}]},{"@type":"BreadcrumbList","@id":"https:\/\/kalniaus-sodyba.lt\/d-u-k\/#breadcrumb","itemListElement":[{"@type":"ListItem","position":1,"name":"Home","item":"https:\/\/kalniaus-sodyba.lt\/"},{"@type":"ListItem","position":2,"name":"D.U.K."}]},{"@type":"WebSite","@id":"https:\/\/kalniaus-sodyba.lt\/#website","url":"https:\/\/kalniaus-sodyba.lt\/","name":"\u041a\u0430\u043b\u044c\u043d\u044e\u0441\u0441\u043a\u0430\u044f \u0443\u0441\u0430\u0434\u044c\u0431\u0430","description":"\u041e\u0442\u0434\u044b\u0445 \u0443 \u043e\u0437\u0435\u0440\u0430","potentialAction":[{"@type":"SearchAction","target":{"@type":"EntryPoint","urlTemplate":"https:\/\/kalniaus-sodyba.lt\/?s={search_term_string}"},"query-input":{"@type":"PropertyValueSpecification","valueRequired":true,"valueName":"search_term_string"}}],"inLanguage":"ru-RU"}]}},"_links":{"self":[{"href":"https:\/\/kalniaus-sodyba.lt\/ru\/wp-json\/wp\/v2\/pages\/4957","targetHints":{"allow":["GET"]}}],"collection":[{"href":"https:\/\/kalniaus-sodyba.lt\/ru\/wp-json\/wp\/v2\/pages"}],"about":[{"href":"https:\/\/kalniaus-sodyba.lt\/ru\/wp-json\/wp\/v2\/types\/page"}],"author":[{"embeddable":true,"href":"https:\/\/kalniaus-sodyba.lt\/ru\/wp-json\/wp\/v2\/users\/1"}],"replies":[{"embeddable":true,"href":"https:\/\/kalniaus-sodyba.lt\/ru\/wp-json\/wp\/v2\/comments?post=4957"}],"version-history":[{"count":5,"href":"https:\/\/kalniaus-sodyba.lt\/ru\/wp-json\/wp\/v2\/pages\/4957\/revisions"}],"predecessor-version":[{"id":53579,"href":"https:\/\/kalniaus-sodyba.lt\/ru\/wp-json\/wp\/v2\/pages\/4957\/revisions\/53579"}],"wp:attachment":[{"href":"https:\/\/kalniaus-sodyba.lt\/ru\/wp-json\/wp\/v2\/media?parent=4957"}],"curies":[{"name":"wp","href":"https:\/\/api.w.org\/{rel}","templated":true}]}}