{"id":45998,"date":"2022-06-21T17:58:23","date_gmt":"2022-06-21T14:58:23","guid":{"rendered":"http:\/\/kalniaus-sodyba.lt\/?page_id=45998"},"modified":"2024-07-29T18:02:44","modified_gmt":"2024-07-29T15:02:44","slug":"pirma-palapine","status":"publish","type":"page","link":"https:\/\/kalniaus-sodyba.lt\/ru\/pirma-palapine\/","title":{"rendered":"Pirma palapin\u0117"},"content":{"rendered":"<p><a href=\"http:\/\/kalniaus-sodyba.lt\/wp-content\/uploads\/2022\/06\/atvykimas.mov\">Atvykimas \u012f palapine<\/a><a href=\"http:\/\/kalniaus-sodyba.lt\/wp-content\/uploads\/2022\/06\/atvykimas.mov\"><img loading=\"lazy\" decoding=\"async\" class=\"alignright wp-image-44624 \" src=\"http:\/\/kalniaus-sodyba.lt\/wp-content\/uploads\/2019\/01\/MGL1154-300x200.jpg\" alt=\"\" width=\"380\" height=\"253\" srcset=\"https:\/\/kalniaus-sodyba.lt\/wp-content\/uploads\/2019\/01\/MGL1154-300x200.jpg 300w, https:\/\/kalniaus-sodyba.lt\/wp-content\/uploads\/2019\/01\/MGL1154-scaled-900x600.jpg 900w, https:\/\/kalniaus-sodyba.lt\/wp-content\/uploads\/2019\/01\/MGL1154-1024x683.jpg 1024w, https:\/\/kalniaus-sodyba.lt\/wp-content\/uploads\/2019\/01\/MGL1154-768x512.jpg 768w, https:\/\/kalniaus-sodyba.lt\/wp-content\/uploads\/2019\/01\/MGL1154-1536x1024.jpg 1536w, https:\/\/kalniaus-sodyba.lt\/wp-content\/uploads\/2019\/01\/MGL1154-2048x1365.jpg 2048w, https:\/\/kalniaus-sodyba.lt\/wp-content\/uploads\/2019\/01\/MGL1154-600x400.jpg 600w\" sizes=\"auto, (max-width: 380px) 100vw, 380px\" \/><\/a><\/p>\n<p><a href=\"http:\/\/kalniaus-sodyba.lt\/wp-content\/uploads\/2022\/06\/apsvietimas.mov\">\u0160vies\u0173 \u012fjungimas<\/a><\/p>\n<p>Griliaus veikimo instrukcija:<\/p>\n<p>Ofuro vonios instrukcija:<\/p>\n<p><a href=\"http:\/\/kalniaus-sodyba.lt\/wp-content\/uploads\/2022\/06\/video-output-582983EA-DCEA-4F49-8F27-C60025C7EE3F.mov\">Tuoletas<\/a><\/p>\n","protected":false},"excerpt":{"rendered":"<p>Atvykimas \u012f palapine \u0160vies\u0173 \u012fjungimas Griliaus veikimo instrukcija: Ofuro vonios instrukcija: Tuoletas<\/p>\n","protected":false},"author":1,"featured_media":0,"parent":0,"menu_order":0,"comment_status":"closed","ping_status":"closed","template":"","meta":{"footnotes":""},"class_list":["post-45998","page","type-page","status-publish","hentry"],"translation":{"provider":"WPGlobus","version":"3.0.1","language":"ru","enabled_languages":["lt","en","ru"],"languages":{"lt":{"title":true,"content":true,"excerpt":false},"en":{"title":false,"content":false,"excerpt":false},"ru":{"title":false,"content":false,"excerpt":false}}},"yoast_head":"<!-- This site is optimized with the Yoast SEO plugin v26.6 - https:\/\/yoast.com\/wordpress\/plugins\/seo\/ -->\n<title>Pirma palapin\u0117 - \u041a\u0430\u043b\u044c\u043d\u044e\u0441\u0441\u043a\u0430\u044f \u0443\u0441\u0430\u0434\u044c\u0431\u0430<\/title>\n<meta name=\"robots\" content=\"index, nofollow, max-snippet:-1, max-image-preview:large, max-video-preview:-1\" \/>\n<link rel=\"canonical\" href=\"https:\/\/kalniaus-sodyba.lt\/pirma-palapine\/\" \/>\n<meta property=\"og:locale\" content=\"ru_RU\" \/>\n<meta property=\"og:type\" content=\"article\" \/>\n<meta property=\"og:title\" content=\"Pirma palapin\u0117 - \u041a\u0430\u043b\u044c\u043d\u044e\u0441\u0441\u043a\u0430\u044f \u0443\u0441\u0430\u0434\u044c\u0431\u0430\" \/>\n<meta property=\"og:url\" content=\"https:\/\/kalniaus-sodyba.lt\/pirma-palapine\/\" \/>\n<meta property=\"og:site_name\" content=\"\u041a\u0430\u043b\u044c\u043d\u044e\u0441\u0441\u043a\u0430\u044f \u0443\u0441\u0430\u0434\u044c\u0431\u0430\" \/>\n<meta property=\"article:modified_time\" content=\"2024-07-29T15:02:44+00:00\" \/>\n<meta property=\"og:image\" content=\"http:\/\/kalniaus-sodyba.lt\/wp-content\/uploads\/2019\/01\/MGL1154-300x200.jpg\" \/>\n<meta name=\"twitter:card\" content=\"summary_large_image\" \/>\n<meta name=\"twitter:label1\" content=\"\u041f\u0440\u0438\u043c\u0435\u0440\u043d\u043e\u0435 \u0432\u0440\u0435\u043c\u044f \u0434\u043b\u044f \u0447\u0442\u0435\u043d\u0438\u044f\" \/>\n\t<meta name=\"twitter:data1\" content=\"1 \u043c\u0438\u043d\u0443\u0442\u0430\" \/>\n<script type=\"application\/ld+json\" class=\"yoast-schema-graph\">{\"@context\":\"https:\/\/schema.org\",\"@graph\":[{\"@type\":\"WebPage\",\"@id\":\"https:\/\/kalniaus-sodyba.lt\/pirma-palapine\/\",\"url\":\"https:\/\/kalniaus-sodyba.lt\/pirma-palapine\/\",\"name\":\"Pirma palapin\u0117 - \u041a\u0430\u043b\u044c\u043d\u044e\u0441\u0441\u043a\u0430\u044f \u0443\u0441\u0430\u0434\u044c\u0431\u0430\",\"isPartOf\":{\"@id\":\"https:\/\/kalniaus-sodyba.lt\/#website\"},\"primaryImageOfPage\":{\"@id\":\"https:\/\/kalniaus-sodyba.lt\/pirma-palapine\/#primaryimage\"},\"image\":{\"@id\":\"https:\/\/kalniaus-sodyba.lt\/pirma-palapine\/#primaryimage\"},\"thumbnailUrl\":\"http:\/\/kalniaus-sodyba.lt\/wp-content\/uploads\/2019\/01\/MGL1154-300x200.jpg\",\"datePublished\":\"2022-06-21T14:58:23+00:00\",\"dateModified\":\"2024-07-29T15:02:44+00:00\",\"breadcrumb\":{\"@id\":\"https:\/\/kalniaus-sodyba.lt\/pirma-palapine\/#breadcrumb\"},\"inLanguage\":\"ru-RU\",\"potentialAction\":[{\"@type\":\"ReadAction\",\"target\":[\"https:\/\/kalniaus-sodyba.lt\/pirma-palapine\/\"]}]},{\"@type\":\"ImageObject\",\"inLanguage\":\"ru-RU\",\"@id\":\"https:\/\/kalniaus-sodyba.lt\/pirma-palapine\/#primaryimage\",\"url\":\"http:\/\/kalniaus-sodyba.lt\/wp-content\/uploads\/2019\/01\/MGL1154-300x200.jpg\",\"contentUrl\":\"http:\/\/kalniaus-sodyba.lt\/wp-content\/uploads\/2019\/01\/MGL1154-300x200.jpg\"},{\"@type\":\"BreadcrumbList\",\"@id\":\"https:\/\/kalniaus-sodyba.lt\/pirma-palapine\/#breadcrumb\",\"itemListElement\":[{\"@type\":\"ListItem\",\"position\":1,\"name\":\"Home\",\"item\":\"https:\/\/kalniaus-sodyba.lt\/\"},{\"@type\":\"ListItem\",\"position\":2,\"name\":\"Pirma palapin\u0117\"}]},{\"@type\":\"WebSite\",\"@id\":\"https:\/\/kalniaus-sodyba.lt\/#website\",\"url\":\"https:\/\/kalniaus-sodyba.lt\/\",\"name\":\"\u041a\u0430\u043b\u044c\u043d\u044e\u0441\u0441\u043a\u0430\u044f \u0443\u0441\u0430\u0434\u044c\u0431\u0430\",\"description\":\"\u041e\u0442\u0434\u044b\u0445 \u0443 \u043e\u0437\u0435\u0440\u0430\",\"potentialAction\":[{\"@type\":\"SearchAction\",\"target\":{\"@type\":\"EntryPoint\",\"urlTemplate\":\"https:\/\/kalniaus-sodyba.lt\/?s={search_term_string}\"},\"query-input\":{\"@type\":\"PropertyValueSpecification\",\"valueRequired\":true,\"valueName\":\"search_term_string\"}}],\"inLanguage\":\"ru-RU\"}]}<\/script>\n<!-- \/ Yoast SEO plugin. -->","yoast_head_json":{"title":"Pirma palapin\u0117 - \u041a\u0430\u043b\u044c\u043d\u044e\u0441\u0441\u043a\u0430\u044f \u0443\u0441\u0430\u0434\u044c\u0431\u0430","robots":{"index":"index","follow":"nofollow","max-snippet":"max-snippet:-1","max-image-preview":"max-image-preview:large","max-video-preview":"max-video-preview:-1"},"canonical":"https:\/\/kalniaus-sodyba.lt\/pirma-palapine\/","og_locale":"ru_RU","og_type":"article","og_title":"Pirma palapin\u0117 - \u041a\u0430\u043b\u044c\u043d\u044e\u0441\u0441\u043a\u0430\u044f \u0443\u0441\u0430\u0434\u044c\u0431\u0430","og_url":"https:\/\/kalniaus-sodyba.lt\/pirma-palapine\/","og_site_name":"\u041a\u0430\u043b\u044c\u043d\u044e\u0441\u0441\u043a\u0430\u044f \u0443\u0441\u0430\u0434\u044c\u0431\u0430","article_modified_time":"2024-07-29T15:02:44+00:00","og_image":[{"url":"http:\/\/kalniaus-sodyba.lt\/wp-content\/uploads\/2019\/01\/MGL1154-300x200.jpg","type":"","width":"","height":""}],"twitter_card":"summary_large_image","twitter_misc":{"\u041f\u0440\u0438\u043c\u0435\u0440\u043d\u043e\u0435 \u0432\u0440\u0435\u043c\u044f \u0434\u043b\u044f \u0447\u0442\u0435\u043d\u0438\u044f":"1 \u043c\u0438\u043d\u0443\u0442\u0430"},"schema":{"@context":"https:\/\/schema.org","@graph":[{"@type":"WebPage","@id":"https:\/\/kalniaus-sodyba.lt\/pirma-palapine\/","url":"https:\/\/kalniaus-sodyba.lt\/pirma-palapine\/","name":"Pirma palapin\u0117 - \u041a\u0430\u043b\u044c\u043d\u044e\u0441\u0441\u043a\u0430\u044f \u0443\u0441\u0430\u0434\u044c\u0431\u0430","isPartOf":{"@id":"https:\/\/kalniaus-sodyba.lt\/#website"},"primaryImageOfPage":{"@id":"https:\/\/kalniaus-sodyba.lt\/pirma-palapine\/#primaryimage"},"image":{"@id":"https:\/\/kalniaus-sodyba.lt\/pirma-palapine\/#primaryimage"},"thumbnailUrl":"http:\/\/kalniaus-sodyba.lt\/wp-content\/uploads\/2019\/01\/MGL1154-300x200.jpg","datePublished":"2022-06-21T14:58:23+00:00","dateModified":"2024-07-29T15:02:44+00:00","breadcrumb":{"@id":"https:\/\/kalniaus-sodyba.lt\/pirma-palapine\/#breadcrumb"},"inLanguage":"ru-RU","potentialAction":[{"@type":"ReadAction","target":["https:\/\/kalniaus-sodyba.lt\/pirma-palapine\/"]}]},{"@type":"ImageObject","inLanguage":"ru-RU","@id":"https:\/\/kalniaus-sodyba.lt\/pirma-palapine\/#primaryimage","url":"http:\/\/kalniaus-sodyba.lt\/wp-content\/uploads\/2019\/01\/MGL1154-300x200.jpg","contentUrl":"http:\/\/kalniaus-sodyba.lt\/wp-content\/uploads\/2019\/01\/MGL1154-300x200.jpg"},{"@type":"BreadcrumbList","@id":"https:\/\/kalniaus-sodyba.lt\/pirma-palapine\/#breadcrumb","itemListElement":[{"@type":"ListItem","position":1,"name":"Home","item":"https:\/\/kalniaus-sodyba.lt\/"},{"@type":"ListItem","position":2,"name":"Pirma palapin\u0117"}]},{"@type":"WebSite","@id":"https:\/\/kalniaus-sodyba.lt\/#website","url":"https:\/\/kalniaus-sodyba.lt\/","name":"\u041a\u0430\u043b\u044c\u043d\u044e\u0441\u0441\u043a\u0430\u044f \u0443\u0441\u0430\u0434\u044c\u0431\u0430","description":"\u041e\u0442\u0434\u044b\u0445 \u0443 \u043e\u0437\u0435\u0440\u0430","potentialAction":[{"@type":"SearchAction","target":{"@type":"EntryPoint","urlTemplate":"https:\/\/kalniaus-sodyba.lt\/?s={search_term_string}"},"query-input":{"@type":"PropertyValueSpecification","valueRequired":true,"valueName":"search_term_string"}}],"inLanguage":"ru-RU"}]}},"_links":{"self":[{"href":"https:\/\/kalniaus-sodyba.lt\/ru\/wp-json\/wp\/v2\/pages\/45998","targetHints":{"allow":["GET"]}}],"collection":[{"href":"https:\/\/kalniaus-sodyba.lt\/ru\/wp-json\/wp\/v2\/pages"}],"about":[{"href":"https:\/\/kalniaus-sodyba.lt\/ru\/wp-json\/wp\/v2\/types\/page"}],"author":[{"embeddable":true,"href":"https:\/\/kalniaus-sodyba.lt\/ru\/wp-json\/wp\/v2\/users\/1"}],"replies":[{"embeddable":true,"href":"https:\/\/kalniaus-sodyba.lt\/ru\/wp-json\/wp\/v2\/comments?post=45998"}],"version-history":[{"count":8,"href":"https:\/\/kalniaus-sodyba.lt\/ru\/wp-json\/wp\/v2\/pages\/45998\/revisions"}],"predecessor-version":[{"id":52875,"href":"https:\/\/kalniaus-sodyba.lt\/ru\/wp-json\/wp\/v2\/pages\/45998\/revisions\/52875"}],"wp:attachment":[{"href":"https:\/\/kalniaus-sodyba.lt\/ru\/wp-json\/wp\/v2\/media?parent=45998"}],"curies":[{"name":"wp","href":"https:\/\/api.w.org\/{rel}","templated":true}]}}