{"id":2140,"date":"2019-05-13T08:48:20","date_gmt":"2019-05-13T08:48:20","guid":{"rendered":"http:\/\/funimal.vikitheme.com\/?page_id=2140"},"modified":"2024-07-29T14:21:38","modified_gmt":"2024-07-29T11:21:38","slug":"horses","status":"publish","type":"page","link":"https:\/\/kalniaus-sodyba.lt\/ru\/horses\/","title":{"rendered":"\u017dirgai"},"content":{"rendered":"<div class=\"wpb-content-wrapper\">[vc_row][vc_column][vc_custom_heading text=&#187;Fryz\u0173 veisl\u0117s \u017eirgai &#8212; stipr\u016bs, eleganti\u0161ki, ram\u016bs, didingi.&#187; css=&#187;&#187;][vc_column_text css=&#187;&#187;]Sodyboje turime 2014 m. i\u0161 Olandijos atkeliavusi\u0105 fryz\u0173 \u017eirg\u0173 band\u0105. \u0160i veisl\u0117 su\u017eav\u0117jo savo i\u0161vaizda ir ramybe, netrukus jie tapo ne tik geriausiais m\u016bs\u0173 draugais, bet ir puikiais draugais sodybos veikloje. Dirbdami su \u0161iais \u017eirgais jau\u010diame ramyb\u0119, nes jie yra dr\u0105s\u016bs, ram\u016bs ir labai suman\u016bs palydovai. \u0160iuo metu band\u0105 sudaro daugiau nei 10 fryz\u0173 \u017eirg\u0173.<\/p>\n<h5 style=\"text-align: center;\"><strong>Fryz\u0173 veisl\u0117<\/strong><\/h5>\n<p style=\"text-align: left;\">Fryz\u0173 veisl\u0117 tai viena seniausi\u0173 \u017eirg\u0173 veisli\u0173, i\u0161vest\u0173 Europoje, naudota \u016bkio darbams ir karui nuo seniausi\u0173 laik\u0173. Fryz\u0173 gimtin\u0117 yra \u0161iaur\u0117s Olandijos Fryzijos provincija. D\u0117l ne\u012fprastai dr\u0105sios prigimties ir j\u0117gos viduram\u017eiais jie greitai tapo nepakei\u010diamais karo \u017eirgais. Jie taip pat buvo naudojami rom\u0117n\u0173, d\u0117l savo gero b\u016bdo pam\u0117gti ir angl\u0173, kur v\u0117liau \u0161i\u0105 veisl\u0119 \u012fliejo ir \u012f kitas veisles (\u0160yr\u0173 ir kt.).<\/p>\n<p style=\"text-align: left;\">IIIX a. kai sunkieji arkliai nebebuvo siekiamyb\u0117 \u012f Fryz\u0173 veisl\u0119 buvo \u012flieta Andal\u016bzi\u0161ko kraujo, taip buvo siekiama padaryti \u0161i\u0105 veisl\u0119 \u0161iek tiek grak\u0161tesn\u0119 ir labiau tinkam\u0105 kinkiniams. Ankstyvame XX a. periode, \u0161i veisl\u0117 buvo bei\u0161nykstanti, tol kol \u017eirgas v\u0117l tapo nepamainomas krovini\u0173 transportavimui Antrojo pasaulinio karo metais. \u0160iandien fryzus galime i\u0161vysti kinkini\u0173, jodin\u0117jimo var\u017eybose bei \u012fvairiose turistin\u0117se veiklose.<\/p>\n[\/vc_column_text][vc_column_text]\n<h5 style=\"text-align: center;\"><strong>Fryz\u0173 I\u0161vaizda<\/strong><\/h5>\n<p style=\"text-align: left;\">Fryz\u0173 veisl\u0117s standartas yra juodas plaukas ir nuostabaus gro\u017eio ilgi, juodi kar\u010diai bei ve\u0161lios uodegos. Taip pat, jie i\u0161siskiria d\u0117l savo koj\u0173 \u017eemutin\u0117s dalies plaukuotumo. Grynaveisliams registruotiems fryzams KFPS standartas leid\u017eia tur\u0117ti vos kelias balto plauko d\u0117meles ant pakau\u0161io. Kartais kilming\u0173 t\u0117v\u0173 jaunikliai i\u0161auga ka\u0161tonin\u0117s spalvos, ta\u010diau tai &#8212; retas atvejis.<\/p>\n<p style=\"text-align: left;\">\u0160iandien fryz\u0173 veisl\u0117 yra i\u0161skirta \u012f du tipus \u201cmodern\u0173j\u012f\u201d ir \u201cbarokin\u012f\u201d. Modernusis tipas vis labiau populiar\u0117ja d\u0117l auk\u0161tesnio \u016bgio, smulkesni\u0173 kaul\u0173 &#8212; kas labiau pritaikoma sportiniame jojime. O tikrieji, barokinio tipo fryzai tampa vis didesn\u0117 retenyb\u0117, kuri\u0105 sutikti tampa vis sunkiau.<\/p>\n[\/vc_column_text][\/vc_column][\/vc_row][vc_row full_width=&#187;stretch_row&#187; css=&#187;.vc_custom_1614788522801{padding-top: 0px !important;padding-bottom: 0px !important;background-image: url(http:\/\/dev.kalniaus-sodyba.lt\/wp-content\/uploads\/2021\/03\/IMG_2733-1-scaled.jpg?id=4422) !important;background-position: center !important;background-repeat: no-repeat !important;background-size: cover !important;}&#187; el_class=&#187;bg-fixed&#187;][vc_column][vc_column_text css=&#187;.vc_custom_1669991629346{margin-bottom: 0px !important;}&#187;]\n<div class=\"vk-restaurant-content\">\n<div class=\"vk-restaurant-everymeal-week\" data-parallax=\"scroll\">\n<div class=\"container\">\n<h4 style=\"color: #000000; font-size: 35px;\">Veiklos Su \u017dirgais<\/h4>\n<\/div>\n<\/div>\n<\/div>\n[\/vc_column_text][\/vc_column][\/vc_row][vc_row][vc_column][vc_column_text css=&#187;.vc_custom_1622713664109{padding-top: 30px !important;padding-bottom: 30px !important;}&#187;]\n<h4 style=\"text-align: center;\">Jodin\u0117jimas<\/h4>\n<p style=\"text-align: left;\">Tai puiki pramoga ir ma\u017eiems ir dideliems. B\u016bdami kartu su \u017eirgu patirsite neu\u017emir\u0161tam\u0173 \u012fsp\u016bd\u017ei\u0173, atsipalaiduosite, visi\u0161kai atsiribosite nuo kasdienini\u0173 min\u010di\u0173 ir patirsite ka\u017ek\u0105 nepaprasto!<\/p>\n[\/vc_column_text][\/vc_column][\/vc_row][vc_row][vc_column width=&#187;1\/2&#8243;][vc_column_text]<strong>Jodin\u0117jimas gamtoje<\/strong><br \/>\nJodin\u0117jimas gamtoje ne tik atpalaiduojanti veikla, ta\u010diau gali b\u016bti ir gan\u0117tinai ekstremali. Visada jojant raiteliams duodame \u0161almus, vaikams duosime apsaugin\u0119 liemen\u0119, nes \u017eirgas nors ir protingas, didelis, treniruotas gyv\u016bnas, ta\u010diau jis gali daug ko i\u0161sig\u0105sti. Patyr\u0119s raitelis dr\u0105siai gal\u0117s pasim\u0117gauti zovada laukais!<\/p>\n<p><strong>Jodin\u0117jimas dviem<\/strong><br \/>\nRomanti\u0161ka pramoga porai, jodin\u0117jimas dviese su trenerio palyda. Pasijodin\u0117jimas prie e\u017eero, leid\u017eiantis vakarinei saulei, kuri maloniai \u0161ildo.[\/vc_column_text][\/vc_column][vc_column width=&#187;1\/2&#8243;][vc_single_image image=&#187;4431&#8243; img_size=&#187;large&#187;][\/vc_column][\/vc_row][vc_row][vc_column width=&#187;1\/2&#8243;][vc_single_image image=&#187;4435&#8243; img_size=&#187;large&#187;][\/vc_column][vc_column width=&#187;1\/2&#8243;][vc_column_text]<strong>Jodin\u0117jimas su pasikeitimu<\/strong><br \/>\nPuikus variantas \u0161eimai, kurie niekada nes\u0117d\u0117j\u0119 ant \u017eirgo ir nori pirm\u0105 kart\u0105 tai patirti. U\u017esisakius \u0161i\u0105 paslaug\u0105 jojimo sesijos metu gali pasikeisdami joti iki 4 \u017emoni\u0173.<\/p>\n<p><strong>Jodin\u0117jimas prie j\u016bros<\/strong><br \/>\nAr nesmagu b\u016bt\u0173 pajoti prie j\u016bros? Ant juodo, kilmingos veisl\u0117s \u017eirgo, ilgais kar\u010diais, auk\u0161to ir grak\u0161taus? Tai padaryti nesud\u0117tinga, turime priekab\u0105 su kuria \u017eirgus galime transportuoti tiesiai ten. Norite prie j\u016bros joti vienas? Ne problema. Norite joti dviese? Ne problema. Norite joti keturiese? Ne problema![\/vc_column_text][\/vc_column][\/vc_row][vc_row][vc_column width=&#187;1\/2&#8243;][vc_column_text]<strong>Fotosesijos su \u017eirgais<\/strong><br \/>\nFotosesija su \u017eirgais, tai nauja, vis labiau populiar\u0117janti paslauga, \u012fgaunanti didel\u012f \u017emoni\u0173 susidom\u0117jim\u0105. \u017dirgus nuomojasi ne tik asmenin\u0117ms ar temin\u0117ms fotosesijoms, labai da\u017enai kadrai daromi ir porin\u0117se, povestuvin\u0117se, vestuvin\u0117se, mergvakari\u0173, bernvakari\u0173, gimtadieni\u0173 ar konkurs\u0173 proga.<br \/>\n\u012eam\u017einti kadrai priklauso ne tik nuo modelio, bet ir nuo \u017eirgo, vietos, oro ir kit\u0173 aplinkybi\u0173.<\/p>\n<p>Fotosesij\u0173 metu garantuojamos naujos ir \u012fdomios patirtys su \u017eirgu. Tai tikrai ne kasdienin\u0117 veikla, o tikras nuotykis! Da\u017enai modeliai fotografuojasi ir vandenyje, \u017eirgui ta\u0161kantis ir siau\u010diant. Ar galite \u012fsivaizduoti ka\u017ek\u0105 stebuklingesnio nei maudynes su \u017eirgu, kuri\u0173 akimirkas \u012fam\u017eins patyr\u0119s fotografas?[\/vc_column_text][\/vc_column][vc_column width=&#187;1\/2&#8243;][vc_single_image image=&#187;4425&#8243; img_size=&#187;large&#187;][\/vc_column][\/vc_row][vc_row][vc_column width=&#187;1\/2&#8243;][vc_single_image image=&#187;4413&#8243; img_size=&#187;large&#187;][\/vc_column][vc_column width=&#187;1\/2&#8243;][vc_column_text]<strong>Pasiva\u017ein\u0117jimas su turistine karieta<\/strong><br \/>\nAplink sodyb\u0105 yra nema\u017eai mar\u0161rut\u0173, dalis j\u0173 yra neprava\u017eiuojami arba sunkiai prava\u017eiuojami su automobiliu. Kur neprava\u017eiuoja automobilis, ten beveik visada galima prava\u017eiuoti su karieta. \u012e kariet\u0105 kinkome fryz\u0173 veisl\u0117s \u017eirgus, visada kinkome por\u0105.<\/p>\n<p><strong>Pasiva\u017ein\u0117jimas su dvikinke karieta po apylinkes<\/strong><br \/>\nIki poros valand\u0173 trunkantis pasiva\u017ein\u0117jimas, kurio metu i\u0161 patyrusio vadeliotojo i\u0161girsite apie \u017eirgus, su\u017einosite vietines lankytinas vietas, apie e\u017eer\u0105 ir ne tik. Ramus, pasyvus, atpalaiduojantis pasiva\u017ein\u0117jimas po mi\u0161kus, laukus ir vietines apylinkes. Poilsiautojams kurie domisi grybavimu ar uogavimu parodysime geriausias vietas.[\/vc_column_text][\/vc_column][\/vc_row][vc_row][vc_column width=&#187;1\/2&#8243;][vc_column_text]<strong>Pasiva\u017ein\u0117jimas su karieta iki Darb\u0117n\u0173 miestelio<\/strong><br \/>\nNorite nuva\u017eiuoti iki m\u016bs\u0173 artimiausio miestelio apsipirkti? Nenorite va\u017eiuoti su ma\u0161ina? Galima tai padaryti va\u017eiuojant su \u017eirgais. Patyr\u0119s vadeliotojas nuve\u0161 Jus iki artimiausios parduotuv\u0117s per ma\u017eiau nei pusvaland\u012f, tuo pa\u010diu patirsite smagi\u0105 pasiva\u017ein\u0117jimo patirt\u012f!<\/p>\n<p><strong>Pasiva\u017ein\u0117jimas su karieta iki j\u016bros<\/strong><br \/>\nTai ilgiausias \u017eygis su karieta kur\u012f mes \u0161iuo metu galime pasi\u016blyti. Kelion\u0117 \u012f \u0160vent\u0105j\u0105 pro Buting\u0119, u\u017etrukti gali net iki 3 valand\u0173, nes nenorime, kad \u017eirgai persidirbt\u0173. \u0160io \u017eygio metu vadeliotojas papasakos Jums apie fryz\u0173 veisl\u0117s \u017eirgus, va\u017ein\u0117jim\u0105 karieta, \u0161alia esan\u010dias lankytinas vietas ir kitus \u012fdomius dalykus.[\/vc_column_text][\/vc_column][vc_column width=&#187;1\/2&#8243;][vc_single_image image=&#187;4414&#8243; img_size=&#187;large&#187;][\/vc_column][\/vc_row][vc_row][vc_column width=&#187;1\/2&#8243;][vc_single_image image=&#187;4640&#8243; img_size=&#187;large&#187;][\/vc_column][vc_column width=&#187;1\/2&#8243;][vc_column_text]<strong>Karieta vestuv\u0117ms<\/strong><br \/>\nNorite i\u0161skirtin\u0117s \u0161vent\u0117s, kuri\u0105 \u0161irdyje ne\u0161iosit\u0117s vis\u0105 likus\u012f gyvenim\u0105? Balta karieta puikiai tiks bet kokiai progai!<\/p>\n<p><strong>Vestuv\u0117s turi atrodyti prabangiai!<\/strong><br \/>\nPatapk vis\u0173 d\u0117mesio centru, va\u017eiuodamas balta, vestuvine karieta. Tai reginys kuris nepralenks nei vieno aki\u0173. Treniruoti \u017eirgai leis Jums prava\u017eiuoti bet kokiu mar\u0161rutu &#8212; m\u0117gstamiausio parko takeliais, pa\u017einties vietoje, miesto centre, o gal iki ba\u017eny\u010dios ar \u012f \u0161vent\u0117s viet\u0105 &#8212; pasirinkimas J\u016bs\u0173![\/vc_column_text][\/vc_column][\/vc_row][vc_row][vc_column width=&#187;1\/2&#8243;][vc_column_text]<strong>Karieta fotosesijoms arba reklamai.<\/strong><br \/>\nNorite svajoni\u0173 fotosesijos su \u017eirgais ir karieta? Suteiksime jums \u0161i\u0105 galimyb\u0119. Taip pat, si\u016blome filmuoti reklaminius klipus su karieta ar fryz\u0173 veisl\u0117s \u017eirgais![\/vc_column_text][\/vc_column][vc_column width=&#187;1\/2&#8243;][vc_single_image image=&#187;4641&#8243; img_size=&#187;large&#187;][\/vc_column][\/vc_row][vc_row][vc_column width=&#187;1\/2&#8243;][vc_single_image image=&#187;4430&#8243; img_size=&#187;large&#187;][\/vc_column][vc_column width=&#187;1\/2&#8243;][vc_column_text]<strong>\u017dygiai su \u017eirgais<\/strong><br \/>\nSvajojate pajusti k\u0105 rei\u0161kia l\u0117kti laukais, bristi up\u0117mis, \u017eygiuoti mi\u0161kais ant \u017eirgo nugaros? O gal \u0161uoliuoti papl\u016bdimio pakrante nuostabaus gro\u017eio \u017eirgu? Galime i\u0161pildyti \u0161i\u0105 svajon\u0119, jums reik\u0117s tik dr\u0105sos ir stipryb\u0117s, leid\u017eiantis \u012f \u0161\u012f ne\u012fprast\u0105 nuotyk\u012f.<br \/>\nVienos dienos \u017eygyje \u012fveiksite 30-45 kilometr\u0173 atstum\u0105 (priklausomai nuo pasiruo\u0161imo lygio).<\/p>\n<p>Raitelius skirstome \u012f grupes: pradedan\u010di\u0173j\u0173 ir patyrusi\u0173 raiteli\u0173 (pradedan\u010di\u0173j\u0173 tempai l\u0117tesni, ma\u017eiau ri\u0161\u010dios, zovados, o pa\u017eengusi\u0173 tempas kur kas greitesnis, daug ri\u0161\u010dios, zovados).[\/vc_column_text][\/vc_column][\/vc_row][vc_row][vc_column offset=&#187;vc_hidden-md vc_hidden-sm vc_hidden-xs&#187;][vc_gallery type=&#187;image_grid&#187; images=&#187;4433,4426,4425,4427,4424,4431,4440,4438,4439,4423,4422,4421,4420,4417,4418,4416,4415,4412,4428,4419,4429&#8243; img_size=&#187;&#187;][\/vc_column][\/vc_row]\n<\/div>","protected":false},"excerpt":{"rendered":"<p>[vc_row][vc_column][vc_custom_heading text=&#187;Fryz\u0173 veisl\u0117s \u017eirgai &#8212; stipr\u016bs, eleganti\u0161ki, ram\u016bs, didingi.&#187; css=&#187;&#187;][vc_column_text css=&#187;&#187;]Sodyboje turime 2014 m. i\u0161 Olandijos atkeliavusi\u0105 fryz\u0173 \u017eirg\u0173 band\u0105. \u0160i veisl\u0117 su\u017eav\u0117jo savo i\u0161vaizda ir ramybe, netrukus jie tapo ne tik geriausiais m\u016bs\u0173 draugais, bet ir puikiais draugais sodybos veikloje. Dirbdami su \u0161iais \u017eirgais jau\u010diame ramyb\u0119, nes jie yra [&hellip;]<\/p>\n","protected":false},"author":1,"featured_media":0,"parent":0,"menu_order":0,"comment_status":"closed","ping_status":"closed","template":"","meta":{"footnotes":""},"class_list":["post-2140","page","type-page","status-publish","hentry"],"translation":{"provider":"WPGlobus","version":"3.0.1","language":"ru","enabled_languages":["lt","en","ru"],"languages":{"lt":{"title":true,"content":true,"excerpt":false},"en":{"title":false,"content":false,"excerpt":false},"ru":{"title":false,"content":false,"excerpt":false}}},"yoast_head":"<!-- This site is optimized with the Yoast SEO plugin v26.6 - https:\/\/yoast.com\/wordpress\/plugins\/seo\/ -->\n<title>\u017dirgai - \u041a\u0430\u043b\u044c\u043d\u044e\u0441\u0441\u043a\u0430\u044f \u0443\u0441\u0430\u0434\u044c\u0431\u0430<\/title>\n<meta name=\"robots\" content=\"index, follow, max-snippet:-1, max-image-preview:large, max-video-preview:-1\" \/>\n<link rel=\"canonical\" href=\"https:\/\/kalniaus-sodyba.lt\/horses\/\" \/>\n<meta property=\"og:locale\" content=\"ru_RU\" \/>\n<meta property=\"og:type\" content=\"article\" \/>\n<meta property=\"og:title\" content=\"\u017dirgai - \u041a\u0430\u043b\u044c\u043d\u044e\u0441\u0441\u043a\u0430\u044f \u0443\u0441\u0430\u0434\u044c\u0431\u0430\" \/>\n<meta property=\"og:url\" content=\"https:\/\/kalniaus-sodyba.lt\/horses\/\" \/>\n<meta property=\"og:site_name\" content=\"\u041a\u0430\u043b\u044c\u043d\u044e\u0441\u0441\u043a\u0430\u044f \u0443\u0441\u0430\u0434\u044c\u0431\u0430\" \/>\n<meta property=\"article:modified_time\" content=\"2024-07-29T11:21:38+00:00\" \/>\n<meta name=\"twitter:card\" content=\"summary_large_image\" \/>\n<meta name=\"twitter:label1\" content=\"\u041f\u0440\u0438\u043c\u0435\u0440\u043d\u043e\u0435 \u0432\u0440\u0435\u043c\u044f \u0434\u043b\u044f \u0447\u0442\u0435\u043d\u0438\u044f\" \/>\n\t<meta name=\"twitter:data1\" content=\"6 \u043c\u0438\u043d\u0443\u0442\" \/>\n<script type=\"application\/ld+json\" class=\"yoast-schema-graph\">{\"@context\":\"https:\/\/schema.org\",\"@graph\":[{\"@type\":\"WebPage\",\"@id\":\"https:\/\/kalniaus-sodyba.lt\/horses\/\",\"url\":\"https:\/\/kalniaus-sodyba.lt\/horses\/\",\"name\":\"\u017dirgai - \u041a\u0430\u043b\u044c\u043d\u044e\u0441\u0441\u043a\u0430\u044f \u0443\u0441\u0430\u0434\u044c\u0431\u0430\",\"isPartOf\":{\"@id\":\"https:\/\/kalniaus-sodyba.lt\/#website\"},\"datePublished\":\"2019-05-13T08:48:20+00:00\",\"dateModified\":\"2024-07-29T11:21:38+00:00\",\"breadcrumb\":{\"@id\":\"https:\/\/kalniaus-sodyba.lt\/horses\/#breadcrumb\"},\"inLanguage\":\"ru-RU\",\"potentialAction\":[{\"@type\":\"ReadAction\",\"target\":[\"https:\/\/kalniaus-sodyba.lt\/horses\/\"]}]},{\"@type\":\"BreadcrumbList\",\"@id\":\"https:\/\/kalniaus-sodyba.lt\/horses\/#breadcrumb\",\"itemListElement\":[{\"@type\":\"ListItem\",\"position\":1,\"name\":\"Home\",\"item\":\"https:\/\/kalniaus-sodyba.lt\/\"},{\"@type\":\"ListItem\",\"position\":2,\"name\":\"\u017dirgai\"}]},{\"@type\":\"WebSite\",\"@id\":\"https:\/\/kalniaus-sodyba.lt\/#website\",\"url\":\"https:\/\/kalniaus-sodyba.lt\/\",\"name\":\"\u041a\u0430\u043b\u044c\u043d\u044e\u0441\u0441\u043a\u0430\u044f \u0443\u0441\u0430\u0434\u044c\u0431\u0430\",\"description\":\"\u041e\u0442\u0434\u044b\u0445 \u0443 \u043e\u0437\u0435\u0440\u0430\",\"potentialAction\":[{\"@type\":\"SearchAction\",\"target\":{\"@type\":\"EntryPoint\",\"urlTemplate\":\"https:\/\/kalniaus-sodyba.lt\/?s={search_term_string}\"},\"query-input\":{\"@type\":\"PropertyValueSpecification\",\"valueRequired\":true,\"valueName\":\"search_term_string\"}}],\"inLanguage\":\"ru-RU\"}]}<\/script>\n<!-- \/ Yoast SEO plugin. -->","yoast_head_json":{"title":"\u017dirgai - \u041a\u0430\u043b\u044c\u043d\u044e\u0441\u0441\u043a\u0430\u044f \u0443\u0441\u0430\u0434\u044c\u0431\u0430","robots":{"index":"index","follow":"follow","max-snippet":"max-snippet:-1","max-image-preview":"max-image-preview:large","max-video-preview":"max-video-preview:-1"},"canonical":"https:\/\/kalniaus-sodyba.lt\/horses\/","og_locale":"ru_RU","og_type":"article","og_title":"\u017dirgai - \u041a\u0430\u043b\u044c\u043d\u044e\u0441\u0441\u043a\u0430\u044f \u0443\u0441\u0430\u0434\u044c\u0431\u0430","og_url":"https:\/\/kalniaus-sodyba.lt\/horses\/","og_site_name":"\u041a\u0430\u043b\u044c\u043d\u044e\u0441\u0441\u043a\u0430\u044f \u0443\u0441\u0430\u0434\u044c\u0431\u0430","article_modified_time":"2024-07-29T11:21:38+00:00","twitter_card":"summary_large_image","twitter_misc":{"\u041f\u0440\u0438\u043c\u0435\u0440\u043d\u043e\u0435 \u0432\u0440\u0435\u043c\u044f \u0434\u043b\u044f \u0447\u0442\u0435\u043d\u0438\u044f":"6 \u043c\u0438\u043d\u0443\u0442"},"schema":{"@context":"https:\/\/schema.org","@graph":[{"@type":"WebPage","@id":"https:\/\/kalniaus-sodyba.lt\/horses\/","url":"https:\/\/kalniaus-sodyba.lt\/horses\/","name":"\u017dirgai - \u041a\u0430\u043b\u044c\u043d\u044e\u0441\u0441\u043a\u0430\u044f \u0443\u0441\u0430\u0434\u044c\u0431\u0430","isPartOf":{"@id":"https:\/\/kalniaus-sodyba.lt\/#website"},"datePublished":"2019-05-13T08:48:20+00:00","dateModified":"2024-07-29T11:21:38+00:00","breadcrumb":{"@id":"https:\/\/kalniaus-sodyba.lt\/horses\/#breadcrumb"},"inLanguage":"ru-RU","potentialAction":[{"@type":"ReadAction","target":["https:\/\/kalniaus-sodyba.lt\/horses\/"]}]},{"@type":"BreadcrumbList","@id":"https:\/\/kalniaus-sodyba.lt\/horses\/#breadcrumb","itemListElement":[{"@type":"ListItem","position":1,"name":"Home","item":"https:\/\/kalniaus-sodyba.lt\/"},{"@type":"ListItem","position":2,"name":"\u017dirgai"}]},{"@type":"WebSite","@id":"https:\/\/kalniaus-sodyba.lt\/#website","url":"https:\/\/kalniaus-sodyba.lt\/","name":"\u041a\u0430\u043b\u044c\u043d\u044e\u0441\u0441\u043a\u0430\u044f \u0443\u0441\u0430\u0434\u044c\u0431\u0430","description":"\u041e\u0442\u0434\u044b\u0445 \u0443 \u043e\u0437\u0435\u0440\u0430","potentialAction":[{"@type":"SearchAction","target":{"@type":"EntryPoint","urlTemplate":"https:\/\/kalniaus-sodyba.lt\/?s={search_term_string}"},"query-input":{"@type":"PropertyValueSpecification","valueRequired":true,"valueName":"search_term_string"}}],"inLanguage":"ru-RU"}]}},"_links":{"self":[{"href":"https:\/\/kalniaus-sodyba.lt\/ru\/wp-json\/wp\/v2\/pages\/2140","targetHints":{"allow":["GET"]}}],"collection":[{"href":"https:\/\/kalniaus-sodyba.lt\/ru\/wp-json\/wp\/v2\/pages"}],"about":[{"href":"https:\/\/kalniaus-sodyba.lt\/ru\/wp-json\/wp\/v2\/types\/page"}],"author":[{"embeddable":true,"href":"https:\/\/kalniaus-sodyba.lt\/ru\/wp-json\/wp\/v2\/users\/1"}],"replies":[{"embeddable":true,"href":"https:\/\/kalniaus-sodyba.lt\/ru\/wp-json\/wp\/v2\/comments?post=2140"}],"version-history":[{"count":128,"href":"https:\/\/kalniaus-sodyba.lt\/ru\/wp-json\/wp\/v2\/pages\/2140\/revisions"}],"predecessor-version":[{"id":53397,"href":"https:\/\/kalniaus-sodyba.lt\/ru\/wp-json\/wp\/v2\/pages\/2140\/revisions\/53397"}],"wp:attachment":[{"href":"https:\/\/kalniaus-sodyba.lt\/ru\/wp-json\/wp\/v2\/media?parent=2140"}],"curies":[{"name":"wp","href":"https:\/\/api.w.org\/{rel}","templated":true}]}}