{"id":53245,"date":"2024-11-28T13:53:46","date_gmt":"2024-11-28T10:53:46","guid":{"rendered":"https:\/\/kalniaus-sodyba.lt\/?post_type=product&#038;p=53245"},"modified":"2026-02-12T17:37:45","modified_gmt":"2026-02-12T14:37:45","slug":"jurta-akis-viena-nakvyne-nakvyne","status":"publish","type":"product","link":"https:\/\/kalniaus-sodyba.lt\/en\/produktas\/jurta-akis-viena-nakvyne-nakvyne\/","title":{"rendered":"Jurta &#8220;AKIS&#8221; viena nakvyn\u0117 dviems"},"content":{"rendered":"<p>Jurta \u2013 tradici\u0161kai stepi\u0173 klajokli\u0173 b\u016bstas \u2013 \u0161iandien atgyja savaip. \u0160iuolaiki\u0161koje jurtoje \u012frengti visi reikalingi patogumai, tad poilsis \u2013 ne tik i\u0161skirtinis, bet ir maksimaliai komforti\u0161kas. Neteks niekuo r\u016bpintis \u2013 tai visi\u0161kas atsipalaidavimas su mylimu \u017emogumi gamtos gl\u0117byje!<\/p>\n","protected":false},"excerpt":{"rendered":"<p>J\u016bs\u0173 laukia romanti\u0161kas poilsis mi\u0161ke, jurtoje dviems su vaizdu \u012f \u017eirg\u0173 pieva.<\/p>\n<p>Vasaros \u00a0savaitgaliais rezervacijos galimos ma\u017eiausiai dvejoms paroms.<\/p>\n<p>Kuponas negalioja \u0161ven\u010di\u0173 dienomis.<\/p>\n","protected":false},"featured_media":52392,"template":"","meta":[],"product_brand":[],"product_cat":[1014],"product_tag":[],"giftcard-category":[],"class_list":{"0":"post-53245","1":"product","2":"type-product","3":"status-publish","4":"has-post-thumbnail","6":"product_cat-nakvynes","8":"first","9":"instock","10":"virtual","11":"purchasable","12":"product-type-simple"},"translation":{"provider":"WPGlobus","version":"3.0.1","language":"en","enabled_languages":["lt","en","ru"],"languages":{"lt":{"title":true,"content":true,"excerpt":true},"en":{"title":false,"content":false,"excerpt":false},"ru":{"title":false,"content":false,"excerpt":false}}},"yoast_head":"<!-- This site is optimized with the Yoast SEO plugin v26.6 - https:\/\/yoast.com\/wordpress\/plugins\/seo\/ -->\n<title>Jurta &quot;AKIS&quot; viena nakvyn\u0117 dviems - Kalnius Homestead<\/title>\n<meta name=\"robots\" content=\"index, follow, max-snippet:-1, max-image-preview:large, max-video-preview:-1\" \/>\n<link rel=\"canonical\" href=\"https:\/\/kalniaus-sodyba.lt\/produktas\/jurta-akis-viena-nakvyne-nakvyne\/\" \/>\n<meta property=\"og:locale\" content=\"en_US\" \/>\n<meta property=\"og:type\" content=\"article\" \/>\n<meta property=\"og:title\" content=\"Jurta &quot;AKIS&quot; viena nakvyn\u0117 dviems - Kalnius Homestead\" \/>\n<meta property=\"og:url\" content=\"https:\/\/kalniaus-sodyba.lt\/produktas\/jurta-akis-viena-nakvyne-nakvyne\/\" \/>\n<meta property=\"og:site_name\" content=\"Kalnius Homestead\" \/>\n<meta property=\"article:modified_time\" content=\"2026-02-12T14:37:45+00:00\" \/>\n<meta property=\"og:image\" content=\"https:\/\/kalniaus-sodyba.lt\/wp-content\/uploads\/2024\/07\/jurta-su-terasa-salia-misko-is-oro-opti-1.jpg\" \/>\n\t<meta property=\"og:image:width\" content=\"1919\" \/>\n\t<meta property=\"og:image:height\" content=\"1277\" \/>\n\t<meta property=\"og:image:type\" content=\"image\/jpeg\" \/>\n<meta name=\"twitter:card\" content=\"summary_large_image\" \/>\n<meta name=\"twitter:label1\" content=\"Est. reading time\" \/>\n\t<meta name=\"twitter:data1\" content=\"1 minute\" \/>\n<script type=\"application\/ld+json\" class=\"yoast-schema-graph\">{\"@context\":\"https:\/\/schema.org\",\"@graph\":[{\"@type\":\"WebPage\",\"@id\":\"https:\/\/kalniaus-sodyba.lt\/produktas\/jurta-akis-viena-nakvyne-nakvyne\/\",\"url\":\"https:\/\/kalniaus-sodyba.lt\/produktas\/jurta-akis-viena-nakvyne-nakvyne\/\",\"name\":\"Jurta \\\"AKIS\\\" viena nakvyn\u0117 dviems - Kalnius Homestead\",\"isPartOf\":{\"@id\":\"https:\/\/kalniaus-sodyba.lt\/#website\"},\"primaryImageOfPage\":{\"@id\":\"https:\/\/kalniaus-sodyba.lt\/produktas\/jurta-akis-viena-nakvyne-nakvyne\/#primaryimage\"},\"image\":{\"@id\":\"https:\/\/kalniaus-sodyba.lt\/produktas\/jurta-akis-viena-nakvyne-nakvyne\/#primaryimage\"},\"thumbnailUrl\":\"https:\/\/kalniaus-sodyba.lt\/wp-content\/uploads\/2024\/07\/jurta-su-terasa-salia-misko-is-oro-opti-1.jpg\",\"datePublished\":\"2024-11-28T10:53:46+00:00\",\"dateModified\":\"2026-02-12T14:37:45+00:00\",\"breadcrumb\":{\"@id\":\"https:\/\/kalniaus-sodyba.lt\/produktas\/jurta-akis-viena-nakvyne-nakvyne\/#breadcrumb\"},\"inLanguage\":\"en-US\",\"potentialAction\":[{\"@type\":\"ReadAction\",\"target\":[\"https:\/\/kalniaus-sodyba.lt\/produktas\/jurta-akis-viena-nakvyne-nakvyne\/\"]}]},{\"@type\":\"ImageObject\",\"inLanguage\":\"en-US\",\"@id\":\"https:\/\/kalniaus-sodyba.lt\/produktas\/jurta-akis-viena-nakvyne-nakvyne\/#primaryimage\",\"url\":\"https:\/\/kalniaus-sodyba.lt\/wp-content\/uploads\/2024\/07\/jurta-su-terasa-salia-misko-is-oro-opti-1.jpg\",\"contentUrl\":\"https:\/\/kalniaus-sodyba.lt\/wp-content\/uploads\/2024\/07\/jurta-su-terasa-salia-misko-is-oro-opti-1.jpg\",\"width\":1919,\"height\":1277},{\"@type\":\"BreadcrumbList\",\"@id\":\"https:\/\/kalniaus-sodyba.lt\/produktas\/jurta-akis-viena-nakvyne-nakvyne\/#breadcrumb\",\"itemListElement\":[{\"@type\":\"ListItem\",\"position\":1,\"name\":\"Home\",\"item\":\"https:\/\/kalniaus-sodyba.lt\/\"},{\"@type\":\"ListItem\",\"position\":2,\"name\":\"Dovan\u0173 Kuponai\",\"item\":\"https:\/\/kalniaus-sodyba.lt\/dovanu-kuponai\/\"},{\"@type\":\"ListItem\",\"position\":3,\"name\":\"Jurta &#8220;AKIS&#8221; viena nakvyn\u0117 dviems\"}]},{\"@type\":\"WebSite\",\"@id\":\"https:\/\/kalniaus-sodyba.lt\/#website\",\"url\":\"https:\/\/kalniaus-sodyba.lt\/\",\"name\":\"Kalnius Homestead\",\"description\":\"Rest by the lake\",\"potentialAction\":[{\"@type\":\"SearchAction\",\"target\":{\"@type\":\"EntryPoint\",\"urlTemplate\":\"https:\/\/kalniaus-sodyba.lt\/?s={search_term_string}\"},\"query-input\":{\"@type\":\"PropertyValueSpecification\",\"valueRequired\":true,\"valueName\":\"search_term_string\"}}],\"inLanguage\":\"en-US\"}]}<\/script>\n<!-- \/ Yoast SEO plugin. -->","yoast_head_json":{"title":"Jurta \"AKIS\" viena nakvyn\u0117 dviems - Kalnius Homestead","robots":{"index":"index","follow":"follow","max-snippet":"max-snippet:-1","max-image-preview":"max-image-preview:large","max-video-preview":"max-video-preview:-1"},"canonical":"https:\/\/kalniaus-sodyba.lt\/produktas\/jurta-akis-viena-nakvyne-nakvyne\/","og_locale":"en_US","og_type":"article","og_title":"Jurta \"AKIS\" viena nakvyn\u0117 dviems - Kalnius Homestead","og_url":"https:\/\/kalniaus-sodyba.lt\/produktas\/jurta-akis-viena-nakvyne-nakvyne\/","og_site_name":"Kalnius Homestead","article_modified_time":"2026-02-12T14:37:45+00:00","og_image":[{"width":1919,"height":1277,"url":"https:\/\/kalniaus-sodyba.lt\/wp-content\/uploads\/2024\/07\/jurta-su-terasa-salia-misko-is-oro-opti-1.jpg","type":"image\/jpeg"}],"twitter_card":"summary_large_image","twitter_misc":{"Est. reading time":"1 minute"},"schema":{"@context":"https:\/\/schema.org","@graph":[{"@type":"WebPage","@id":"https:\/\/kalniaus-sodyba.lt\/produktas\/jurta-akis-viena-nakvyne-nakvyne\/","url":"https:\/\/kalniaus-sodyba.lt\/produktas\/jurta-akis-viena-nakvyne-nakvyne\/","name":"Jurta \"AKIS\" viena nakvyn\u0117 dviems - Kalnius Homestead","isPartOf":{"@id":"https:\/\/kalniaus-sodyba.lt\/#website"},"primaryImageOfPage":{"@id":"https:\/\/kalniaus-sodyba.lt\/produktas\/jurta-akis-viena-nakvyne-nakvyne\/#primaryimage"},"image":{"@id":"https:\/\/kalniaus-sodyba.lt\/produktas\/jurta-akis-viena-nakvyne-nakvyne\/#primaryimage"},"thumbnailUrl":"https:\/\/kalniaus-sodyba.lt\/wp-content\/uploads\/2024\/07\/jurta-su-terasa-salia-misko-is-oro-opti-1.jpg","datePublished":"2024-11-28T10:53:46+00:00","dateModified":"2026-02-12T14:37:45+00:00","breadcrumb":{"@id":"https:\/\/kalniaus-sodyba.lt\/produktas\/jurta-akis-viena-nakvyne-nakvyne\/#breadcrumb"},"inLanguage":"en-US","potentialAction":[{"@type":"ReadAction","target":["https:\/\/kalniaus-sodyba.lt\/produktas\/jurta-akis-viena-nakvyne-nakvyne\/"]}]},{"@type":"ImageObject","inLanguage":"en-US","@id":"https:\/\/kalniaus-sodyba.lt\/produktas\/jurta-akis-viena-nakvyne-nakvyne\/#primaryimage","url":"https:\/\/kalniaus-sodyba.lt\/wp-content\/uploads\/2024\/07\/jurta-su-terasa-salia-misko-is-oro-opti-1.jpg","contentUrl":"https:\/\/kalniaus-sodyba.lt\/wp-content\/uploads\/2024\/07\/jurta-su-terasa-salia-misko-is-oro-opti-1.jpg","width":1919,"height":1277},{"@type":"BreadcrumbList","@id":"https:\/\/kalniaus-sodyba.lt\/produktas\/jurta-akis-viena-nakvyne-nakvyne\/#breadcrumb","itemListElement":[{"@type":"ListItem","position":1,"name":"Home","item":"https:\/\/kalniaus-sodyba.lt\/"},{"@type":"ListItem","position":2,"name":"Dovan\u0173 Kuponai","item":"https:\/\/kalniaus-sodyba.lt\/dovanu-kuponai\/"},{"@type":"ListItem","position":3,"name":"Jurta &#8220;AKIS&#8221; viena nakvyn\u0117 dviems"}]},{"@type":"WebSite","@id":"https:\/\/kalniaus-sodyba.lt\/#website","url":"https:\/\/kalniaus-sodyba.lt\/","name":"Kalnius Homestead","description":"Rest by the lake","potentialAction":[{"@type":"SearchAction","target":{"@type":"EntryPoint","urlTemplate":"https:\/\/kalniaus-sodyba.lt\/?s={search_term_string}"},"query-input":{"@type":"PropertyValueSpecification","valueRequired":true,"valueName":"search_term_string"}}],"inLanguage":"en-US"}]}},"_links":{"self":[{"href":"https:\/\/kalniaus-sodyba.lt\/en\/wp-json\/wp\/v2\/product\/53245","targetHints":{"allow":["GET"]}}],"collection":[{"href":"https:\/\/kalniaus-sodyba.lt\/en\/wp-json\/wp\/v2\/product"}],"about":[{"href":"https:\/\/kalniaus-sodyba.lt\/en\/wp-json\/wp\/v2\/types\/product"}],"wp:featuredmedia":[{"embeddable":true,"href":"https:\/\/kalniaus-sodyba.lt\/en\/wp-json\/wp\/v2\/media\/52392"}],"wp:attachment":[{"href":"https:\/\/kalniaus-sodyba.lt\/en\/wp-json\/wp\/v2\/media?parent=53245"}],"wp:term":[{"taxonomy":"product_brand","embeddable":true,"href":"https:\/\/kalniaus-sodyba.lt\/en\/wp-json\/wp\/v2\/product_brand?post=53245"},{"taxonomy":"product_cat","embeddable":true,"href":"https:\/\/kalniaus-sodyba.lt\/en\/wp-json\/wp\/v2\/product_cat?post=53245"},{"taxonomy":"product_tag","embeddable":true,"href":"https:\/\/kalniaus-sodyba.lt\/en\/wp-json\/wp\/v2\/product_tag?post=53245"},{"taxonomy":"giftcard-category","embeddable":true,"href":"https:\/\/kalniaus-sodyba.lt\/en\/wp-json\/wp\/v2\/giftcard-category?post=53245"}],"curies":[{"name":"wp","href":"https:\/\/api.w.org\/{rel}","templated":true}]}}