{"id":5310,"date":"2021-03-23T21:30:22","date_gmt":"2021-03-23T21:30:22","guid":{"rendered":"http:\/\/kalniaus-sodyba.lt\/?post_type=product&#038;p=5310"},"modified":"2026-02-12T17:47:51","modified_gmt":"2026-02-12T14:47:51","slug":"dovanu-kuponas-200-300","status":"publish","type":"product","link":"https:\/\/kalniaus-sodyba.lt\/en\/produktas\/dovanu-kuponas-200-300\/","title":{"rendered":"Bi\u010di\u0173 terapija"},"content":{"rendered":"<p>TRUKM\u0116<br \/>\nVieno seanso trukm\u0117 \u2013 60 min.<\/p>\n<p>VIETA<br \/>\n\u201eKalniaus sodyba\u201c, Barkeliai (56\u00b000&#8217;19.3&#8243;N 21\u00b018&#8217;26.6&#8243;E).<\/p>\n<p>KITA SVARBI INFORMACIJA<br \/>\nPaslauga teikiama nuo gegu\u017e\u0117s prad\u017eios iki rugs\u0117jo pabaigos, kol bit\u0117s susiruo\u0161ia \u017eiemoti.<\/p>\n<p>B\u016aTINA I\u0160ANKSTIN\u0116 REGISTRACIJA<br \/>\nTel. 8 608 64000, el. p. info@kalniaus-sodyba.lt<\/p>\n","protected":false},"excerpt":{"rendered":"<p>Bi\u010di\u0173 terapija (apiterapija) \u2013 unikali galimyb\u0117 atsikratyti streso, nurimti, atrasti min\u010di\u0173 ir emocij\u0173 pusiausvyr\u0105, gulint specialiame namelyje, kai po jumis d\u016bzgia t\u016bkstan\u010diai bi\u010di\u0173. Terapija yra visi\u0161kai saugi \u2013 n\u0117ra jokio atviro kontakto su bit\u0117mis, ta\u010diau namelis sukurtas taip, kad atvykusius pasiekt\u0173 bi\u010di\u0173 skleid\u017eiamos mikrovibracijos, kvapai bei \u0161iluma.<br \/>\n&#8211; Paslauga teikiama nuo gegu\u017e\u0117s prad\u017eios iki rugs\u0117jo pabaigos, kol bit\u0117s susiruo\u0161ia \u017eiemoti.<\/p>\n","protected":false},"featured_media":5714,"template":"","meta":[],"product_brand":[],"product_cat":[959,1015],"product_tag":[],"giftcard-category":[],"class_list":{"0":"post-5310","1":"product","2":"type-product","3":"status-publish","4":"has-post-thumbnail","6":"product_cat-dovanu-kuponas","7":"product_cat-pramogos","9":"first","10":"instock","11":"virtual","12":"purchasable","13":"product-type-simple"},"translation":{"provider":"WPGlobus","version":"3.0.1","language":"en","enabled_languages":["lt","en","ru"],"languages":{"lt":{"title":true,"content":true,"excerpt":true},"en":{"title":false,"content":false,"excerpt":false},"ru":{"title":false,"content":false,"excerpt":false}}},"yoast_head":"<!-- This site is optimized with the Yoast SEO plugin v26.6 - https:\/\/yoast.com\/wordpress\/plugins\/seo\/ -->\n<title>Bi\u010di\u0173 terapija - Kalnius Homestead<\/title>\n<meta name=\"robots\" content=\"index, follow, max-snippet:-1, max-image-preview:large, max-video-preview:-1\" \/>\n<link rel=\"canonical\" href=\"https:\/\/kalniaus-sodyba.lt\/produktas\/dovanu-kuponas-200-300\/\" \/>\n<meta property=\"og:locale\" content=\"en_US\" \/>\n<meta property=\"og:type\" content=\"article\" \/>\n<meta property=\"og:title\" content=\"Bi\u010di\u0173 terapija - Kalnius Homestead\" \/>\n<meta property=\"og:url\" content=\"https:\/\/kalniaus-sodyba.lt\/produktas\/dovanu-kuponas-200-300\/\" \/>\n<meta property=\"og:site_name\" content=\"Kalnius Homestead\" \/>\n<meta property=\"article:modified_time\" content=\"2026-02-12T14:47:51+00:00\" \/>\n<meta property=\"og:image\" content=\"https:\/\/kalniaus-sodyba.lt\/wp-content\/uploads\/2021\/03\/Capture-1.png\" \/>\n\t<meta property=\"og:image:width\" content=\"1409\" \/>\n\t<meta property=\"og:image:height\" content=\"585\" \/>\n\t<meta property=\"og:image:type\" content=\"image\/png\" \/>\n<meta name=\"twitter:card\" content=\"summary_large_image\" \/>\n<meta name=\"twitter:label1\" content=\"Est. reading time\" \/>\n\t<meta name=\"twitter:data1\" content=\"1 minute\" \/>\n<script type=\"application\/ld+json\" class=\"yoast-schema-graph\">{\"@context\":\"https:\/\/schema.org\",\"@graph\":[{\"@type\":\"WebPage\",\"@id\":\"https:\/\/kalniaus-sodyba.lt\/produktas\/dovanu-kuponas-200-300\/\",\"url\":\"https:\/\/kalniaus-sodyba.lt\/produktas\/dovanu-kuponas-200-300\/\",\"name\":\"Bi\u010di\u0173 terapija - Kalnius Homestead\",\"isPartOf\":{\"@id\":\"https:\/\/kalniaus-sodyba.lt\/#website\"},\"primaryImageOfPage\":{\"@id\":\"https:\/\/kalniaus-sodyba.lt\/produktas\/dovanu-kuponas-200-300\/#primaryimage\"},\"image\":{\"@id\":\"https:\/\/kalniaus-sodyba.lt\/produktas\/dovanu-kuponas-200-300\/#primaryimage\"},\"thumbnailUrl\":\"https:\/\/kalniaus-sodyba.lt\/wp-content\/uploads\/2021\/03\/Capture-1.png\",\"datePublished\":\"2021-03-23T21:30:22+00:00\",\"dateModified\":\"2026-02-12T14:47:51+00:00\",\"breadcrumb\":{\"@id\":\"https:\/\/kalniaus-sodyba.lt\/produktas\/dovanu-kuponas-200-300\/#breadcrumb\"},\"inLanguage\":\"en-US\",\"potentialAction\":[{\"@type\":\"ReadAction\",\"target\":[\"https:\/\/kalniaus-sodyba.lt\/produktas\/dovanu-kuponas-200-300\/\"]}]},{\"@type\":\"ImageObject\",\"inLanguage\":\"en-US\",\"@id\":\"https:\/\/kalniaus-sodyba.lt\/produktas\/dovanu-kuponas-200-300\/#primaryimage\",\"url\":\"https:\/\/kalniaus-sodyba.lt\/wp-content\/uploads\/2021\/03\/Capture-1.png\",\"contentUrl\":\"https:\/\/kalniaus-sodyba.lt\/wp-content\/uploads\/2021\/03\/Capture-1.png\",\"width\":1409,\"height\":585},{\"@type\":\"BreadcrumbList\",\"@id\":\"https:\/\/kalniaus-sodyba.lt\/produktas\/dovanu-kuponas-200-300\/#breadcrumb\",\"itemListElement\":[{\"@type\":\"ListItem\",\"position\":1,\"name\":\"Home\",\"item\":\"https:\/\/kalniaus-sodyba.lt\/\"},{\"@type\":\"ListItem\",\"position\":2,\"name\":\"Dovan\u0173 Kuponai\",\"item\":\"https:\/\/kalniaus-sodyba.lt\/dovanu-kuponai\/\"},{\"@type\":\"ListItem\",\"position\":3,\"name\":\"Bi\u010di\u0173 terapija\"}]},{\"@type\":\"WebSite\",\"@id\":\"https:\/\/kalniaus-sodyba.lt\/#website\",\"url\":\"https:\/\/kalniaus-sodyba.lt\/\",\"name\":\"Kalnius Homestead\",\"description\":\"Rest by the lake\",\"potentialAction\":[{\"@type\":\"SearchAction\",\"target\":{\"@type\":\"EntryPoint\",\"urlTemplate\":\"https:\/\/kalniaus-sodyba.lt\/?s={search_term_string}\"},\"query-input\":{\"@type\":\"PropertyValueSpecification\",\"valueRequired\":true,\"valueName\":\"search_term_string\"}}],\"inLanguage\":\"en-US\"}]}<\/script>\n<!-- \/ Yoast SEO plugin. -->","yoast_head_json":{"title":"Bi\u010di\u0173 terapija - Kalnius Homestead","robots":{"index":"index","follow":"follow","max-snippet":"max-snippet:-1","max-image-preview":"max-image-preview:large","max-video-preview":"max-video-preview:-1"},"canonical":"https:\/\/kalniaus-sodyba.lt\/produktas\/dovanu-kuponas-200-300\/","og_locale":"en_US","og_type":"article","og_title":"Bi\u010di\u0173 terapija - Kalnius Homestead","og_url":"https:\/\/kalniaus-sodyba.lt\/produktas\/dovanu-kuponas-200-300\/","og_site_name":"Kalnius Homestead","article_modified_time":"2026-02-12T14:47:51+00:00","og_image":[{"width":1409,"height":585,"url":"https:\/\/kalniaus-sodyba.lt\/wp-content\/uploads\/2021\/03\/Capture-1.png","type":"image\/png"}],"twitter_card":"summary_large_image","twitter_misc":{"Est. reading time":"1 minute"},"schema":{"@context":"https:\/\/schema.org","@graph":[{"@type":"WebPage","@id":"https:\/\/kalniaus-sodyba.lt\/produktas\/dovanu-kuponas-200-300\/","url":"https:\/\/kalniaus-sodyba.lt\/produktas\/dovanu-kuponas-200-300\/","name":"Bi\u010di\u0173 terapija - Kalnius Homestead","isPartOf":{"@id":"https:\/\/kalniaus-sodyba.lt\/#website"},"primaryImageOfPage":{"@id":"https:\/\/kalniaus-sodyba.lt\/produktas\/dovanu-kuponas-200-300\/#primaryimage"},"image":{"@id":"https:\/\/kalniaus-sodyba.lt\/produktas\/dovanu-kuponas-200-300\/#primaryimage"},"thumbnailUrl":"https:\/\/kalniaus-sodyba.lt\/wp-content\/uploads\/2021\/03\/Capture-1.png","datePublished":"2021-03-23T21:30:22+00:00","dateModified":"2026-02-12T14:47:51+00:00","breadcrumb":{"@id":"https:\/\/kalniaus-sodyba.lt\/produktas\/dovanu-kuponas-200-300\/#breadcrumb"},"inLanguage":"en-US","potentialAction":[{"@type":"ReadAction","target":["https:\/\/kalniaus-sodyba.lt\/produktas\/dovanu-kuponas-200-300\/"]}]},{"@type":"ImageObject","inLanguage":"en-US","@id":"https:\/\/kalniaus-sodyba.lt\/produktas\/dovanu-kuponas-200-300\/#primaryimage","url":"https:\/\/kalniaus-sodyba.lt\/wp-content\/uploads\/2021\/03\/Capture-1.png","contentUrl":"https:\/\/kalniaus-sodyba.lt\/wp-content\/uploads\/2021\/03\/Capture-1.png","width":1409,"height":585},{"@type":"BreadcrumbList","@id":"https:\/\/kalniaus-sodyba.lt\/produktas\/dovanu-kuponas-200-300\/#breadcrumb","itemListElement":[{"@type":"ListItem","position":1,"name":"Home","item":"https:\/\/kalniaus-sodyba.lt\/"},{"@type":"ListItem","position":2,"name":"Dovan\u0173 Kuponai","item":"https:\/\/kalniaus-sodyba.lt\/dovanu-kuponai\/"},{"@type":"ListItem","position":3,"name":"Bi\u010di\u0173 terapija"}]},{"@type":"WebSite","@id":"https:\/\/kalniaus-sodyba.lt\/#website","url":"https:\/\/kalniaus-sodyba.lt\/","name":"Kalnius Homestead","description":"Rest by the lake","potentialAction":[{"@type":"SearchAction","target":{"@type":"EntryPoint","urlTemplate":"https:\/\/kalniaus-sodyba.lt\/?s={search_term_string}"},"query-input":{"@type":"PropertyValueSpecification","valueRequired":true,"valueName":"search_term_string"}}],"inLanguage":"en-US"}]}},"_links":{"self":[{"href":"https:\/\/kalniaus-sodyba.lt\/en\/wp-json\/wp\/v2\/product\/5310","targetHints":{"allow":["GET"]}}],"collection":[{"href":"https:\/\/kalniaus-sodyba.lt\/en\/wp-json\/wp\/v2\/product"}],"about":[{"href":"https:\/\/kalniaus-sodyba.lt\/en\/wp-json\/wp\/v2\/types\/product"}],"wp:featuredmedia":[{"embeddable":true,"href":"https:\/\/kalniaus-sodyba.lt\/en\/wp-json\/wp\/v2\/media\/5714"}],"wp:attachment":[{"href":"https:\/\/kalniaus-sodyba.lt\/en\/wp-json\/wp\/v2\/media?parent=5310"}],"wp:term":[{"taxonomy":"product_brand","embeddable":true,"href":"https:\/\/kalniaus-sodyba.lt\/en\/wp-json\/wp\/v2\/product_brand?post=5310"},{"taxonomy":"product_cat","embeddable":true,"href":"https:\/\/kalniaus-sodyba.lt\/en\/wp-json\/wp\/v2\/product_cat?post=5310"},{"taxonomy":"product_tag","embeddable":true,"href":"https:\/\/kalniaus-sodyba.lt\/en\/wp-json\/wp\/v2\/product_tag?post=5310"},{"taxonomy":"giftcard-category","embeddable":true,"href":"https:\/\/kalniaus-sodyba.lt\/en\/wp-json\/wp\/v2\/giftcard-category?post=5310"}],"curies":[{"name":"wp","href":"https:\/\/api.w.org\/{rel}","templated":true}]}}