{"id":47343,"date":"2022-12-12T16:12:29","date_gmt":"2022-12-12T13:12:29","guid":{"rendered":"http:\/\/kalniaus-sodyba.lt\/?post_type=product&#038;p=47343"},"modified":"2026-02-12T17:58:08","modified_gmt":"2026-02-12T14:58:08","slug":"palapine-medyje-su-ofuro-vonia-galioja-visus-metus","status":"publish","type":"product","link":"https:\/\/kalniaus-sodyba.lt\/en\/produktas\/palapine-medyje-su-ofuro-vonia-galioja-visus-metus\/","title":{"rendered":"Nakvyn\u0117 palapin\u0117je medyje su ofuro vonia (galioja visus metus)"},"content":{"rendered":"<p>Tai puiki galimyb\u0117 <strong>romanti\u0161kai praleisti laik\u0105 nuostabios gamtos apsuptyje<\/strong> dviese \u2013 steb\u0117ti \u017evaig\u017ed\u0117t\u0105 dang\u0173, nuo v\u0117jo linksin\u010dias med\u017ei\u0173 vir\u0161\u016bnes ir m\u0117gautis vienas kito buvimu \u0161alia.<\/p>\n","protected":false},"excerpt":{"rendered":"<p>J\u016bs\u0173 laukia romanti\u0161kas poilsis dviems med\u017ei\u0173 vir\u0161\u016bn\u0117se su ofuro vonios malonumais.<\/p>\n<p>Paslauga neteikiama (lapkri\u010dio-kovo m\u0117n).<\/p>\n<p>Vasaros savaitgaliais rezervacijos galimos ma\u017eiausiai dvejoms paroms.<\/p>\n<p>Kuponas negalioja \u0161ven\u010di\u0173 dienomis.<\/p>\n<p>&nbsp;<\/p>\n","protected":false},"featured_media":53108,"template":"","meta":[],"product_brand":[],"product_cat":[959,1014],"product_tag":[],"giftcard-category":[],"class_list":{"0":"post-47343","1":"product","2":"type-product","3":"status-publish","4":"has-post-thumbnail","6":"product_cat-dovanu-kuponas","7":"product_cat-nakvynes","9":"first","10":"instock","11":"virtual","12":"purchasable","13":"product-type-simple"},"translation":{"provider":"WPGlobus","version":"3.0.1","language":"en","enabled_languages":["lt","en","ru"],"languages":{"lt":{"title":true,"content":true,"excerpt":true},"en":{"title":false,"content":false,"excerpt":false},"ru":{"title":false,"content":false,"excerpt":false}}},"yoast_head":"<!-- This site is optimized with the Yoast SEO plugin v26.6 - https:\/\/yoast.com\/wordpress\/plugins\/seo\/ -->\n<title>Nakvyn\u0117 palapin\u0117je medyje su ofuro vonia (galioja visus metus) - Kalnius Homestead<\/title>\n<meta name=\"robots\" content=\"index, follow, max-snippet:-1, max-image-preview:large, max-video-preview:-1\" \/>\n<link rel=\"canonical\" href=\"https:\/\/kalniaus-sodyba.lt\/produktas\/palapine-medyje-su-ofuro-vonia-galioja-visus-metus\/\" \/>\n<meta property=\"og:locale\" content=\"en_US\" \/>\n<meta property=\"og:type\" content=\"article\" \/>\n<meta property=\"og:title\" content=\"Nakvyn\u0117 palapin\u0117je medyje su ofuro vonia (galioja visus metus) - Kalnius Homestead\" \/>\n<meta property=\"og:url\" content=\"https:\/\/kalniaus-sodyba.lt\/produktas\/palapine-medyje-su-ofuro-vonia-galioja-visus-metus\/\" \/>\n<meta property=\"og:site_name\" content=\"Kalnius Homestead\" \/>\n<meta property=\"article:modified_time\" content=\"2026-02-12T14:58:08+00:00\" \/>\n<meta property=\"og:image\" content=\"https:\/\/kalniaus-sodyba.lt\/wp-content\/uploads\/2024\/08\/palapine-2-butinge-15.png\" \/>\n\t<meta property=\"og:image:width\" content=\"1024\" \/>\n\t<meta property=\"og:image:height\" content=\"768\" \/>\n\t<meta property=\"og:image:type\" content=\"image\/png\" \/>\n<meta name=\"twitter:card\" content=\"summary_large_image\" \/>\n<meta name=\"twitter:label1\" content=\"Est. reading time\" \/>\n\t<meta name=\"twitter:data1\" content=\"1 minute\" \/>\n<script type=\"application\/ld+json\" class=\"yoast-schema-graph\">{\"@context\":\"https:\/\/schema.org\",\"@graph\":[{\"@type\":\"WebPage\",\"@id\":\"https:\/\/kalniaus-sodyba.lt\/produktas\/palapine-medyje-su-ofuro-vonia-galioja-visus-metus\/\",\"url\":\"https:\/\/kalniaus-sodyba.lt\/produktas\/palapine-medyje-su-ofuro-vonia-galioja-visus-metus\/\",\"name\":\"Nakvyn\u0117 palapin\u0117je medyje su ofuro vonia (galioja visus metus) - Kalnius Homestead\",\"isPartOf\":{\"@id\":\"https:\/\/kalniaus-sodyba.lt\/#website\"},\"primaryImageOfPage\":{\"@id\":\"https:\/\/kalniaus-sodyba.lt\/produktas\/palapine-medyje-su-ofuro-vonia-galioja-visus-metus\/#primaryimage\"},\"image\":{\"@id\":\"https:\/\/kalniaus-sodyba.lt\/produktas\/palapine-medyje-su-ofuro-vonia-galioja-visus-metus\/#primaryimage\"},\"thumbnailUrl\":\"https:\/\/kalniaus-sodyba.lt\/wp-content\/uploads\/2024\/08\/palapine-2-butinge-15.png\",\"datePublished\":\"2022-12-12T13:12:29+00:00\",\"dateModified\":\"2026-02-12T14:58:08+00:00\",\"breadcrumb\":{\"@id\":\"https:\/\/kalniaus-sodyba.lt\/produktas\/palapine-medyje-su-ofuro-vonia-galioja-visus-metus\/#breadcrumb\"},\"inLanguage\":\"en-US\",\"potentialAction\":[{\"@type\":\"ReadAction\",\"target\":[\"https:\/\/kalniaus-sodyba.lt\/produktas\/palapine-medyje-su-ofuro-vonia-galioja-visus-metus\/\"]}]},{\"@type\":\"ImageObject\",\"inLanguage\":\"en-US\",\"@id\":\"https:\/\/kalniaus-sodyba.lt\/produktas\/palapine-medyje-su-ofuro-vonia-galioja-visus-metus\/#primaryimage\",\"url\":\"https:\/\/kalniaus-sodyba.lt\/wp-content\/uploads\/2024\/08\/palapine-2-butinge-15.png\",\"contentUrl\":\"https:\/\/kalniaus-sodyba.lt\/wp-content\/uploads\/2024\/08\/palapine-2-butinge-15.png\",\"width\":1024,\"height\":768},{\"@type\":\"BreadcrumbList\",\"@id\":\"https:\/\/kalniaus-sodyba.lt\/produktas\/palapine-medyje-su-ofuro-vonia-galioja-visus-metus\/#breadcrumb\",\"itemListElement\":[{\"@type\":\"ListItem\",\"position\":1,\"name\":\"Home\",\"item\":\"https:\/\/kalniaus-sodyba.lt\/\"},{\"@type\":\"ListItem\",\"position\":2,\"name\":\"Dovan\u0173 Kuponai\",\"item\":\"https:\/\/kalniaus-sodyba.lt\/dovanu-kuponai\/\"},{\"@type\":\"ListItem\",\"position\":3,\"name\":\"Nakvyn\u0117 palapin\u0117je medyje su ofuro vonia (galioja visus metus)\"}]},{\"@type\":\"WebSite\",\"@id\":\"https:\/\/kalniaus-sodyba.lt\/#website\",\"url\":\"https:\/\/kalniaus-sodyba.lt\/\",\"name\":\"Kalnius Homestead\",\"description\":\"Rest by the lake\",\"potentialAction\":[{\"@type\":\"SearchAction\",\"target\":{\"@type\":\"EntryPoint\",\"urlTemplate\":\"https:\/\/kalniaus-sodyba.lt\/?s={search_term_string}\"},\"query-input\":{\"@type\":\"PropertyValueSpecification\",\"valueRequired\":true,\"valueName\":\"search_term_string\"}}],\"inLanguage\":\"en-US\"}]}<\/script>\n<!-- \/ Yoast SEO plugin. -->","yoast_head_json":{"title":"Nakvyn\u0117 palapin\u0117je medyje su ofuro vonia (galioja visus metus) - Kalnius Homestead","robots":{"index":"index","follow":"follow","max-snippet":"max-snippet:-1","max-image-preview":"max-image-preview:large","max-video-preview":"max-video-preview:-1"},"canonical":"https:\/\/kalniaus-sodyba.lt\/produktas\/palapine-medyje-su-ofuro-vonia-galioja-visus-metus\/","og_locale":"en_US","og_type":"article","og_title":"Nakvyn\u0117 palapin\u0117je medyje su ofuro vonia (galioja visus metus) - Kalnius Homestead","og_url":"https:\/\/kalniaus-sodyba.lt\/produktas\/palapine-medyje-su-ofuro-vonia-galioja-visus-metus\/","og_site_name":"Kalnius Homestead","article_modified_time":"2026-02-12T14:58:08+00:00","og_image":[{"width":1024,"height":768,"url":"https:\/\/kalniaus-sodyba.lt\/wp-content\/uploads\/2024\/08\/palapine-2-butinge-15.png","type":"image\/png"}],"twitter_card":"summary_large_image","twitter_misc":{"Est. reading time":"1 minute"},"schema":{"@context":"https:\/\/schema.org","@graph":[{"@type":"WebPage","@id":"https:\/\/kalniaus-sodyba.lt\/produktas\/palapine-medyje-su-ofuro-vonia-galioja-visus-metus\/","url":"https:\/\/kalniaus-sodyba.lt\/produktas\/palapine-medyje-su-ofuro-vonia-galioja-visus-metus\/","name":"Nakvyn\u0117 palapin\u0117je medyje su ofuro vonia (galioja visus metus) - Kalnius Homestead","isPartOf":{"@id":"https:\/\/kalniaus-sodyba.lt\/#website"},"primaryImageOfPage":{"@id":"https:\/\/kalniaus-sodyba.lt\/produktas\/palapine-medyje-su-ofuro-vonia-galioja-visus-metus\/#primaryimage"},"image":{"@id":"https:\/\/kalniaus-sodyba.lt\/produktas\/palapine-medyje-su-ofuro-vonia-galioja-visus-metus\/#primaryimage"},"thumbnailUrl":"https:\/\/kalniaus-sodyba.lt\/wp-content\/uploads\/2024\/08\/palapine-2-butinge-15.png","datePublished":"2022-12-12T13:12:29+00:00","dateModified":"2026-02-12T14:58:08+00:00","breadcrumb":{"@id":"https:\/\/kalniaus-sodyba.lt\/produktas\/palapine-medyje-su-ofuro-vonia-galioja-visus-metus\/#breadcrumb"},"inLanguage":"en-US","potentialAction":[{"@type":"ReadAction","target":["https:\/\/kalniaus-sodyba.lt\/produktas\/palapine-medyje-su-ofuro-vonia-galioja-visus-metus\/"]}]},{"@type":"ImageObject","inLanguage":"en-US","@id":"https:\/\/kalniaus-sodyba.lt\/produktas\/palapine-medyje-su-ofuro-vonia-galioja-visus-metus\/#primaryimage","url":"https:\/\/kalniaus-sodyba.lt\/wp-content\/uploads\/2024\/08\/palapine-2-butinge-15.png","contentUrl":"https:\/\/kalniaus-sodyba.lt\/wp-content\/uploads\/2024\/08\/palapine-2-butinge-15.png","width":1024,"height":768},{"@type":"BreadcrumbList","@id":"https:\/\/kalniaus-sodyba.lt\/produktas\/palapine-medyje-su-ofuro-vonia-galioja-visus-metus\/#breadcrumb","itemListElement":[{"@type":"ListItem","position":1,"name":"Home","item":"https:\/\/kalniaus-sodyba.lt\/"},{"@type":"ListItem","position":2,"name":"Dovan\u0173 Kuponai","item":"https:\/\/kalniaus-sodyba.lt\/dovanu-kuponai\/"},{"@type":"ListItem","position":3,"name":"Nakvyn\u0117 palapin\u0117je medyje su ofuro vonia (galioja visus metus)"}]},{"@type":"WebSite","@id":"https:\/\/kalniaus-sodyba.lt\/#website","url":"https:\/\/kalniaus-sodyba.lt\/","name":"Kalnius Homestead","description":"Rest by the lake","potentialAction":[{"@type":"SearchAction","target":{"@type":"EntryPoint","urlTemplate":"https:\/\/kalniaus-sodyba.lt\/?s={search_term_string}"},"query-input":{"@type":"PropertyValueSpecification","valueRequired":true,"valueName":"search_term_string"}}],"inLanguage":"en-US"}]}},"_links":{"self":[{"href":"https:\/\/kalniaus-sodyba.lt\/en\/wp-json\/wp\/v2\/product\/47343","targetHints":{"allow":["GET"]}}],"collection":[{"href":"https:\/\/kalniaus-sodyba.lt\/en\/wp-json\/wp\/v2\/product"}],"about":[{"href":"https:\/\/kalniaus-sodyba.lt\/en\/wp-json\/wp\/v2\/types\/product"}],"wp:featuredmedia":[{"embeddable":true,"href":"https:\/\/kalniaus-sodyba.lt\/en\/wp-json\/wp\/v2\/media\/53108"}],"wp:attachment":[{"href":"https:\/\/kalniaus-sodyba.lt\/en\/wp-json\/wp\/v2\/media?parent=47343"}],"wp:term":[{"taxonomy":"product_brand","embeddable":true,"href":"https:\/\/kalniaus-sodyba.lt\/en\/wp-json\/wp\/v2\/product_brand?post=47343"},{"taxonomy":"product_cat","embeddable":true,"href":"https:\/\/kalniaus-sodyba.lt\/en\/wp-json\/wp\/v2\/product_cat?post=47343"},{"taxonomy":"product_tag","embeddable":true,"href":"https:\/\/kalniaus-sodyba.lt\/en\/wp-json\/wp\/v2\/product_tag?post=47343"},{"taxonomy":"giftcard-category","embeddable":true,"href":"https:\/\/kalniaus-sodyba.lt\/en\/wp-json\/wp\/v2\/giftcard-category?post=47343"}],"curies":[{"name":"wp","href":"https:\/\/api.w.org\/{rel}","templated":true}]}}