{"id":4126,"date":"2019-01-16T13:01:53","date_gmt":"2019-01-16T13:01:53","guid":{"rendered":"https:\/\/woocommercecore.mystagingwebsite.com\/product\/hoodie-with-pocket\/"},"modified":"2024-11-27T17:35:37","modified_gmt":"2024-11-27T14:35:37","slug":"dovanu-kuponas-170","status":"publish","type":"product","link":"https:\/\/kalniaus-sodyba.lt\/en\/produktas\/dovanu-kuponas-170\/","title":{"rendered":"Jodin\u0117jimas sodybos apylink\u0117se mi\u0161ku"},"content":{"rendered":"<p>VIETA<br \/>\n\u201eKalniaus sodyba\u201c, Barkeliai (56\u00b000&#8217;19.3&#8243;N 21\u00b018&#8217;26.6&#8243;E). Nepatartina va\u017eiuoti per Ka\u0161u\u010di\u0173 gatv\u0119 \u2013 itin prastas kelias.<br \/>\nTRUKM\u0116<br \/>\nApie 2 val.<br \/>\nDOVANA SKIRTA<br \/>\n1 asm.<br \/>\nB\u016aTINA I\u0160ANKSTIN\u0116 REGISTRACIJA<br \/>\nTel. 8 670 63638, el. p. info@kalniaus-sodyba.lt<br \/>\nGALIOJIMO TRUKM\u0116<br \/>\n12 m\u0117n.<br \/>\nAPRANGA<br \/>\nPatogi, judesi\u0173 nevar\u017eanti apranga.<\/p>\n","protected":false},"excerpt":{"rendered":"<p>\u017dygiuosite 17 km vaizdingais aplinkini\u0173 mi\u0161k\u0173 takeliais. Tai puiki galimyb\u0117 pamir\u0161ti visus r\u016bpes\u010dius ir pasinerti \u012f gamtos meditacij\u0105, laikant rankose \u017eirgo pavad\u012f. Joti gali tiek pirm\u0105 kart\u0105 s\u0117siantys ant \u017eirgo, tiek patyr\u0119 jojikai. Sodyboje raiteliai skirstomi \u012f pradedan\u010di\u0173j\u0173 ir patyrusi\u0173j\u0173 grupes. Pradedan\u010di\u0173j\u0173 tempai l\u0117tesni, ma\u017eiau ri\u0161\u010dios, zovados, o pa\u017eengusi\u0173j\u0173 \u2013 kur kas greitesnis ir intensyvesnis.<\/p>\n","protected":false},"featured_media":4427,"template":"","meta":[],"product_brand":[],"product_cat":[1015],"product_tag":[],"giftcard-category":[],"class_list":{"0":"post-4126","1":"product","2":"type-product","3":"status-publish","4":"has-post-thumbnail","6":"product_cat-pramogos","8":"first","9":"instock","10":"shipping-taxable","11":"purchasable","12":"product-type-gift-card"},"translation":{"provider":"WPGlobus","version":"3.0.1","language":"en","enabled_languages":["lt","en","ru"],"languages":{"lt":{"title":true,"content":true,"excerpt":true},"en":{"title":false,"content":false,"excerpt":false},"ru":{"title":false,"content":false,"excerpt":false}}},"yoast_head":"<!-- This site is optimized with the Yoast SEO plugin v26.6 - https:\/\/yoast.com\/wordpress\/plugins\/seo\/ -->\n<title>Jodin\u0117jimas sodybos apylink\u0117se mi\u0161ku - Kalnius Homestead<\/title>\n<meta name=\"robots\" content=\"index, follow, max-snippet:-1, max-image-preview:large, max-video-preview:-1\" \/>\n<link rel=\"canonical\" href=\"https:\/\/kalniaus-sodyba.lt\/produktas\/dovanu-kuponas-170\/\" \/>\n<meta property=\"og:locale\" content=\"en_US\" \/>\n<meta property=\"og:type\" content=\"article\" \/>\n<meta property=\"og:title\" content=\"Jodin\u0117jimas sodybos apylink\u0117se mi\u0161ku - Kalnius Homestead\" \/>\n<meta property=\"og:url\" content=\"https:\/\/kalniaus-sodyba.lt\/produktas\/dovanu-kuponas-170\/\" \/>\n<meta property=\"og:site_name\" content=\"Kalnius Homestead\" \/>\n<meta property=\"article:modified_time\" content=\"2024-11-27T14:35:37+00:00\" \/>\n<meta property=\"og:image\" content=\"https:\/\/kalniaus-sodyba.lt\/wp-content\/uploads\/2021\/03\/kal11-scaled.jpg\" \/>\n\t<meta property=\"og:image:width\" content=\"2560\" \/>\n\t<meta property=\"og:image:height\" content=\"1793\" \/>\n\t<meta property=\"og:image:type\" content=\"image\/jpeg\" \/>\n<meta name=\"twitter:card\" content=\"summary_large_image\" \/>\n<script type=\"application\/ld+json\" class=\"yoast-schema-graph\">{\"@context\":\"https:\/\/schema.org\",\"@graph\":[{\"@type\":\"WebPage\",\"@id\":\"https:\/\/kalniaus-sodyba.lt\/produktas\/dovanu-kuponas-170\/\",\"url\":\"https:\/\/kalniaus-sodyba.lt\/produktas\/dovanu-kuponas-170\/\",\"name\":\"Jodin\u0117jimas sodybos apylink\u0117se mi\u0161ku - Kalnius Homestead\",\"isPartOf\":{\"@id\":\"https:\/\/kalniaus-sodyba.lt\/#website\"},\"primaryImageOfPage\":{\"@id\":\"https:\/\/kalniaus-sodyba.lt\/produktas\/dovanu-kuponas-170\/#primaryimage\"},\"image\":{\"@id\":\"https:\/\/kalniaus-sodyba.lt\/produktas\/dovanu-kuponas-170\/#primaryimage\"},\"thumbnailUrl\":\"https:\/\/kalniaus-sodyba.lt\/wp-content\/uploads\/2021\/03\/kal11-scaled.jpg\",\"datePublished\":\"2019-01-16T13:01:53+00:00\",\"dateModified\":\"2024-11-27T14:35:37+00:00\",\"breadcrumb\":{\"@id\":\"https:\/\/kalniaus-sodyba.lt\/produktas\/dovanu-kuponas-170\/#breadcrumb\"},\"inLanguage\":\"en-US\",\"potentialAction\":[{\"@type\":\"ReadAction\",\"target\":[\"https:\/\/kalniaus-sodyba.lt\/produktas\/dovanu-kuponas-170\/\"]}]},{\"@type\":\"ImageObject\",\"inLanguage\":\"en-US\",\"@id\":\"https:\/\/kalniaus-sodyba.lt\/produktas\/dovanu-kuponas-170\/#primaryimage\",\"url\":\"https:\/\/kalniaus-sodyba.lt\/wp-content\/uploads\/2021\/03\/kal11-scaled.jpg\",\"contentUrl\":\"https:\/\/kalniaus-sodyba.lt\/wp-content\/uploads\/2021\/03\/kal11-scaled.jpg\",\"width\":2560,\"height\":1793},{\"@type\":\"BreadcrumbList\",\"@id\":\"https:\/\/kalniaus-sodyba.lt\/produktas\/dovanu-kuponas-170\/#breadcrumb\",\"itemListElement\":[{\"@type\":\"ListItem\",\"position\":1,\"name\":\"Home\",\"item\":\"https:\/\/kalniaus-sodyba.lt\/\"},{\"@type\":\"ListItem\",\"position\":2,\"name\":\"Dovan\u0173 Kuponai\",\"item\":\"https:\/\/kalniaus-sodyba.lt\/dovanu-kuponai\/\"},{\"@type\":\"ListItem\",\"position\":3,\"name\":\"Jodin\u0117jimas sodybos apylink\u0117se mi\u0161ku\"}]},{\"@type\":\"WebSite\",\"@id\":\"https:\/\/kalniaus-sodyba.lt\/#website\",\"url\":\"https:\/\/kalniaus-sodyba.lt\/\",\"name\":\"Kalnius Homestead\",\"description\":\"Rest by the lake\",\"potentialAction\":[{\"@type\":\"SearchAction\",\"target\":{\"@type\":\"EntryPoint\",\"urlTemplate\":\"https:\/\/kalniaus-sodyba.lt\/?s={search_term_string}\"},\"query-input\":{\"@type\":\"PropertyValueSpecification\",\"valueRequired\":true,\"valueName\":\"search_term_string\"}}],\"inLanguage\":\"en-US\"}]}<\/script>\n<!-- \/ Yoast SEO plugin. -->","yoast_head_json":{"title":"Jodin\u0117jimas sodybos apylink\u0117se mi\u0161ku - Kalnius Homestead","robots":{"index":"index","follow":"follow","max-snippet":"max-snippet:-1","max-image-preview":"max-image-preview:large","max-video-preview":"max-video-preview:-1"},"canonical":"https:\/\/kalniaus-sodyba.lt\/produktas\/dovanu-kuponas-170\/","og_locale":"en_US","og_type":"article","og_title":"Jodin\u0117jimas sodybos apylink\u0117se mi\u0161ku - Kalnius Homestead","og_url":"https:\/\/kalniaus-sodyba.lt\/produktas\/dovanu-kuponas-170\/","og_site_name":"Kalnius Homestead","article_modified_time":"2024-11-27T14:35:37+00:00","og_image":[{"width":2560,"height":1793,"url":"https:\/\/kalniaus-sodyba.lt\/wp-content\/uploads\/2021\/03\/kal11-scaled.jpg","type":"image\/jpeg"}],"twitter_card":"summary_large_image","schema":{"@context":"https:\/\/schema.org","@graph":[{"@type":"WebPage","@id":"https:\/\/kalniaus-sodyba.lt\/produktas\/dovanu-kuponas-170\/","url":"https:\/\/kalniaus-sodyba.lt\/produktas\/dovanu-kuponas-170\/","name":"Jodin\u0117jimas sodybos apylink\u0117se mi\u0161ku - Kalnius Homestead","isPartOf":{"@id":"https:\/\/kalniaus-sodyba.lt\/#website"},"primaryImageOfPage":{"@id":"https:\/\/kalniaus-sodyba.lt\/produktas\/dovanu-kuponas-170\/#primaryimage"},"image":{"@id":"https:\/\/kalniaus-sodyba.lt\/produktas\/dovanu-kuponas-170\/#primaryimage"},"thumbnailUrl":"https:\/\/kalniaus-sodyba.lt\/wp-content\/uploads\/2021\/03\/kal11-scaled.jpg","datePublished":"2019-01-16T13:01:53+00:00","dateModified":"2024-11-27T14:35:37+00:00","breadcrumb":{"@id":"https:\/\/kalniaus-sodyba.lt\/produktas\/dovanu-kuponas-170\/#breadcrumb"},"inLanguage":"en-US","potentialAction":[{"@type":"ReadAction","target":["https:\/\/kalniaus-sodyba.lt\/produktas\/dovanu-kuponas-170\/"]}]},{"@type":"ImageObject","inLanguage":"en-US","@id":"https:\/\/kalniaus-sodyba.lt\/produktas\/dovanu-kuponas-170\/#primaryimage","url":"https:\/\/kalniaus-sodyba.lt\/wp-content\/uploads\/2021\/03\/kal11-scaled.jpg","contentUrl":"https:\/\/kalniaus-sodyba.lt\/wp-content\/uploads\/2021\/03\/kal11-scaled.jpg","width":2560,"height":1793},{"@type":"BreadcrumbList","@id":"https:\/\/kalniaus-sodyba.lt\/produktas\/dovanu-kuponas-170\/#breadcrumb","itemListElement":[{"@type":"ListItem","position":1,"name":"Home","item":"https:\/\/kalniaus-sodyba.lt\/"},{"@type":"ListItem","position":2,"name":"Dovan\u0173 Kuponai","item":"https:\/\/kalniaus-sodyba.lt\/dovanu-kuponai\/"},{"@type":"ListItem","position":3,"name":"Jodin\u0117jimas sodybos apylink\u0117se mi\u0161ku"}]},{"@type":"WebSite","@id":"https:\/\/kalniaus-sodyba.lt\/#website","url":"https:\/\/kalniaus-sodyba.lt\/","name":"Kalnius Homestead","description":"Rest by the lake","potentialAction":[{"@type":"SearchAction","target":{"@type":"EntryPoint","urlTemplate":"https:\/\/kalniaus-sodyba.lt\/?s={search_term_string}"},"query-input":{"@type":"PropertyValueSpecification","valueRequired":true,"valueName":"search_term_string"}}],"inLanguage":"en-US"}]}},"_links":{"self":[{"href":"https:\/\/kalniaus-sodyba.lt\/en\/wp-json\/wp\/v2\/product\/4126","targetHints":{"allow":["GET"]}}],"collection":[{"href":"https:\/\/kalniaus-sodyba.lt\/en\/wp-json\/wp\/v2\/product"}],"about":[{"href":"https:\/\/kalniaus-sodyba.lt\/en\/wp-json\/wp\/v2\/types\/product"}],"wp:featuredmedia":[{"embeddable":true,"href":"https:\/\/kalniaus-sodyba.lt\/en\/wp-json\/wp\/v2\/media\/4427"}],"wp:attachment":[{"href":"https:\/\/kalniaus-sodyba.lt\/en\/wp-json\/wp\/v2\/media?parent=4126"}],"wp:term":[{"taxonomy":"product_brand","embeddable":true,"href":"https:\/\/kalniaus-sodyba.lt\/en\/wp-json\/wp\/v2\/product_brand?post=4126"},{"taxonomy":"product_cat","embeddable":true,"href":"https:\/\/kalniaus-sodyba.lt\/en\/wp-json\/wp\/v2\/product_cat?post=4126"},{"taxonomy":"product_tag","embeddable":true,"href":"https:\/\/kalniaus-sodyba.lt\/en\/wp-json\/wp\/v2\/product_tag?post=4126"},{"taxonomy":"giftcard-category","embeddable":true,"href":"https:\/\/kalniaus-sodyba.lt\/en\/wp-json\/wp\/v2\/giftcard-category?post=4126"}],"curies":[{"name":"wp","href":"https:\/\/api.w.org\/{rel}","templated":true}]}}