{"id":2187,"date":"2019-01-16T13:01:55","date_gmt":"2019-01-16T13:01:55","guid":{"rendered":"https:\/\/woocommercecore.mystagingwebsite.com\/product\/t-shirt-with-logo\/"},"modified":"2024-11-27T17:35:13","modified_gmt":"2024-11-27T14:35:13","slug":"dovanu-kuponas-150","status":"publish","type":"product","link":"https:\/\/kalniaus-sodyba.lt\/en\/produktas\/dovanu-kuponas-150\/","title":{"rendered":"Pa\u017eintis su \u017eirgu \u0161eimai"},"content":{"rendered":"<p>VIETA<br \/>\n\u201eKalniaus sodyba\u201c, Barkeliai (56\u00b000&#8217;19.3&#8243;N 21\u00b018&#8217;26.6&#8243;E). Nepatartina va\u017eiuoti per Ka\u0161u\u010di\u0173 gatv\u0119 \u2013 itin prastas kelias.<br \/>\nTRUKM\u0116<br \/>\n45 min.<br \/>\nDOVANA SKIRTA<br \/>\nIki 4 asmen\u0173<br \/>\nB\u016aTINA I\u0160ANKSTIN\u0116 REGISTRACIJA<br \/>\nTel. 8 608 64000, el. p. info@kalniaus-sodyba.lt<\/p>\n","protected":false},"excerpt":{"rendered":"<p>Tai puikus b\u016bdas turiningai praleisti laik\u0105 su \u0161eima ir susipa\u017einti su gracingaisiais gyv\u016bnais. Pramoga itin patiks ir ma\u017eiems, ir dideliems, kurie dar n\u0117ra s\u0117d\u0117j\u0119 ant \u017eirgo ir nori pirm\u0105 kart\u0105 tai i\u0161bandyti. Jums bus skirtas vienas \u017eirgas, kuriuo pasikeisdami joti gal\u0117s visi \u0161eimos nariai (iki 4 asm.).<\/p>\n","protected":false},"featured_media":44623,"template":"","meta":[],"product_brand":[],"product_cat":[1015],"product_tag":[],"giftcard-category":[],"class_list":{"0":"post-2187","1":"product","2":"type-product","3":"status-publish","4":"has-post-thumbnail","6":"product_cat-pramogos","8":"first","9":"instock","10":"virtual","11":"purchasable","12":"product-type-gift-card"},"translation":{"provider":"WPGlobus","version":"3.0.1","language":"en","enabled_languages":["lt","en","ru"],"languages":{"lt":{"title":true,"content":true,"excerpt":true},"en":{"title":false,"content":false,"excerpt":false},"ru":{"title":false,"content":false,"excerpt":false}}},"yoast_head":"<!-- This site is optimized with the Yoast SEO plugin v26.6 - https:\/\/yoast.com\/wordpress\/plugins\/seo\/ -->\n<title>Pa\u017eintis su \u017eirgu \u0161eimai - Kalnius Homestead<\/title>\n<meta name=\"robots\" content=\"index, follow, max-snippet:-1, max-image-preview:large, max-video-preview:-1\" \/>\n<link rel=\"canonical\" href=\"https:\/\/kalniaus-sodyba.lt\/produktas\/dovanu-kuponas-150\/\" \/>\n<meta property=\"og:locale\" content=\"en_US\" \/>\n<meta property=\"og:type\" content=\"article\" \/>\n<meta property=\"og:title\" content=\"Pa\u017eintis su \u017eirgu \u0161eimai - Kalnius Homestead\" \/>\n<meta property=\"og:url\" content=\"https:\/\/kalniaus-sodyba.lt\/produktas\/dovanu-kuponas-150\/\" \/>\n<meta property=\"og:site_name\" content=\"Kalnius Homestead\" \/>\n<meta property=\"article:modified_time\" content=\"2024-11-27T14:35:13+00:00\" \/>\n<meta property=\"og:image\" content=\"https:\/\/kalniaus-sodyba.lt\/wp-content\/uploads\/2019\/01\/IMG_6901-e1625662043385.jpg\" \/>\n\t<meta property=\"og:image:width\" content=\"1802\" \/>\n\t<meta property=\"og:image:height\" content=\"1367\" \/>\n\t<meta property=\"og:image:type\" content=\"image\/jpeg\" \/>\n<meta name=\"twitter:card\" content=\"summary_large_image\" \/>\n<script type=\"application\/ld+json\" class=\"yoast-schema-graph\">{\"@context\":\"https:\/\/schema.org\",\"@graph\":[{\"@type\":\"WebPage\",\"@id\":\"https:\/\/kalniaus-sodyba.lt\/produktas\/dovanu-kuponas-150\/\",\"url\":\"https:\/\/kalniaus-sodyba.lt\/produktas\/dovanu-kuponas-150\/\",\"name\":\"Pa\u017eintis su \u017eirgu \u0161eimai - Kalnius Homestead\",\"isPartOf\":{\"@id\":\"https:\/\/kalniaus-sodyba.lt\/#website\"},\"primaryImageOfPage\":{\"@id\":\"https:\/\/kalniaus-sodyba.lt\/produktas\/dovanu-kuponas-150\/#primaryimage\"},\"image\":{\"@id\":\"https:\/\/kalniaus-sodyba.lt\/produktas\/dovanu-kuponas-150\/#primaryimage\"},\"thumbnailUrl\":\"https:\/\/kalniaus-sodyba.lt\/wp-content\/uploads\/2019\/01\/IMG_6901-e1625662043385.jpg\",\"datePublished\":\"2019-01-16T13:01:55+00:00\",\"dateModified\":\"2024-11-27T14:35:13+00:00\",\"breadcrumb\":{\"@id\":\"https:\/\/kalniaus-sodyba.lt\/produktas\/dovanu-kuponas-150\/#breadcrumb\"},\"inLanguage\":\"en-US\",\"potentialAction\":[{\"@type\":\"ReadAction\",\"target\":[\"https:\/\/kalniaus-sodyba.lt\/produktas\/dovanu-kuponas-150\/\"]}]},{\"@type\":\"ImageObject\",\"inLanguage\":\"en-US\",\"@id\":\"https:\/\/kalniaus-sodyba.lt\/produktas\/dovanu-kuponas-150\/#primaryimage\",\"url\":\"https:\/\/kalniaus-sodyba.lt\/wp-content\/uploads\/2019\/01\/IMG_6901-e1625662043385.jpg\",\"contentUrl\":\"https:\/\/kalniaus-sodyba.lt\/wp-content\/uploads\/2019\/01\/IMG_6901-e1625662043385.jpg\",\"width\":1802,\"height\":1367},{\"@type\":\"BreadcrumbList\",\"@id\":\"https:\/\/kalniaus-sodyba.lt\/produktas\/dovanu-kuponas-150\/#breadcrumb\",\"itemListElement\":[{\"@type\":\"ListItem\",\"position\":1,\"name\":\"Home\",\"item\":\"https:\/\/kalniaus-sodyba.lt\/\"},{\"@type\":\"ListItem\",\"position\":2,\"name\":\"Dovan\u0173 Kuponai\",\"item\":\"https:\/\/kalniaus-sodyba.lt\/dovanu-kuponai\/\"},{\"@type\":\"ListItem\",\"position\":3,\"name\":\"Pa\u017eintis su \u017eirgu \u0161eimai\"}]},{\"@type\":\"WebSite\",\"@id\":\"https:\/\/kalniaus-sodyba.lt\/#website\",\"url\":\"https:\/\/kalniaus-sodyba.lt\/\",\"name\":\"Kalnius Homestead\",\"description\":\"Rest by the lake\",\"potentialAction\":[{\"@type\":\"SearchAction\",\"target\":{\"@type\":\"EntryPoint\",\"urlTemplate\":\"https:\/\/kalniaus-sodyba.lt\/?s={search_term_string}\"},\"query-input\":{\"@type\":\"PropertyValueSpecification\",\"valueRequired\":true,\"valueName\":\"search_term_string\"}}],\"inLanguage\":\"en-US\"}]}<\/script>\n<!-- \/ Yoast SEO plugin. -->","yoast_head_json":{"title":"Pa\u017eintis su \u017eirgu \u0161eimai - Kalnius Homestead","robots":{"index":"index","follow":"follow","max-snippet":"max-snippet:-1","max-image-preview":"max-image-preview:large","max-video-preview":"max-video-preview:-1"},"canonical":"https:\/\/kalniaus-sodyba.lt\/produktas\/dovanu-kuponas-150\/","og_locale":"en_US","og_type":"article","og_title":"Pa\u017eintis su \u017eirgu \u0161eimai - Kalnius Homestead","og_url":"https:\/\/kalniaus-sodyba.lt\/produktas\/dovanu-kuponas-150\/","og_site_name":"Kalnius Homestead","article_modified_time":"2024-11-27T14:35:13+00:00","og_image":[{"width":1802,"height":1367,"url":"https:\/\/kalniaus-sodyba.lt\/wp-content\/uploads\/2019\/01\/IMG_6901-e1625662043385.jpg","type":"image\/jpeg"}],"twitter_card":"summary_large_image","schema":{"@context":"https:\/\/schema.org","@graph":[{"@type":"WebPage","@id":"https:\/\/kalniaus-sodyba.lt\/produktas\/dovanu-kuponas-150\/","url":"https:\/\/kalniaus-sodyba.lt\/produktas\/dovanu-kuponas-150\/","name":"Pa\u017eintis su \u017eirgu \u0161eimai - Kalnius Homestead","isPartOf":{"@id":"https:\/\/kalniaus-sodyba.lt\/#website"},"primaryImageOfPage":{"@id":"https:\/\/kalniaus-sodyba.lt\/produktas\/dovanu-kuponas-150\/#primaryimage"},"image":{"@id":"https:\/\/kalniaus-sodyba.lt\/produktas\/dovanu-kuponas-150\/#primaryimage"},"thumbnailUrl":"https:\/\/kalniaus-sodyba.lt\/wp-content\/uploads\/2019\/01\/IMG_6901-e1625662043385.jpg","datePublished":"2019-01-16T13:01:55+00:00","dateModified":"2024-11-27T14:35:13+00:00","breadcrumb":{"@id":"https:\/\/kalniaus-sodyba.lt\/produktas\/dovanu-kuponas-150\/#breadcrumb"},"inLanguage":"en-US","potentialAction":[{"@type":"ReadAction","target":["https:\/\/kalniaus-sodyba.lt\/produktas\/dovanu-kuponas-150\/"]}]},{"@type":"ImageObject","inLanguage":"en-US","@id":"https:\/\/kalniaus-sodyba.lt\/produktas\/dovanu-kuponas-150\/#primaryimage","url":"https:\/\/kalniaus-sodyba.lt\/wp-content\/uploads\/2019\/01\/IMG_6901-e1625662043385.jpg","contentUrl":"https:\/\/kalniaus-sodyba.lt\/wp-content\/uploads\/2019\/01\/IMG_6901-e1625662043385.jpg","width":1802,"height":1367},{"@type":"BreadcrumbList","@id":"https:\/\/kalniaus-sodyba.lt\/produktas\/dovanu-kuponas-150\/#breadcrumb","itemListElement":[{"@type":"ListItem","position":1,"name":"Home","item":"https:\/\/kalniaus-sodyba.lt\/"},{"@type":"ListItem","position":2,"name":"Dovan\u0173 Kuponai","item":"https:\/\/kalniaus-sodyba.lt\/dovanu-kuponai\/"},{"@type":"ListItem","position":3,"name":"Pa\u017eintis su \u017eirgu \u0161eimai"}]},{"@type":"WebSite","@id":"https:\/\/kalniaus-sodyba.lt\/#website","url":"https:\/\/kalniaus-sodyba.lt\/","name":"Kalnius Homestead","description":"Rest by the lake","potentialAction":[{"@type":"SearchAction","target":{"@type":"EntryPoint","urlTemplate":"https:\/\/kalniaus-sodyba.lt\/?s={search_term_string}"},"query-input":{"@type":"PropertyValueSpecification","valueRequired":true,"valueName":"search_term_string"}}],"inLanguage":"en-US"}]}},"_links":{"self":[{"href":"https:\/\/kalniaus-sodyba.lt\/en\/wp-json\/wp\/v2\/product\/2187","targetHints":{"allow":["GET"]}}],"collection":[{"href":"https:\/\/kalniaus-sodyba.lt\/en\/wp-json\/wp\/v2\/product"}],"about":[{"href":"https:\/\/kalniaus-sodyba.lt\/en\/wp-json\/wp\/v2\/types\/product"}],"wp:featuredmedia":[{"embeddable":true,"href":"https:\/\/kalniaus-sodyba.lt\/en\/wp-json\/wp\/v2\/media\/44623"}],"wp:attachment":[{"href":"https:\/\/kalniaus-sodyba.lt\/en\/wp-json\/wp\/v2\/media?parent=2187"}],"wp:term":[{"taxonomy":"product_brand","embeddable":true,"href":"https:\/\/kalniaus-sodyba.lt\/en\/wp-json\/wp\/v2\/product_brand?post=2187"},{"taxonomy":"product_cat","embeddable":true,"href":"https:\/\/kalniaus-sodyba.lt\/en\/wp-json\/wp\/v2\/product_cat?post=2187"},{"taxonomy":"product_tag","embeddable":true,"href":"https:\/\/kalniaus-sodyba.lt\/en\/wp-json\/wp\/v2\/product_tag?post=2187"},{"taxonomy":"giftcard-category","embeddable":true,"href":"https:\/\/kalniaus-sodyba.lt\/en\/wp-json\/wp\/v2\/giftcard-category?post=2187"}],"curies":[{"name":"wp","href":"https:\/\/api.w.org\/{rel}","templated":true}]}}