{"id":53526,"date":"2025-09-19T15:15:47","date_gmt":"2025-09-19T12:15:47","guid":{"rendered":"https:\/\/kalniaus-sodyba.lt\/?page_id=53526"},"modified":"2025-09-19T16:06:59","modified_gmt":"2025-09-19T13:06:59","slug":"pirties-ritualai","status":"publish","type":"page","link":"https:\/\/kalniaus-sodyba.lt\/en\/pirties-ritualai\/","title":{"rendered":"Pirties ritualai"},"content":{"rendered":"<div class=\"wpb-content-wrapper\">[vc_row et_full_width=&#8221;true&#8221; full_height=&#8221;yes&#8221; css=&#8221;.vc_custom_1758286481218{background-image: url(https:\/\/kalniaus-sodyba.lt\/wp-content\/uploads\/2023\/08\/IMG_2176-e1722088235935.jpg?id=49522) !important;background-position: center !important;background-repeat: no-repeat !important;background-size: cover !important;}&#8221;][vc_column et_column_color=&#8221;et-light-column&#8221; css=&#8221;.vc_custom_1722170529938{margin-top: 10vh !important;}&#8221;][vc_custom_heading text=&#8221;Pirties ritualai&#8221; font_container=&#8221;tag:h1|font_size:140px|text_align:left|line_height:1.3&#8243; use_theme_fonts=&#8221;yes&#8221; css=&#8221;.vc_custom_1758286741576{padding-left: 7vw !important;}&#8221; el_class=&#8221;custom-fade-in-up-animation voo-h1&#8243;][vc_custom_heading text=&#8221;\u0160iluma ir ramyb\u0117 prie e\u017eero&#8221; font_container=&#8221;tag:h4|text_align:left&#8221; google_fonts=&#8221;font_family:Roboto%3A100%2C100italic%2C300%2C300italic%2Cregular%2Citalic%2C500%2C500italic%2C700%2C700italic%2C900%2C900italic|font_style:400%20regular%3A400%3Anormal&#8221; css=&#8221;.vc_custom_1758284395275{padding-top: 0px !important;padding-left: 7vw !important;}&#8221; el_class=&#8221;custom-fade-in-up-animation voo-h4&#8243;][\/vc_column][\/vc_row][vc_row et_full_width=&#8221;true&#8221; el_class=&#8221;gradient-background custom-fade-in-up-animation&#8221; css=&#8221;.vc_custom_1722179792603{padding-right: 8vw !important;}&#8221;][vc_column css=&#8221;.vc_custom_1722173271427{background-color: #ffffff !important;}&#8221;][vc_text_separator title=&#8221;Kaitra ir gaiva&#8221; color=&#8221;black&#8221; css=&#8221;.vc_custom_1758285124521{padding-top: 15vh !important;}&#8221; el_class=&#8221;custom-fade-in-up-animation row-block-title-separator&#8221;][vc_custom_heading text=&#8221;\u010cia rasi laik\u0105 SAU&#8221; font_container=&#8221;tag:h4|font_size:30px|text_align:center|line_height:50px&#8221; use_theme_fonts=&#8221;yes&#8221; css_animation=&#8221;none&#8221; css=&#8221;.vc_custom_1758285169763{padding-top: 1vh !important;padding-bottom: 4vh !important;}&#8221; el_class=&#8221;custom-fade-in-up-animation row-block-title-label-h4&#8243;][vc_column_text css=&#8221;.vc_custom_1758285152882{padding-bottom: 15vh !important;}&#8221; el_class=&#8221;custom-fade-in-up-animation row-block-title-label-paragraph&#8221;]\n<div style=\"text-align: center;\">\n<p data-start=\"339\" data-end=\"728\">Viduryje gamtos, prie e\u017eero, stovi ypatinga <strong data-start=\"383\" data-end=\"399\">jurta-pirtis<\/strong>, sukurta i\u0161 nat\u016bralaus avies veltinio. Tai ne tik pirtis \u2013 tai \u0161ilumos, tylos ir tikrumo \u0161ventov\u0117, kurioje k\u016bnas ir siela atsigauna.<br data-start=\"532\" data-end=\"535\" \/>Avies veltinis saugo \u0161ilum\u0105 ir kv\u0117puoja kartu su jumis \u2013 kaitra \u0161velni, jauki ir gydanti. Viduje \u2013 nat\u016bral\u016bs pavir\u0161iai, tyliai garuojantys akmenys, o po pirties \u2013 e\u017eero v\u0117sa ir gamtos ramyb\u0117.<\/p>\n<p data-start=\"730\" data-end=\"820\">\u010cia j\u016bs\u0173 laukia ne prabanga, o tikra, gyva patirtis, sukurianti nepamir\u0161tamus \u012fsp\u016bd\u017eius.<\/p>\n<\/div>\n[\/vc_column_text][vc_row_inner et_column_align=&#8221;align-center&#8221;][vc_column_inner width=&#8221;1\/2&#8243; css=&#8221;.vc_custom_1722173442896{margin-top: 20vh !important;margin-bottom: 15vh !important;}&#8221;]\r\n\t\t<div class=\"et-banner-69d75d1ba4787 et-banner content-full  image-type-fluid text-color-light hover-effect hover-zoom \" ><img loading=\"lazy\" decoding=\"async\" width=\"2010\" height=\"1340\" src=\"https:\/\/kalniaus-sodyba.lt\/wp-content\/uploads\/2023\/08\/IMG_2130.jpg\" class=\"et-banner-main-image\" alt=\"\" sizes=\"auto, (max-width: 2010px) 100vw, 2010px\" srcset=\"https:\/\/kalniaus-sodyba.lt\/wp-content\/uploads\/2023\/08\/IMG_2130.jpg 2010w, https:\/\/kalniaus-sodyba.lt\/wp-content\/uploads\/2023\/08\/IMG_2130-900x600.jpg 900w, https:\/\/kalniaus-sodyba.lt\/wp-content\/uploads\/2023\/08\/IMG_2130-300x200.jpg 300w, https:\/\/kalniaus-sodyba.lt\/wp-content\/uploads\/2023\/08\/IMG_2130-1024x683.jpg 1024w, https:\/\/kalniaus-sodyba.lt\/wp-content\/uploads\/2023\/08\/IMG_2130-768x512.jpg 768w, https:\/\/kalniaus-sodyba.lt\/wp-content\/uploads\/2023\/08\/IMG_2130-1536x1024.jpg 1536w\" \/>\r\n\t\t\t<div class=\"et-banner-content\">\r\n\t\t\t\t<div class=\"et-banner-content-inner container\">\r\n\t\t\t\t\t<div class=\"et-banner-text h_center v_center align_left\">\r\n\t\t\t\t\t\t<div class=\"et-banner-text-inner\"><h4 class=\"et-banner-subtitle  color- tag_style\">Prie e\u017eero<\/h4><h2 class=\"et-banner-title color- medium\">Jurta-Pirtis<\/h2><\/div>\r\n\t\t\t\t\t<\/div>\r\n\t\t\t\t<\/div>\r\n\t\t\t<\/div>\r\n\t\t<\/div>[\/vc_column_inner][vc_column_inner width=&#8221;1\/2&#8243; css=&#8221;.vc_custom_1722173453982{margin-top: 10vh !important;margin-bottom: 15vh !important;}&#8221;]\r\n\t\t<div class=\"et-banner-69d75d1ba4c1f et-banner content-full  image-type-fluid text-color-light hover-effect hover-zoom \" ><img loading=\"lazy\" decoding=\"async\" width=\"2560\" height=\"1709\" src=\"https:\/\/kalniaus-sodyba.lt\/wp-content\/uploads\/2023\/06\/IMG_2859-scaled.jpg\" class=\"et-banner-main-image\" alt=\"\" sizes=\"auto, (max-width: 2560px) 100vw, 2560px\" srcset=\"https:\/\/kalniaus-sodyba.lt\/wp-content\/uploads\/2023\/06\/IMG_2859-scaled.jpg 2560w, https:\/\/kalniaus-sodyba.lt\/wp-content\/uploads\/2023\/06\/IMG_2859-scaled-900x601.jpg 900w, https:\/\/kalniaus-sodyba.lt\/wp-content\/uploads\/2023\/06\/IMG_2859-300x200.jpg 300w, https:\/\/kalniaus-sodyba.lt\/wp-content\/uploads\/2023\/06\/IMG_2859-1024x683.jpg 1024w, https:\/\/kalniaus-sodyba.lt\/wp-content\/uploads\/2023\/06\/IMG_2859-768x513.jpg 768w, https:\/\/kalniaus-sodyba.lt\/wp-content\/uploads\/2023\/06\/IMG_2859-1536x1025.jpg 1536w, https:\/\/kalniaus-sodyba.lt\/wp-content\/uploads\/2023\/06\/IMG_2859-2048x1367.jpg 2048w\" \/>\r\n\t\t\t<div class=\"et-banner-content\">\r\n\t\t\t\t<div class=\"et-banner-content-inner container\">\r\n\t\t\t\t\t<div class=\"et-banner-text h_center v_center align_left\">\r\n\t\t\t\t\t\t<div class=\"et-banner-text-inner\"><h4 class=\"et-banner-subtitle  color- tag_style\">\u012estiklintas vaizdas \u012f e\u017eer\u0105<\/h4><h2 class=\"et-banner-title color- large\">Rami poilsio erdv\u0117<\/h2><\/div>\r\n\t\t\t\t\t<\/div>\r\n\t\t\t\t<\/div>\r\n\t\t\t<\/div>\r\n\t\t<\/div>[\/vc_column_inner][\/vc_row_inner][\/vc_column][\/vc_row][vc_row et_full_width=&#8221;true&#8221; el_class=&#8221;gradient-background above-video-row&#8221; css=&#8221;.vc_custom_1722178272803{padding-right: 8vw !important;}&#8221;][vc_column el_class=&#8221;increase-column-z-index&#8221; css=&#8221;.vc_custom_1722179419803{padding-bottom: 15vh !important;background-color: #ffffff !important;}&#8221;][vc_text_separator title=&#8221;PASLAUGOS&#8221; color=&#8221;black&#8221; css=&#8221;.vc_custom_1758286161128{margin-bottom: 0px !important;padding-top: 15vh !important;}&#8221; el_class=&#8221;row-block-title-separator&#8221;][vc_column_text css=&#8221;&#8221;][\/vc_column_text][vc_custom_heading text=&#8221;Bendrieji pirties vakarai&#8221; font_container=&#8221;tag:h4|font_size:30px|text_align:center|line_height:50px&#8221; use_theme_fonts=&#8221;yes&#8221; css_animation=&#8221;none&#8221; css=&#8221;.vc_custom_1758287123070{padding-top: 1vh !important;padding-bottom: 2vh !important;}&#8221; el_class=&#8221;row-block-title-label-h4&#8243;][vc_column_text css=&#8221;.vc_custom_1758286646362{margin-bottom: 0px !important;padding-bottom: 5vh !important;}&#8221; el_class=&#8221;row-block-title-label-paragraph&#8221;]\n<div style=\"text-align: center;\">\n<p style=\"text-align: left;\" data-start=\"570\" data-end=\"879\">Tai atviri pirties ritualai iki 12 \u017emoni\u0173, kuriuos veda pirtininkas. J\u016bs\u0173 laukia trys u\u017e\u0117jimai \u012f garin\u0119 su proced\u016bromis i\u0161 medaus, druskos, \u017eoleli\u0173 aromat\u0173, k\u016bno \u0161veitikli\u0173 ir vant\u0173. Patirt\u012f papildo himalaji\u0161ki dubenys bei gong\u0173 garsai, tarp u\u017e\u0117jim\u0173 \u2013 maudyn\u0117s e\u017eere, arbata ir vaisiai. Trukm\u0117: 2,5\u20133,5 val.<\/p>\n<\/div>\n[\/vc_column_text][vc_custom_heading text=&#8221;Privat\u016bs pirties vakarai&#8221; font_container=&#8221;tag:h4|font_size:30px|text_align:center|line_height:50px&#8221; use_theme_fonts=&#8221;yes&#8221; css_animation=&#8221;none&#8221; css=&#8221;.vc_custom_1758287116001{padding-top: 1vh !important;padding-bottom: 2vh !important;}&#8221; el_class=&#8221;row-block-title-label-h4&#8243;][vc_column_text css=&#8221;.vc_custom_1758286652575{margin-bottom: 0px !important;padding-bottom: 5vh !important;}&#8221; el_class=&#8221;row-block-title-label-paragraph&#8221;]\n<div style=\"text-align: center;\">\n<p style=\"text-align: left;\" data-start=\"912\" data-end=\"1198\">\u0160i patirtis skirta tik j\u016bs\u0173 grupei iki 12 \u017emoni\u0173. Privat\u0173 vakar\u0105 veda pirtininkas, ritualo metu laukia trys u\u017e\u0117jimai \u012f garin\u0119 su \u012fvairiomis proced\u016bromis, gars\u0173 terapija, maudyn\u0117mis e\u017eere ir arbatos pertraukomis. Tai galimyb\u0117 ramiai pab\u016bti artimiausi\u0173 \u017emoni\u0173 rate. Trukm\u0117: 2,5\u20133,5 val.<\/p>\n<\/div>\n[\/vc_column_text][vc_custom_heading text=&#8221;Garso terapija&#8221; font_container=&#8221;tag:h4|font_size:30px|text_align:center|line_height:50px&#8221; use_theme_fonts=&#8221;yes&#8221; css_animation=&#8221;none&#8221; css=&#8221;.vc_custom_1758287109287{padding-top: 1vh !important;padding-bottom: 2vh !important;}&#8221; el_class=&#8221;row-block-title-label-h4&#8243;][vc_column_text css=&#8221;.vc_custom_1758286670743{margin-bottom: 0px !important;padding-bottom: 5vh !important;}&#8221; el_class=&#8221;row-block-title-label-paragraph&#8221;]\n<div style=\"text-align: center;\">\n<p style=\"text-align: left;\" data-start=\"1221\" data-end=\"1445\">Raminanti gars\u0173 kelion\u0117, kurioje gong\u0173 ir kit\u0173 instrument\u0173 virpesiai padeda atsipalaiduoti, suma\u017einti stres\u0105 ir atrasti vidin\u0119 ramyb\u0119. Tai tarsi meditacija, kai k\u016bnas ir protas atsinaujina, o laikas sustoja. Trukm\u0117: 1 val.<\/p>\n<\/div>\n[\/vc_column_text][vc_btn title=&#8221;Informacija telefonu&#8221; color=&#8221;success&#8221; align=&#8221;center&#8221; css=&#8221;&#8221; link=&#8221;url:tel%3A%2B37060672907|title:Informacija%20telefonu&#8221;][\/vc_column][\/vc_row][vc_row css=&#8221;.vc_custom_1758287216540{margin-bottom: 10vh !important;}&#8221;][vc_column]\t<div id=\"et-image-slider-611\" class=\"et-image-slider slick slick-slider slick-dotted slick-dots-centered centered  overflow-visible \" data-adaptive-height=\"false\" variable-width=\"true\" data-pagination=\"true\" data-navigation=\"true\" data-center=\"\" data-fade=\"\" data-columns=\"3\" data-infinite=\"true\" data-autoplay=\"\" data-autoplay-speed=\"\" data-pause=\"\">\n\t\t\n\t\t\t\t\t<div class=\"gallery-item\">\n\t\t\t\t\t\t\t\t\t\t\t\t\t<div class=\"et-image-inner\">\n\t\t\t\t\t\t\t\t<div class=\"et_image_slider-wrapper\"><img decoding=\"async\" class=\"et_image_slider-img \" src=\"https:\/\/kalniaus-sodyba.lt\/wp-content\/uploads\/2023\/08\/IMG_2176-e1722088235935-667x800.jpg\" width=\"667\" height=\"800\" alt=\"IMG_2176\" title=\"IMG_2176\" loading=\"lazy\" \/><\/div>\t\t\t\t\t\t\t\t\t\t\t\t\t\t\t\t\t\t\t\t\t\t\t<\/div>\n\t\t\t\t\t\t\t\t\t\t\t<\/div>\n\t\t\t\t\n\t\t\t\t\n\t\t\t\t\t<div class=\"gallery-item\">\n\t\t\t\t\t\t\t\t\t\t\t\t\t<div class=\"et-image-inner\">\n\t\t\t\t\t\t\t\t<div class=\"et_image_slider-wrapper\"><img decoding=\"async\" class=\"et_image_slider-img \" src=\"https:\/\/kalniaus-sodyba.lt\/wp-content\/uploads\/2023\/08\/IMG_2199-667x800.jpg\" width=\"667\" height=\"800\" alt=\"IMG_2199\" title=\"IMG_2199\" loading=\"lazy\" \/><\/div>\t\t\t\t\t\t\t\t\t\t\t\t\t\t\t\t\t\t\t\t\t\t\t<\/div>\n\t\t\t\t\t\t\t\t\t\t\t<\/div>\n\t\t\t\t\n\t\t\t\t\n\t\t\t\t\t<div class=\"gallery-item\">\n\t\t\t\t\t\t\t\t\t\t\t\t\t<div class=\"et-image-inner\">\n\t\t\t\t\t\t\t\t<div class=\"et_image_slider-wrapper\"><img decoding=\"async\" class=\"et_image_slider-img \" src=\"https:\/\/kalniaus-sodyba.lt\/wp-content\/uploads\/2023\/08\/IMG_2136-667x800.jpg\" width=\"667\" height=\"800\" alt=\"IMG_2136\" title=\"IMG_2136\" loading=\"lazy\" \/><\/div>\t\t\t\t\t\t\t\t\t\t\t\t\t\t\t\t\t\t\t\t\t\t\t<\/div>\n\t\t\t\t\t\t\t\t\t\t\t<\/div>\n\t\t\t\t\n\t\t\t\t\n\t\t\t\t\t<div class=\"gallery-item\">\n\t\t\t\t\t\t\t\t\t\t\t\t\t<div class=\"et-image-inner\">\n\t\t\t\t\t\t\t\t<div class=\"et_image_slider-wrapper\"><img decoding=\"async\" class=\"et_image_slider-img \" src=\"https:\/\/kalniaus-sodyba.lt\/wp-content\/uploads\/2023\/08\/IMG_2128-667x800.jpg\" width=\"667\" height=\"800\" alt=\"IMG_2128\" title=\"IMG_2128\" loading=\"lazy\" \/><\/div>\t\t\t\t\t\t\t\t\t\t\t\t\t\t\t\t\t\t\t\t\t\t\t<\/div>\n\t\t\t\t\t\t\t\t\t\t\t<\/div>\n\t\t\t\t\n\t\t\t\t\n\t\t\t\t\t<div class=\"gallery-item\">\n\t\t\t\t\t\t\t\t\t\t\t\t\t<div class=\"et-image-inner\">\n\t\t\t\t\t\t\t\t<div class=\"et_image_slider-wrapper\"><img decoding=\"async\" class=\"et_image_slider-img \" src=\"https:\/\/kalniaus-sodyba.lt\/wp-content\/uploads\/2023\/06\/IMG_2858-scaled-667x800.jpg\" width=\"667\" height=\"800\" alt=\"IMG_2858\" title=\"IMG_2858\" loading=\"lazy\" \/><\/div>\t\t\t\t\t\t\t\t\t\t\t\t\t\t\t\t\t\t\t\t\t\t\t<\/div>\n\t\t\t\t\t\t\t\t\t\t\t<\/div>\n\t\t\t\t\n\t\t\t\t\n\t\t\t\t\t<div class=\"gallery-item\">\n\t\t\t\t\t\t\t\t\t\t\t\t\t<div class=\"et-image-inner\">\n\t\t\t\t\t\t\t\t<div class=\"et_image_slider-wrapper\"><img decoding=\"async\" class=\"et_image_slider-img \" src=\"https:\/\/kalniaus-sodyba.lt\/wp-content\/uploads\/2023\/06\/IMG_2859-scaled-667x800.jpg\" width=\"667\" height=\"800\" alt=\"IMG_2859\" title=\"IMG_2859\" loading=\"lazy\" \/><\/div>\t\t\t\t\t\t\t\t\t\t\t\t\t\t\t\t\t\t\t\t\t\t\t<\/div>\n\t\t\t\t\t\t\t\t\t\t\t<\/div>\n\t\t\t\t\n\t\t\t\t\t<\/div>\n\t[\/vc_column][\/vc_row]\n<\/div>","protected":false},"excerpt":{"rendered":"<p>[vc_row et_full_width=&#8221;true&#8221; full_height=&#8221;yes&#8221; css=&#8221;.vc_custom_1758286481218{background-image: url(https:\/\/kalniaus-sodyba.lt\/wp-content\/uploads\/2023\/08\/IMG_2176-e1722088235935.jpg?id=49522) !important;background-position: center !important;background-repeat: no-repeat !important;background-size: cover !important;}&#8221;][vc_column et_column_color=&#8221;et-light-column&#8221; css=&#8221;.vc_custom_1722170529938{margin-top: 10vh !important;}&#8221;][vc_custom_heading text=&#8221;Pirties ritualai&#8221; font_container=&#8221;tag:h1|font_size:140px|text_align:left|line_height:1.3&#8243; use_theme_fonts=&#8221;yes&#8221; css=&#8221;.vc_custom_1758286741576{padding-left: 7vw !important;}&#8221; el_class=&#8221;custom-fade-in-up-animation voo-h1&#8243;][vc_custom_heading text=&#8221;\u0160iluma ir ramyb\u0117 prie e\u017eero&#8221; font_container=&#8221;tag:h4|text_align:left&#8221; google_fonts=&#8221;font_family:Roboto%3A100%2C100italic%2C300%2C300italic%2Cregular%2Citalic%2C500%2C500italic%2C700%2C700italic%2C900%2C900italic|font_style:400%20regular%3A400%3Anormal&#8221; css=&#8221;.vc_custom_1758284395275{padding-top: 0px !important;padding-left: 7vw !important;}&#8221; el_class=&#8221;custom-fade-in-up-animation voo-h4&#8243;][\/vc_column][\/vc_row][vc_row et_full_width=&#8221;true&#8221; el_class=&#8221;gradient-background custom-fade-in-up-animation&#8221; css=&#8221;.vc_custom_1722179792603{padding-right: 8vw !important;}&#8221;][vc_column css=&#8221;.vc_custom_1722173271427{background-color: #ffffff !important;}&#8221;][vc_text_separator title=&#8221;Kaitra ir [&hellip;]<\/p>\n","protected":false},"author":1,"featured_media":52787,"parent":0,"menu_order":0,"comment_status":"closed","ping_status":"closed","template":"","meta":{"footnotes":""},"class_list":["post-53526","page","type-page","status-publish","has-post-thumbnail","hentry"],"translation":{"provider":"WPGlobus","version":"3.0.1","language":"en","enabled_languages":["lt","en","ru"],"languages":{"lt":{"title":true,"content":true,"excerpt":false},"en":{"title":false,"content":false,"excerpt":false},"ru":{"title":false,"content":false,"excerpt":false}}},"yoast_head":"<!-- This site is optimized with the Yoast SEO plugin v26.6 - https:\/\/yoast.com\/wordpress\/plugins\/seo\/ -->\n<title>Pirties ritualai - Kalnius Homestead<\/title>\n<meta name=\"robots\" content=\"index, follow, max-snippet:-1, max-image-preview:large, max-video-preview:-1\" \/>\n<link rel=\"canonical\" href=\"https:\/\/kalniaus-sodyba.lt\/pirties-ritualai\/\" \/>\n<meta property=\"og:locale\" content=\"en_US\" \/>\n<meta property=\"og:type\" content=\"article\" \/>\n<meta property=\"og:title\" content=\"Pirties ritualai - Kalnius Homestead\" \/>\n<meta property=\"og:url\" content=\"https:\/\/kalniaus-sodyba.lt\/pirties-ritualai\/\" \/>\n<meta property=\"og:site_name\" content=\"Kalnius Homestead\" \/>\n<meta property=\"article:modified_time\" content=\"2025-09-19T13:06:59+00:00\" \/>\n<meta property=\"og:image\" content=\"https:\/\/kalniaus-sodyba.lt\/wp-content\/uploads\/2024\/07\/308062780_779885039658474_8765109295862295375_n.jpg\" \/>\n\t<meta property=\"og:image:width\" content=\"1451\" \/>\n\t<meta property=\"og:image:height\" content=\"1451\" \/>\n\t<meta property=\"og:image:type\" content=\"image\/jpeg\" \/>\n<meta name=\"twitter:card\" content=\"summary_large_image\" \/>\n<meta name=\"twitter:label1\" content=\"Est. reading time\" \/>\n\t<meta name=\"twitter:data1\" content=\"2 minutes\" \/>\n<script type=\"application\/ld+json\" class=\"yoast-schema-graph\">{\"@context\":\"https:\/\/schema.org\",\"@graph\":[{\"@type\":\"WebPage\",\"@id\":\"https:\/\/kalniaus-sodyba.lt\/pirties-ritualai\/\",\"url\":\"https:\/\/kalniaus-sodyba.lt\/pirties-ritualai\/\",\"name\":\"Pirties ritualai - Kalnius Homestead\",\"isPartOf\":{\"@id\":\"https:\/\/kalniaus-sodyba.lt\/#website\"},\"primaryImageOfPage\":{\"@id\":\"https:\/\/kalniaus-sodyba.lt\/pirties-ritualai\/#primaryimage\"},\"image\":{\"@id\":\"https:\/\/kalniaus-sodyba.lt\/pirties-ritualai\/#primaryimage\"},\"thumbnailUrl\":\"https:\/\/kalniaus-sodyba.lt\/wp-content\/uploads\/2024\/07\/308062780_779885039658474_8765109295862295375_n.jpg\",\"datePublished\":\"2025-09-19T12:15:47+00:00\",\"dateModified\":\"2025-09-19T13:06:59+00:00\",\"breadcrumb\":{\"@id\":\"https:\/\/kalniaus-sodyba.lt\/pirties-ritualai\/#breadcrumb\"},\"inLanguage\":\"en-US\",\"potentialAction\":[{\"@type\":\"ReadAction\",\"target\":[\"https:\/\/kalniaus-sodyba.lt\/pirties-ritualai\/\"]}]},{\"@type\":\"ImageObject\",\"inLanguage\":\"en-US\",\"@id\":\"https:\/\/kalniaus-sodyba.lt\/pirties-ritualai\/#primaryimage\",\"url\":\"https:\/\/kalniaus-sodyba.lt\/wp-content\/uploads\/2024\/07\/308062780_779885039658474_8765109295862295375_n.jpg\",\"contentUrl\":\"https:\/\/kalniaus-sodyba.lt\/wp-content\/uploads\/2024\/07\/308062780_779885039658474_8765109295862295375_n.jpg\",\"width\":1451,\"height\":1451},{\"@type\":\"BreadcrumbList\",\"@id\":\"https:\/\/kalniaus-sodyba.lt\/pirties-ritualai\/#breadcrumb\",\"itemListElement\":[{\"@type\":\"ListItem\",\"position\":1,\"name\":\"Home\",\"item\":\"https:\/\/kalniaus-sodyba.lt\/\"},{\"@type\":\"ListItem\",\"position\":2,\"name\":\"Pirties ritualai\"}]},{\"@type\":\"WebSite\",\"@id\":\"https:\/\/kalniaus-sodyba.lt\/#website\",\"url\":\"https:\/\/kalniaus-sodyba.lt\/\",\"name\":\"Kalnius Homestead\",\"description\":\"Rest by the lake\",\"potentialAction\":[{\"@type\":\"SearchAction\",\"target\":{\"@type\":\"EntryPoint\",\"urlTemplate\":\"https:\/\/kalniaus-sodyba.lt\/?s={search_term_string}\"},\"query-input\":{\"@type\":\"PropertyValueSpecification\",\"valueRequired\":true,\"valueName\":\"search_term_string\"}}],\"inLanguage\":\"en-US\"}]}<\/script>\n<!-- \/ Yoast SEO plugin. -->","yoast_head_json":{"title":"Pirties ritualai - Kalnius Homestead","robots":{"index":"index","follow":"follow","max-snippet":"max-snippet:-1","max-image-preview":"max-image-preview:large","max-video-preview":"max-video-preview:-1"},"canonical":"https:\/\/kalniaus-sodyba.lt\/pirties-ritualai\/","og_locale":"en_US","og_type":"article","og_title":"Pirties ritualai - Kalnius Homestead","og_url":"https:\/\/kalniaus-sodyba.lt\/pirties-ritualai\/","og_site_name":"Kalnius Homestead","article_modified_time":"2025-09-19T13:06:59+00:00","og_image":[{"width":1451,"height":1451,"url":"https:\/\/kalniaus-sodyba.lt\/wp-content\/uploads\/2024\/07\/308062780_779885039658474_8765109295862295375_n.jpg","type":"image\/jpeg"}],"twitter_card":"summary_large_image","twitter_misc":{"Est. reading time":"2 minutes"},"schema":{"@context":"https:\/\/schema.org","@graph":[{"@type":"WebPage","@id":"https:\/\/kalniaus-sodyba.lt\/pirties-ritualai\/","url":"https:\/\/kalniaus-sodyba.lt\/pirties-ritualai\/","name":"Pirties ritualai - Kalnius Homestead","isPartOf":{"@id":"https:\/\/kalniaus-sodyba.lt\/#website"},"primaryImageOfPage":{"@id":"https:\/\/kalniaus-sodyba.lt\/pirties-ritualai\/#primaryimage"},"image":{"@id":"https:\/\/kalniaus-sodyba.lt\/pirties-ritualai\/#primaryimage"},"thumbnailUrl":"https:\/\/kalniaus-sodyba.lt\/wp-content\/uploads\/2024\/07\/308062780_779885039658474_8765109295862295375_n.jpg","datePublished":"2025-09-19T12:15:47+00:00","dateModified":"2025-09-19T13:06:59+00:00","breadcrumb":{"@id":"https:\/\/kalniaus-sodyba.lt\/pirties-ritualai\/#breadcrumb"},"inLanguage":"en-US","potentialAction":[{"@type":"ReadAction","target":["https:\/\/kalniaus-sodyba.lt\/pirties-ritualai\/"]}]},{"@type":"ImageObject","inLanguage":"en-US","@id":"https:\/\/kalniaus-sodyba.lt\/pirties-ritualai\/#primaryimage","url":"https:\/\/kalniaus-sodyba.lt\/wp-content\/uploads\/2024\/07\/308062780_779885039658474_8765109295862295375_n.jpg","contentUrl":"https:\/\/kalniaus-sodyba.lt\/wp-content\/uploads\/2024\/07\/308062780_779885039658474_8765109295862295375_n.jpg","width":1451,"height":1451},{"@type":"BreadcrumbList","@id":"https:\/\/kalniaus-sodyba.lt\/pirties-ritualai\/#breadcrumb","itemListElement":[{"@type":"ListItem","position":1,"name":"Home","item":"https:\/\/kalniaus-sodyba.lt\/"},{"@type":"ListItem","position":2,"name":"Pirties ritualai"}]},{"@type":"WebSite","@id":"https:\/\/kalniaus-sodyba.lt\/#website","url":"https:\/\/kalniaus-sodyba.lt\/","name":"Kalnius Homestead","description":"Rest by the lake","potentialAction":[{"@type":"SearchAction","target":{"@type":"EntryPoint","urlTemplate":"https:\/\/kalniaus-sodyba.lt\/?s={search_term_string}"},"query-input":{"@type":"PropertyValueSpecification","valueRequired":true,"valueName":"search_term_string"}}],"inLanguage":"en-US"}]}},"_links":{"self":[{"href":"https:\/\/kalniaus-sodyba.lt\/en\/wp-json\/wp\/v2\/pages\/53526","targetHints":{"allow":["GET"]}}],"collection":[{"href":"https:\/\/kalniaus-sodyba.lt\/en\/wp-json\/wp\/v2\/pages"}],"about":[{"href":"https:\/\/kalniaus-sodyba.lt\/en\/wp-json\/wp\/v2\/types\/page"}],"author":[{"embeddable":true,"href":"https:\/\/kalniaus-sodyba.lt\/en\/wp-json\/wp\/v2\/users\/1"}],"replies":[{"embeddable":true,"href":"https:\/\/kalniaus-sodyba.lt\/en\/wp-json\/wp\/v2\/comments?post=53526"}],"version-history":[{"count":23,"href":"https:\/\/kalniaus-sodyba.lt\/en\/wp-json\/wp\/v2\/pages\/53526\/revisions"}],"predecessor-version":[{"id":53549,"href":"https:\/\/kalniaus-sodyba.lt\/en\/wp-json\/wp\/v2\/pages\/53526\/revisions\/53549"}],"wp:featuredmedia":[{"embeddable":true,"href":"https:\/\/kalniaus-sodyba.lt\/en\/wp-json\/wp\/v2\/media\/52787"}],"wp:attachment":[{"href":"https:\/\/kalniaus-sodyba.lt\/en\/wp-json\/wp\/v2\/media?parent=53526"}],"curies":[{"name":"wp","href":"https:\/\/api.w.org\/{rel}","templated":true}]}}