{"id":2153,"date":"2019-05-13T09:45:30","date_gmt":"2019-05-13T09:45:30","guid":{"rendered":"http:\/\/funimal.vikitheme.com\/?page_id=2153"},"modified":"2024-08-08T19:17:22","modified_gmt":"2024-08-08T16:17:22","slug":"sauna","status":"publish","type":"page","link":"https:\/\/kalniaus-sodyba.lt\/en\/sauna\/","title":{"rendered":"Veltinio pirtis &#8220;Krivul\u0117&#8221; ir fito sauna med\u017eiuose"},"content":{"rendered":"<div class=\"wpb-content-wrapper\">[vc_row full_width=&#8221;stretch_row&#8221; content_placement=&#8221;middle&#8221; css=&#8221;.vc_custom_1615573896226{padding-top: 100px !important;background-color: #fcfcfc !important;background-position: center !important;background-repeat: no-repeat !important;background-size: cover !important;}&#8221;][vc_column][univer_about_us title=&#8221;Kalniaus Sodyba&#8221; heading=&#8221;Veltinio pirtis &#8220;Krivul\u0117&#8220; ir fito sauna med\u017eiuose&#8221; read_more_txt=&#8221;Rezervuoti&#8221; read_more_url=&#8221;http:\/\/dev.kalniaus-sodyba.lt\/room-list\/&#8221; description=&#8221;Kalniaus sodyba yra puiki vieta pails\u0117ti, atsipalaiduoti ir pasim\u0117gauti pirties ir kar\u0161to kubilo malonumais. Pirtis ir kubilas jums leis atsipalaiduoti po sunkios darbo savait\u0117s, sunkios treniruot\u0117s ar tiesiog leis pab\u0117gti nuo kasdieni\u0173 r\u016bpes\u010di\u0173. Pirtis su du\u0161u, persirengimo kambariu ir tualetu visai \u0161alia e\u017eero. Kalniaus sodyboje \u012frengta ir jurta\u2013pirtis. Maloniai pasi\u0161ildyti galima visus metus: tiek v\u0117sesniais vasaros vakarais, tiek \u017eiem\u0105, kai teritorij\u0105 padengia storas sniego sluoksnis. Ir tai dar ne visos pramogos. Sodybos sve\u010diams si\u016bloma pasim\u0117gauti maudyn\u0117mis kar\u0161tame kubile, bi\u010di\u0173 terapija, pajodin\u0117ti \u017eirgais: mi\u0161ko keliukais arba net prie j\u016bros. Taip pat galima pasiva\u017ein\u0117ti po apylinkes karieta, u\u017esisakyti fotosesij\u0105 su \u017eirgais ar net su jais i\u0161simaudyti e\u017eere. Puiki pramoga tiek romanti\u0161kai nusiteikusioms porel\u0117ms, tiek \u0161eimoms ar draug\u0173 kompanijoms.&#8221;][vc_column_text]Veltinio pirties kainos:<\/p>\n<ul>\n<li>Iki 8 \u017emoni\u0173 4val. 200eur<\/li>\n<li>Papildomas \u017emogus 25eur (talpinama pirtyje iki 12 \u017emoni\u0173. prie\u0161pityje iki 20 \u017emoni\u0173. )<\/li>\n<li>Su pirtininko programa +250eur<\/li>\n<li>Vantos kaina 7eur<\/li>\n<li>Vanojimo kaina 15eur vienam \u017emogui (vanta ne\u012fskai\u010diuota)<\/li>\n<\/ul>\n<p>Fito saunos med\u017eiuose kaina 25eur 1val. vienam \u017emogui. Saunoje vienu metu gali b\u016bti tik vienas \u017emogus.[\/vc_column_text][\/vc_column][\/vc_row][vc_row disable_element=&#8221;yes&#8221; el_class=&#8221;vk-section-distance-top responsive-fix-3&#8243;][vc_column][univer_heading heading=&#8221;Nuoma&#8221; text_align=&#8221;text-center&#8221; box_color_style=&#8221;black-yellow&#8221;][univer_about_us style=&#8221;aboutimg&#8221; heading=&#8221;Pirtis&#8221; img_align=&#8221;right&#8221; price=&#8221;\u20ac75\/ 2 valandos&#8221; read_more_txt=&#8221;Rezervuoti&#8221; read_more_url=&#8221;http:\/\/dev.kalniaus-sodyba.lt\/room-list\/&#8221; custom_class=&#8221;restaurant-page&#8221; heading_sub=&#8221;INTERIOR&#8221; text_strong=&#8221;With over 50 years of experiences. Funimal is best services in interior design &amp; installation&#8221; description=&#8221;Pirties kaina yra 75 eurai u\u017e 2 valandas.<br \/>\nPapildomos valandos kaina: 20 eur\u0173.&#8221; about_img=&#8221;4614&#8243;][univer_about_us style=&#8221;aboutimg&#8221; heading=&#8221;Kubilas&#8221; price=&#8221;\u20ac100\/ 4 valandos&#8221; read_more_txt=&#8221;Rezervuoti&#8221; read_more_url=&#8221;http:\/\/dev.kalniaus-sodyba.lt\/room-list\/&#8221; custom_class=&#8221;restaurant-page&#8221; heading_sub=&#8221;INTERIOR&#8221; text_strong=&#8221;With over 50 years of experiences. Funimal is best services in interior design &amp; installation&#8221; about_img=&#8221;4616&#8243;][\/vc_column][\/vc_row][vc_row equal_height=&#8221;yes&#8221; content_placement=&#8221;top&#8221; el_class=&#8221;page-spa-s2&#8243;][vc_column offset=&#8221;vc_hidden-md vc_hidden-sm vc_hidden-xs&#8221;][univer_vc_images_gallery type=&#8221;image_grid&#8221; slider=&#8221;true&#8221; show_dots=&#8221;yes&#8221; margin=&#8221;1080&#215;1080&#8243; images=&#8221;49521,49514,49517,49518,4617,49523,49520,49519,49522,49516,49515&#8243; img_size=&#8221;2016&#215;1080&#8243; navigation=&#8221;true&#8221;][\/vc_column][\/vc_row][vc_row equal_height=&#8221;yes&#8221; content_placement=&#8221;top&#8221; el_class=&#8221;page-spa-s2&#8243;][vc_column offset=&#8221;vc_hidden-lg&#8221;][univer_vc_images_gallery type=&#8221;image_grid&#8221; columns=&#8221;1&#8243; slider=&#8221;true&#8221; col_tablet=&#8221;1&#8243; col_mobile=&#8221;1&#8243; margin=&#8221;1080&#215;1080&#8243; images=&#8221;4497,4498,4614,4617,4616&#8243; img_size=&#8221;medium&#8221; onclick=&#8221;img_link_large&#8221; navigation=&#8221;true&#8221;][\/vc_column][\/vc_row][vc_row full_width=&#8221;stretch_row_content_no_spaces&#8221; full_height=&#8221;yes&#8221; equal_height=&#8221;yes&#8221; disable_element=&#8221;yes&#8221;][vc_column][univer_light_gallery style=&#8221;style2&#8243; light_gallery_content=&#8221;%5B%7B%22icon%22%3A%224501%22%7D%2C%7B%22icon%22%3A%224617%22%7D%2C%7B%22icon%22%3A%224616%22%7D%2C%7B%22icon%22%3A%224615%22%7D%2C%7B%22icon%22%3A%224614%22%7D%2C%7B%22icon%22%3A%224503%22%7D%5D&#8221;][\/vc_column][\/vc_row]\n<\/div>","protected":false},"excerpt":{"rendered":"<p>[vc_row full_width=&#8221;stretch_row&#8221; content_placement=&#8221;middle&#8221; css=&#8221;.vc_custom_1615573896226{padding-top: 100px !important;background-color: #fcfcfc !important;background-position: center !important;background-repeat: no-repeat !important;background-size: cover !important;}&#8221;][vc_column][univer_about_us title=&#8221;Kalniaus Sodyba&#8221; heading=&#8221;Veltinio pirtis &#8220;Krivul\u0117&#8220; ir fito sauna med\u017eiuose&#8221; read_more_txt=&#8221;Rezervuoti&#8221; read_more_url=&#8221;http:\/\/dev.kalniaus-sodyba.lt\/room-list\/&#8221; description=&#8221;Kalniaus sodyba yra puiki vieta pails\u0117ti, atsipalaiduoti ir pasim\u0117gauti pirties ir kar\u0161to kubilo malonumais. Pirtis ir kubilas jums leis atsipalaiduoti po sunkios darbo savait\u0117s, sunkios [&hellip;]<\/p>\n","protected":false},"author":1,"featured_media":0,"parent":0,"menu_order":0,"comment_status":"closed","ping_status":"closed","template":"","meta":{"footnotes":""},"class_list":["post-2153","page","type-page","status-publish","hentry"],"translation":{"provider":"WPGlobus","version":"3.0.1","language":"en","enabled_languages":["lt","en","ru"],"languages":{"lt":{"title":true,"content":true,"excerpt":false},"en":{"title":false,"content":false,"excerpt":false},"ru":{"title":false,"content":false,"excerpt":false}}},"yoast_head":"<!-- This site is optimized with the Yoast SEO plugin v26.6 - https:\/\/yoast.com\/wordpress\/plugins\/seo\/ -->\n<title>Veltinio pirtis &quot;Krivul\u0117&quot; ir fito sauna med\u017eiuose - Kalnius Homestead<\/title>\n<meta name=\"robots\" content=\"index, follow, max-snippet:-1, max-image-preview:large, max-video-preview:-1\" \/>\n<link rel=\"canonical\" href=\"https:\/\/kalniaus-sodyba.lt\/sauna\/\" \/>\n<meta property=\"og:locale\" content=\"en_US\" \/>\n<meta property=\"og:type\" content=\"article\" \/>\n<meta property=\"og:title\" content=\"Veltinio pirtis &quot;Krivul\u0117&quot; ir fito sauna med\u017eiuose - Kalnius Homestead\" \/>\n<meta property=\"og:url\" content=\"https:\/\/kalniaus-sodyba.lt\/sauna\/\" \/>\n<meta property=\"og:site_name\" content=\"Kalnius Homestead\" \/>\n<meta property=\"article:modified_time\" content=\"2024-08-08T16:17:22+00:00\" \/>\n<meta name=\"twitter:card\" content=\"summary_large_image\" \/>\n<meta name=\"twitter:label1\" content=\"Est. reading time\" \/>\n\t<meta name=\"twitter:data1\" content=\"2 minutes\" \/>\n<script type=\"application\/ld+json\" class=\"yoast-schema-graph\">{\"@context\":\"https:\/\/schema.org\",\"@graph\":[{\"@type\":\"WebPage\",\"@id\":\"https:\/\/kalniaus-sodyba.lt\/sauna\/\",\"url\":\"https:\/\/kalniaus-sodyba.lt\/sauna\/\",\"name\":\"Veltinio pirtis \\\"Krivul\u0117\\\" ir fito sauna med\u017eiuose - Kalnius Homestead\",\"isPartOf\":{\"@id\":\"https:\/\/kalniaus-sodyba.lt\/#website\"},\"datePublished\":\"2019-05-13T09:45:30+00:00\",\"dateModified\":\"2024-08-08T16:17:22+00:00\",\"breadcrumb\":{\"@id\":\"https:\/\/kalniaus-sodyba.lt\/sauna\/#breadcrumb\"},\"inLanguage\":\"en-US\",\"potentialAction\":[{\"@type\":\"ReadAction\",\"target\":[\"https:\/\/kalniaus-sodyba.lt\/sauna\/\"]}]},{\"@type\":\"BreadcrumbList\",\"@id\":\"https:\/\/kalniaus-sodyba.lt\/sauna\/#breadcrumb\",\"itemListElement\":[{\"@type\":\"ListItem\",\"position\":1,\"name\":\"Home\",\"item\":\"https:\/\/kalniaus-sodyba.lt\/\"},{\"@type\":\"ListItem\",\"position\":2,\"name\":\"Veltinio pirtis &#8220;Krivul\u0117&#8221; ir fito sauna med\u017eiuose\"}]},{\"@type\":\"WebSite\",\"@id\":\"https:\/\/kalniaus-sodyba.lt\/#website\",\"url\":\"https:\/\/kalniaus-sodyba.lt\/\",\"name\":\"Kalnius Homestead\",\"description\":\"Rest by the lake\",\"potentialAction\":[{\"@type\":\"SearchAction\",\"target\":{\"@type\":\"EntryPoint\",\"urlTemplate\":\"https:\/\/kalniaus-sodyba.lt\/?s={search_term_string}\"},\"query-input\":{\"@type\":\"PropertyValueSpecification\",\"valueRequired\":true,\"valueName\":\"search_term_string\"}}],\"inLanguage\":\"en-US\"}]}<\/script>\n<!-- \/ Yoast SEO plugin. -->","yoast_head_json":{"title":"Veltinio pirtis \"Krivul\u0117\" ir fito sauna med\u017eiuose - Kalnius Homestead","robots":{"index":"index","follow":"follow","max-snippet":"max-snippet:-1","max-image-preview":"max-image-preview:large","max-video-preview":"max-video-preview:-1"},"canonical":"https:\/\/kalniaus-sodyba.lt\/sauna\/","og_locale":"en_US","og_type":"article","og_title":"Veltinio pirtis \"Krivul\u0117\" ir fito sauna med\u017eiuose - Kalnius Homestead","og_url":"https:\/\/kalniaus-sodyba.lt\/sauna\/","og_site_name":"Kalnius Homestead","article_modified_time":"2024-08-08T16:17:22+00:00","twitter_card":"summary_large_image","twitter_misc":{"Est. reading time":"2 minutes"},"schema":{"@context":"https:\/\/schema.org","@graph":[{"@type":"WebPage","@id":"https:\/\/kalniaus-sodyba.lt\/sauna\/","url":"https:\/\/kalniaus-sodyba.lt\/sauna\/","name":"Veltinio pirtis \"Krivul\u0117\" ir fito sauna med\u017eiuose - Kalnius Homestead","isPartOf":{"@id":"https:\/\/kalniaus-sodyba.lt\/#website"},"datePublished":"2019-05-13T09:45:30+00:00","dateModified":"2024-08-08T16:17:22+00:00","breadcrumb":{"@id":"https:\/\/kalniaus-sodyba.lt\/sauna\/#breadcrumb"},"inLanguage":"en-US","potentialAction":[{"@type":"ReadAction","target":["https:\/\/kalniaus-sodyba.lt\/sauna\/"]}]},{"@type":"BreadcrumbList","@id":"https:\/\/kalniaus-sodyba.lt\/sauna\/#breadcrumb","itemListElement":[{"@type":"ListItem","position":1,"name":"Home","item":"https:\/\/kalniaus-sodyba.lt\/"},{"@type":"ListItem","position":2,"name":"Veltinio pirtis &#8220;Krivul\u0117&#8221; ir fito sauna med\u017eiuose"}]},{"@type":"WebSite","@id":"https:\/\/kalniaus-sodyba.lt\/#website","url":"https:\/\/kalniaus-sodyba.lt\/","name":"Kalnius Homestead","description":"Rest by the lake","potentialAction":[{"@type":"SearchAction","target":{"@type":"EntryPoint","urlTemplate":"https:\/\/kalniaus-sodyba.lt\/?s={search_term_string}"},"query-input":{"@type":"PropertyValueSpecification","valueRequired":true,"valueName":"search_term_string"}}],"inLanguage":"en-US"}]}},"_links":{"self":[{"href":"https:\/\/kalniaus-sodyba.lt\/en\/wp-json\/wp\/v2\/pages\/2153","targetHints":{"allow":["GET"]}}],"collection":[{"href":"https:\/\/kalniaus-sodyba.lt\/en\/wp-json\/wp\/v2\/pages"}],"about":[{"href":"https:\/\/kalniaus-sodyba.lt\/en\/wp-json\/wp\/v2\/types\/page"}],"author":[{"embeddable":true,"href":"https:\/\/kalniaus-sodyba.lt\/en\/wp-json\/wp\/v2\/users\/1"}],"replies":[{"embeddable":true,"href":"https:\/\/kalniaus-sodyba.lt\/en\/wp-json\/wp\/v2\/comments?post=2153"}],"version-history":[{"count":77,"href":"https:\/\/kalniaus-sodyba.lt\/en\/wp-json\/wp\/v2\/pages\/2153\/revisions"}],"predecessor-version":[{"id":51994,"href":"https:\/\/kalniaus-sodyba.lt\/en\/wp-json\/wp\/v2\/pages\/2153\/revisions\/51994"}],"wp:attachment":[{"href":"https:\/\/kalniaus-sodyba.lt\/en\/wp-json\/wp\/v2\/media?parent=2153"}],"curies":[{"name":"wp","href":"https:\/\/api.w.org\/{rel}","templated":true}]}}